{"id":788,"date":"2020-07-25T17:03:39","date_gmt":"2020-07-25T15:03:39","guid":{"rendered":"https:\/\/blocho.se\/?post_type=product&#038;p=788"},"modified":"2020-12-11T09:46:03","modified_gmt":"2020-12-11T08:46:03","slug":"tallrik-rund-med-guldrand-265cm","status":"publish","type":"product","link":"https:\/\/blocho.se\/en\/produkt\/tallrik-rund-med-guldrand-265cm\/","title":{"rendered":"Plate round with gold stripe 26.5 cm"},"content":{"rendered":"<h2 style=\"text-align: center;\">About Plate round with gold stripe 26.5 cm<\/h2>\n<p style=\"text-align: center;\">Dinner plate with beautiful gold stripe that enhances the impression. Suitable for fine dining restaurants and a castle environment.<\/p>\n<div id=\"gtx-trans\" style=\"position: absolute; left: 509px; top: 61.9062px;\">\n<div class=\"gtx-trans-icon\"><\/div>\n<\/div>\n","protected":false},"excerpt":{"rendered":"<p>Dinner plate with beautiful gold stripe that enhances the impression. Suitable for fine dining restaurants and a castle environment.<\/p>\n<p>Brand: <strong>Blocho<\/strong><br \/>\nNumber of articles per package: <strong>12 pcs<\/strong><br \/>\nStackable: <strong>Yes<br \/>\n<\/strong>Concept:<strong> Anniversery &#038; wedding<\/strong><\/p>\n<p>Microwave safe, dishwasher safe, freezer safe.<\/p>\n","protected":false},"featured_media":789,"template":"","meta":[],"yoast_head":"<!-- This site is optimized with the Yoast SEO plugin v14.7 - https:\/\/yoast.com\/wordpress\/plugins\/seo\/ -->\n<title>Plate round with gold stripe 26.5 cm - Blocho<\/title>\n<meta name=\"description\" content=\"Mattallrik 26,5 cm med vacker guldrand som f\u00f6rh\u00f6jer intrycket. Passar b\u00e5de fine dining restauranger och slottsmilj\u00f6.\" \/>\n<meta name=\"robots\" content=\"index, follow\" \/>\n<meta name=\"googlebot\" content=\"index, follow, max-snippet:-1, max-image-preview:large, max-video-preview:-1\" \/>\n<meta name=\"bingbot\" content=\"index, follow, max-snippet:-1, max-image-preview:large, max-video-preview:-1\" \/>\n<link rel=\"canonical\" href=\"https:\/\/blocho.se\/produkt\/tallrik-rund-med-guldrand-265cm\/\" \/>\n<meta property=\"og:locale\" content=\"en_GB\" \/>\n<meta property=\"og:type\" content=\"article\" \/>\n<meta property=\"og:title\" content=\"Plate round with gold stripe 26.5 cm\" \/>\n<meta property=\"og:description\" content=\"Mattallrik 26,5 cm med vacker guldrand som f\u00f6rh\u00f6jer intrycket. Passar b\u00e5de fine dining restauranger och slottsmilj\u00f6.\" \/>\n<meta property=\"og:url\" content=\"https:\/\/blocho.se\/produkt\/tallrik-rund-med-guldrand-265cm\/\" \/>\n<meta property=\"og:site_name\" content=\"Blocho\" \/>\n<meta property=\"article:modified_time\" content=\"2020-12-11T08:46:03+00:00\" \/>\n<meta property=\"og:image\" content=\"https:\/\/blocho.se\/wp-content\/uploads\/2020\/07\/3386751N.jpg\" \/>\n\t<meta property=\"og:image:width\" content=\"750\" \/>\n\t<meta property=\"og:image:height\" content=\"750\" \/>\n<meta name=\"twitter:card\" content=\"summary_large_image\" \/>\n<script type=\"application\/ld+json\" class=\"yoast-schema-graph\">{\"@context\":\"https:\/\/schema.org\",\"@graph\":[{\"@type\":\"WebSite\",\"@id\":\"https:\/\/blocho.se\/en\/#website\",\"url\":\"https:\/\/blocho.se\/en\/\",\"name\":\"Blocho\",\"description\":\"\",\"potentialAction\":[{\"@type\":\"SearchAction\",\"target\":\"https:\/\/blocho.se\/en\/?s={search_term_string}\",\"query-input\":\"required name=search_term_string\"}],\"inLanguage\":\"en-GB\"},{\"@type\":\"ImageObject\",\"@id\":\"https:\/\/blocho.se\/produkt\/tallrik-rund-med-guldrand-265cm\/#primaryimage\",\"inLanguage\":\"en-GB\",\"url\":\"https:\/\/blocho.se\/wp-content\/uploads\/2020\/07\/3386751N.jpg\",\"width\":750,\"height\":750,\"caption\":\"Porslin tallrik guld\"},{\"@type\":\"WebPage\",\"@id\":\"https:\/\/blocho.se\/produkt\/tallrik-rund-med-guldrand-265cm\/#webpage\",\"url\":\"https:\/\/blocho.se\/produkt\/tallrik-rund-med-guldrand-265cm\/\",\"name\":\"[:sv]Tallrik rund med guldrand 26,5cm[:en]Plate round with gold stripe 26.5 cm[:] - Blocho\",\"isPartOf\":{\"@id\":\"https:\/\/blocho.se\/en\/#website\"},\"primaryImageOfPage\":{\"@id\":\"https:\/\/blocho.se\/produkt\/tallrik-rund-med-guldrand-265cm\/#primaryimage\"},\"datePublished\":\"2020-07-25T15:03:39+00:00\",\"dateModified\":\"2020-12-11T08:46:03+00:00\",\"description\":\"Mattallrik 26,5 cm med vacker guldrand som f\\u00f6rh\\u00f6jer intrycket. Passar b\\u00e5de fine dining restauranger och slottsmilj\\u00f6.\",\"inLanguage\":\"en-GB\",\"potentialAction\":[{\"@type\":\"ReadAction\",\"target\":[\"https:\/\/blocho.se\/produkt\/tallrik-rund-med-guldrand-265cm\/\"]}]}]}<\/script>\n<!-- \/ Yoast SEO plugin. -->","_links":{"self":[{"href":"https:\/\/blocho.se\/en\/wp-json\/wp\/v2\/product\/788"}],"collection":[{"href":"https:\/\/blocho.se\/en\/wp-json\/wp\/v2\/product"}],"about":[{"href":"https:\/\/blocho.se\/en\/wp-json\/wp\/v2\/types\/product"}],"wp:featuredmedia":[{"embeddable":true,"href":"https:\/\/blocho.se\/en\/wp-json\/wp\/v2\/media\/789"}],"wp:attachment":[{"href":"https:\/\/blocho.se\/en\/wp-json\/wp\/v2\/media?parent=788"}],"curies":[{"name":"wp","href":"https:\/\/api.w.org\/{rel}","templated":true}]}}