{"id":772,"date":"2020-07-25T15:05:39","date_gmt":"2020-07-25T13:05:39","guid":{"rendered":"https:\/\/blocho.se\/?post_type=product&#038;p=772"},"modified":"2021-01-06T15:02:46","modified_gmt":"2021-01-06T14:02:46","slug":"tallrik-rund-vit-305cm","status":"publish","type":"product","link":"https:\/\/blocho.se\/en\/produkt\/tallrik-rund-vit-305cm\/","title":{"rendered":"Plate round white 30,5cm"},"content":{"rendered":"<h2 style=\"text-align: center;\">About Plate round white 30,5cm<\/h2>\n<p style=\"text-align: center;\">A durable plate that fits perfectly both in fine restaurants as in lunch restaurants.<\/p>\n<div id=\"gtx-trans\" style=\"position: absolute; left: 509px; top: 61.9062px;\">\n<div class=\"gtx-trans-icon\"><\/div>\n<\/div>\n","protected":false},"excerpt":{"rendered":"<p>A durable plate that fits perfectly both in fine restaurants as in lunch restaurants.<\/p>\n<p>Brand: <strong>Blocho<\/strong><br \/>\nNumber of articles per package: <strong>6 pcs<\/strong><br \/>\nStackable: <strong>Yes<\/strong><\/p>\n<p>Microwave safe, dishwasher safe, freezer safe.<\/p>\n","protected":false},"featured_media":773,"template":"","meta":[],"yoast_head":"<!-- This site is optimized with the Yoast SEO plugin v14.7 - https:\/\/yoast.com\/wordpress\/plugins\/seo\/ -->\n<title>Plate round white 30,5cm - Blocho<\/title>\n<meta name=\"description\" content=\"Tallrik rund vit 30,5cm. En t\u00e5lig och slitstark tallrik som passar perfekt b\u00e5de p\u00e5 finare restauranger som i lunchrestauranger.\" \/>\n<meta name=\"robots\" content=\"index, follow\" \/>\n<meta name=\"googlebot\" content=\"index, follow, max-snippet:-1, max-image-preview:large, max-video-preview:-1\" \/>\n<meta name=\"bingbot\" content=\"index, follow, max-snippet:-1, max-image-preview:large, max-video-preview:-1\" \/>\n<link rel=\"canonical\" href=\"https:\/\/blocho.se\/en\/produkt\/tallrik-rund-vit-305cm\/\" \/>\n<meta property=\"og:locale\" content=\"en_GB\" \/>\n<meta property=\"og:type\" content=\"article\" \/>\n<meta property=\"og:title\" content=\"Plate round white 30,5cm\" \/>\n<meta property=\"og:description\" content=\"Tallrik rund vit 30,5cm. En t\u00e5lig och slitstark tallrik som passar perfekt b\u00e5de p\u00e5 finare restauranger som i lunchrestauranger.\" \/>\n<meta property=\"og:url\" content=\"https:\/\/blocho.se\/en\/produkt\/tallrik-rund-vit-305cm\/\" \/>\n<meta property=\"og:site_name\" content=\"Blocho\" \/>\n<meta property=\"article:modified_time\" content=\"2021-01-06T14:02:46+00:00\" \/>\n<meta property=\"og:image\" content=\"https:\/\/blocho.se\/wp-content\/uploads\/2020\/07\/230_231_234_236_328_338_343-1.png\" \/>\n\t<meta property=\"og:image:width\" content=\"2060\" \/>\n\t<meta property=\"og:image:height\" content=\"1960\" \/>\n<meta name=\"twitter:card\" content=\"summary_large_image\" \/>\n<script type=\"application\/ld+json\" class=\"yoast-schema-graph\">{\"@context\":\"https:\/\/schema.org\",\"@graph\":[{\"@type\":\"WebSite\",\"@id\":\"https:\/\/blocho.se\/en\/#website\",\"url\":\"https:\/\/blocho.se\/en\/\",\"name\":\"Blocho\",\"description\":\"\",\"potentialAction\":[{\"@type\":\"SearchAction\",\"target\":\"https:\/\/blocho.se\/en\/?s={search_term_string}\",\"query-input\":\"required name=search_term_string\"}],\"inLanguage\":\"en-GB\"},{\"@type\":\"ImageObject\",\"@id\":\"https:\/\/blocho.se\/en\/produkt\/tallrik-rund-vit-305cm\/#primaryimage\",\"inLanguage\":\"en-GB\",\"url\":\"https:\/\/blocho.se\/wp-content\/uploads\/2020\/07\/230_231_234_236_328_338_343-1.png\",\"width\":2060,\"height\":1960,\"caption\":\"[:sv]Tallrik Kaszub[:]\"},{\"@type\":\"WebPage\",\"@id\":\"https:\/\/blocho.se\/en\/produkt\/tallrik-rund-vit-305cm\/#webpage\",\"url\":\"https:\/\/blocho.se\/en\/produkt\/tallrik-rund-vit-305cm\/\",\"name\":\"[:sv]Tallrik rund vit 30,5cm[:en]Plate round white 30,5cm[:] - Blocho\",\"isPartOf\":{\"@id\":\"https:\/\/blocho.se\/en\/#website\"},\"primaryImageOfPage\":{\"@id\":\"https:\/\/blocho.se\/en\/produkt\/tallrik-rund-vit-305cm\/#primaryimage\"},\"datePublished\":\"2020-07-25T13:05:39+00:00\",\"dateModified\":\"2021-01-06T14:02:46+00:00\",\"description\":\"Tallrik rund vit 30,5cm. En t\\u00e5lig och slitstark tallrik som passar perfekt b\\u00e5de p\\u00e5 finare restauranger som i lunchrestauranger.\",\"inLanguage\":\"en-GB\",\"potentialAction\":[{\"@type\":\"ReadAction\",\"target\":[\"https:\/\/blocho.se\/en\/produkt\/tallrik-rund-vit-305cm\/\"]}]}]}<\/script>\n<!-- \/ Yoast SEO plugin. -->","_links":{"self":[{"href":"https:\/\/blocho.se\/en\/wp-json\/wp\/v2\/product\/772"}],"collection":[{"href":"https:\/\/blocho.se\/en\/wp-json\/wp\/v2\/product"}],"about":[{"href":"https:\/\/blocho.se\/en\/wp-json\/wp\/v2\/types\/product"}],"wp:featuredmedia":[{"embeddable":true,"href":"https:\/\/blocho.se\/en\/wp-json\/wp\/v2\/media\/773"}],"wp:attachment":[{"href":"https:\/\/blocho.se\/en\/wp-json\/wp\/v2\/media?parent=772"}],"curies":[{"name":"wp","href":"https:\/\/api.w.org\/{rel}","templated":true}]}}