{"id":693,"date":"2020-07-25T12:30:22","date_gmt":"2020-07-25T10:30:22","guid":{"rendered":"https:\/\/blocho.se\/?post_type=product&#038;p=693"},"modified":"2025-11-28T16:38:23","modified_gmt":"2025-11-28T15:38:23","slug":"kaffekopp-vit-18cl","status":"publish","type":"product","link":"https:\/\/blocho.se\/en\/produkt\/kaffekopp-vit-18cl\/","title":{"rendered":"Coffee cup white 18cl"},"content":{"rendered":"<h2 style=\"text-align: center;\">About Coffee cup white 18cl<\/h2>\n<p style=\"text-align: center;\">Stackable cup. Especially popular in large dining rooms and buffets.<\/p>\n<div id=\"gtx-trans\" style=\"position: absolute; left: 509px; top: 61.9062px;\">\n<div class=\"gtx-trans-icon\"><\/div>\n<\/div>\n","protected":false},"excerpt":{"rendered":"<p>Stackable cup. Especially popular in large dining rooms and buffets.<\/p>\n<p>Brand: <strong>Blocho<\/strong><br \/>\nNumber of articles per package: <strong>6 pcs<\/strong><br \/>\nStackable: <strong>Yes<br \/>\n<\/strong>Concept: <strong>Lunch, Bigger workplace, Pizza &#038; kebab, Breakfast<br \/>\n<\/strong><\/p>\n<p>Microwave safe, dishwasher safe, freezer safe.<\/p>\n","protected":false},"featured_media":1642,"template":"","meta":[],"yoast_head":"<!-- This site is optimized with the Yoast SEO plugin v14.7 - https:\/\/yoast.com\/wordpress\/plugins\/seo\/ -->\n<title>Coffee cup white 18cl - Blocho<\/title>\n<meta name=\"description\" content=\"Kaffekopp vit som rymmer 18cl. Stapelbar kopp som \u00e4r s\u00e4rskilt popul\u00e4r i stora matsalar och buff\u00e9er. Porslin.\" \/>\n<meta name=\"robots\" content=\"index, follow\" \/>\n<meta name=\"googlebot\" content=\"index, follow, max-snippet:-1, max-image-preview:large, max-video-preview:-1\" \/>\n<meta name=\"bingbot\" content=\"index, follow, max-snippet:-1, max-image-preview:large, max-video-preview:-1\" \/>\n<link rel=\"canonical\" href=\"https:\/\/blocho.se\/produkt\/kaffekopp-vit-18cl\/\" \/>\n<meta property=\"og:locale\" content=\"en_GB\" \/>\n<meta property=\"og:type\" content=\"article\" \/>\n<meta property=\"og:title\" content=\"Coffee cup white 18cl\" \/>\n<meta property=\"og:description\" content=\"Kaffekopp vit som rymmer 18cl. Stapelbar kopp som \u00e4r s\u00e4rskilt popul\u00e4r i stora matsalar och buff\u00e9er. Porslin.\" \/>\n<meta property=\"og:url\" content=\"https:\/\/blocho.se\/produkt\/kaffekopp-vit-18cl\/\" \/>\n<meta property=\"og:site_name\" content=\"Blocho\" \/>\n<meta property=\"article:modified_time\" content=\"2025-11-28T15:38:23+00:00\" \/>\n<meta property=\"og:image\" content=\"https:\/\/blocho.se\/wp-content\/uploads\/2020\/07\/304.png\" \/>\n\t<meta property=\"og:image:width\" content=\"800\" \/>\n\t<meta property=\"og:image:height\" content=\"800\" \/>\n<meta name=\"twitter:card\" content=\"summary_large_image\" \/>\n<script type=\"application\/ld+json\" class=\"yoast-schema-graph\">{\"@context\":\"https:\/\/schema.org\",\"@graph\":[{\"@type\":\"WebSite\",\"@id\":\"https:\/\/blocho.se\/en\/#website\",\"url\":\"https:\/\/blocho.se\/en\/\",\"name\":\"Blocho\",\"description\":\"\",\"potentialAction\":[{\"@type\":\"SearchAction\",\"target\":\"https:\/\/blocho.se\/en\/?s={search_term_string}\",\"query-input\":\"required name=search_term_string\"}],\"inLanguage\":\"en-GB\"},{\"@type\":\"ImageObject\",\"@id\":\"https:\/\/blocho.se\/produkt\/kaffekopp-vit-18cl\/#primaryimage\",\"inLanguage\":\"en-GB\",\"url\":\"https:\/\/blocho.se\/wp-content\/uploads\/2020\/07\/304.png\",\"width\":800,\"height\":800,\"caption\":\"Porslin kaffekopp\"},{\"@type\":\"WebPage\",\"@id\":\"https:\/\/blocho.se\/produkt\/kaffekopp-vit-18cl\/#webpage\",\"url\":\"https:\/\/blocho.se\/produkt\/kaffekopp-vit-18cl\/\",\"name\":\"[:sv]Kaffekopp vit 18cl[:en]Coffee cup white 18cl[:] - Blocho\",\"isPartOf\":{\"@id\":\"https:\/\/blocho.se\/en\/#website\"},\"primaryImageOfPage\":{\"@id\":\"https:\/\/blocho.se\/produkt\/kaffekopp-vit-18cl\/#primaryimage\"},\"datePublished\":\"2020-07-25T10:30:22+00:00\",\"dateModified\":\"2025-11-28T15:38:23+00:00\",\"description\":\"Kaffekopp vit som rymmer 18cl. Stapelbar kopp som \\u00e4r s\\u00e4rskilt popul\\u00e4r i stora matsalar och buff\\u00e9er. Porslin.\",\"inLanguage\":\"en-GB\",\"potentialAction\":[{\"@type\":\"ReadAction\",\"target\":[\"https:\/\/blocho.se\/produkt\/kaffekopp-vit-18cl\/\"]}]}]}<\/script>\n<!-- \/ Yoast SEO plugin. -->","_links":{"self":[{"href":"https:\/\/blocho.se\/en\/wp-json\/wp\/v2\/product\/693"}],"collection":[{"href":"https:\/\/blocho.se\/en\/wp-json\/wp\/v2\/product"}],"about":[{"href":"https:\/\/blocho.se\/en\/wp-json\/wp\/v2\/types\/product"}],"wp:featuredmedia":[{"embeddable":true,"href":"https:\/\/blocho.se\/en\/wp-json\/wp\/v2\/media\/1642"}],"wp:attachment":[{"href":"https:\/\/blocho.se\/en\/wp-json\/wp\/v2\/media?parent=693"}],"curies":[{"name":"wp","href":"https:\/\/api.w.org\/{rel}","templated":true}]}}