{"id":688,"date":"2020-07-25T12:03:56","date_gmt":"2020-07-25T10:03:56","guid":{"rendered":"https:\/\/blocho.se\/?post_type=product&#038;p=688"},"modified":"2025-11-28T16:37:40","modified_gmt":"2025-11-28T15:37:40","slug":"espressokopp-vit-7cl","status":"publish","type":"product","link":"https:\/\/blocho.se\/en\/produkt\/espressokopp-vit-7cl\/","title":{"rendered":"Espresso cup white 7cl"},"content":{"rendered":"<h2 style=\"text-align: center;\">About Espresso cup white 7cl<\/h2>\n<p style=\"text-align: center;\">Classic espresso cup of 7cl and with a rounded inside so it keeps the heat better. Matching saucer 1771.<\/p>\n<div id=\"gtx-trans\" style=\"position: absolute; left: 509px; top: 61.9062px;\">\n<div class=\"gtx-trans-icon\"><\/div>\n<\/div>\n","protected":false},"excerpt":{"rendered":"<p>Classic espresso cup of 7cl and with a rounded inside so it keeps the heat better. Matching saucer 1771.<\/p>\n<p>Brand: <strong>Blocho<\/strong><br \/>\nNumber of articles per package: <strong>24 pcs<\/strong><br \/>\nStackable: <strong>No<br \/>\n<\/strong>Concept:<strong> Caf\u00e9<\/strong><\/p>\n<p>Microwave safe, dishwasher safe, freezer safe.<\/p>\n","protected":false},"featured_media":1643,"template":"","meta":[],"yoast_head":"<!-- This site is optimized with the Yoast SEO plugin v14.7 - https:\/\/yoast.com\/wordpress\/plugins\/seo\/ -->\n<title>Espresso cup white 7cl - Blocho<\/title>\n<meta name=\"description\" content=\"Espressokopp vit 7cl. Klassisk espressokopp p\u00e5 7cl och med rundad insida s\u00e5 den h\u00e5ller v\u00e4rmen b\u00e4ttre. Porslin.\" \/>\n<meta name=\"robots\" content=\"index, follow\" \/>\n<meta name=\"googlebot\" content=\"index, follow, max-snippet:-1, max-image-preview:large, max-video-preview:-1\" \/>\n<meta name=\"bingbot\" content=\"index, follow, max-snippet:-1, max-image-preview:large, max-video-preview:-1\" \/>\n<link rel=\"canonical\" href=\"https:\/\/blocho.se\/en\/produkt\/espressokopp-vit-7cl\/\" \/>\n<meta property=\"og:locale\" content=\"en_GB\" \/>\n<meta property=\"og:type\" content=\"article\" \/>\n<meta property=\"og:title\" content=\"Espresso cup white 7cl\" \/>\n<meta property=\"og:description\" content=\"Espressokopp vit 7cl. Klassisk espressokopp p\u00e5 7cl och med rundad insida s\u00e5 den h\u00e5ller v\u00e4rmen b\u00e4ttre. Porslin.\" \/>\n<meta property=\"og:url\" content=\"https:\/\/blocho.se\/en\/produkt\/espressokopp-vit-7cl\/\" \/>\n<meta property=\"og:site_name\" content=\"Blocho\" \/>\n<meta property=\"article:modified_time\" content=\"2025-11-28T15:37:40+00:00\" \/>\n<meta property=\"og:image\" content=\"https:\/\/blocho.se\/wp-content\/uploads\/2020\/07\/1700.png\" \/>\n\t<meta property=\"og:image:width\" content=\"800\" \/>\n\t<meta property=\"og:image:height\" content=\"800\" \/>\n<meta name=\"twitter:card\" content=\"summary_large_image\" \/>\n<script type=\"application\/ld+json\" class=\"yoast-schema-graph\">{\"@context\":\"https:\/\/schema.org\",\"@graph\":[{\"@type\":\"WebSite\",\"@id\":\"https:\/\/blocho.se\/en\/#website\",\"url\":\"https:\/\/blocho.se\/en\/\",\"name\":\"Blocho\",\"description\":\"\",\"potentialAction\":[{\"@type\":\"SearchAction\",\"target\":\"https:\/\/blocho.se\/en\/?s={search_term_string}\",\"query-input\":\"required name=search_term_string\"}],\"inLanguage\":\"en-GB\"},{\"@type\":\"ImageObject\",\"@id\":\"https:\/\/blocho.se\/en\/produkt\/espressokopp-vit-7cl\/#primaryimage\",\"inLanguage\":\"en-GB\",\"url\":\"https:\/\/blocho.se\/wp-content\/uploads\/2020\/07\/1700.png\",\"width\":800,\"height\":800,\"caption\":\"Porslin espressokopp\"},{\"@type\":\"WebPage\",\"@id\":\"https:\/\/blocho.se\/en\/produkt\/espressokopp-vit-7cl\/#webpage\",\"url\":\"https:\/\/blocho.se\/en\/produkt\/espressokopp-vit-7cl\/\",\"name\":\"[:sv]Espressokopp vit 7cl[:en]Espresso cup white 7cl[:] - Blocho\",\"isPartOf\":{\"@id\":\"https:\/\/blocho.se\/en\/#website\"},\"primaryImageOfPage\":{\"@id\":\"https:\/\/blocho.se\/en\/produkt\/espressokopp-vit-7cl\/#primaryimage\"},\"datePublished\":\"2020-07-25T10:03:56+00:00\",\"dateModified\":\"2025-11-28T15:37:40+00:00\",\"description\":\"Espressokopp vit 7cl. Klassisk espressokopp p\\u00e5 7cl och med rundad insida s\\u00e5 den h\\u00e5ller v\\u00e4rmen b\\u00e4ttre. Porslin.\",\"inLanguage\":\"en-GB\",\"potentialAction\":[{\"@type\":\"ReadAction\",\"target\":[\"https:\/\/blocho.se\/en\/produkt\/espressokopp-vit-7cl\/\"]}]}]}<\/script>\n<!-- \/ Yoast SEO plugin. -->","_links":{"self":[{"href":"https:\/\/blocho.se\/en\/wp-json\/wp\/v2\/product\/688"}],"collection":[{"href":"https:\/\/blocho.se\/en\/wp-json\/wp\/v2\/product"}],"about":[{"href":"https:\/\/blocho.se\/en\/wp-json\/wp\/v2\/types\/product"}],"wp:featuredmedia":[{"embeddable":true,"href":"https:\/\/blocho.se\/en\/wp-json\/wp\/v2\/media\/1643"}],"wp:attachment":[{"href":"https:\/\/blocho.se\/en\/wp-json\/wp\/v2\/media?parent=688"}],"curies":[{"name":"wp","href":"https:\/\/api.w.org\/{rel}","templated":true}]}}