{"id":660,"date":"2020-07-24T15:57:47","date_gmt":"2020-07-24T13:57:47","guid":{"rendered":"https:\/\/blocho.se\/?post_type=product&#038;p=660"},"modified":"2020-10-26T14:41:52","modified_gmt":"2020-10-26T13:41:52","slug":"mugg-utan-ora-rafflad-gra-25cl","status":"publish","type":"product","link":"https:\/\/blocho.se\/en\/produkt\/mugg-utan-ora-rafflad-gra-25cl\/","title":{"rendered":"Mug without handle ribbed grey 25cl"},"content":{"rendered":"<h2 style=\"text-align: center;\">About Mug without handle ribbed grey 25cl<\/h2>\n<p style=\"text-align: center;\">Ribbed gray mug without handle with brown dots and brown stripe.<\/p>\n<div id=\"gtx-trans\" style=\"position: absolute; left: 509px; top: 61.9062px;\">\n<div class=\"gtx-trans-icon\"><\/div>\n<\/div>\n","protected":false},"excerpt":{"rendered":"<p>Ribbed grey mug without handle with brown dots and brown stripe.<\/p>\n<p>Brand: <strong>Blocho<\/strong><br \/>\nNumber of articles per package: <strong>36 pcs<\/strong><br \/>\nStackable: <strong>Yes<\/strong><\/p>\n<p>Microwave safe, dishwasher safe, freezer safe.<\/p>\n","protected":false},"featured_media":899,"template":"","meta":[],"yoast_head":"<!-- This site is optimized with the Yoast SEO plugin v14.7 - https:\/\/yoast.com\/wordpress\/plugins\/seo\/ -->\n<title>Mug without handle ribbed grey 25cl - Blocho<\/title>\n<meta name=\"description\" content=\"Mugg utan \u00f6ra r\u00e4fflad gr\u00e5 25cl. R\u00e4fflad gr\u00e5 mugg utan \u00f6ra med bruna prickar och brun rand. Stapelbar. Porslin.\" \/>\n<meta name=\"robots\" content=\"index, follow\" \/>\n<meta name=\"googlebot\" content=\"index, follow, max-snippet:-1, max-image-preview:large, max-video-preview:-1\" \/>\n<meta name=\"bingbot\" content=\"index, follow, max-snippet:-1, max-image-preview:large, max-video-preview:-1\" \/>\n<link rel=\"canonical\" href=\"https:\/\/blocho.se\/en\/produkt\/mugg-utan-ora-rafflad-gra-25cl\/\" \/>\n<meta property=\"og:locale\" content=\"en_GB\" \/>\n<meta property=\"og:type\" content=\"article\" \/>\n<meta property=\"og:title\" content=\"Mug without handle ribbed grey 25cl\" \/>\n<meta property=\"og:description\" content=\"Mugg utan \u00f6ra r\u00e4fflad gr\u00e5 25cl. R\u00e4fflad gr\u00e5 mugg utan \u00f6ra med bruna prickar och brun rand. Stapelbar. Porslin.\" \/>\n<meta property=\"og:url\" content=\"https:\/\/blocho.se\/en\/produkt\/mugg-utan-ora-rafflad-gra-25cl\/\" \/>\n<meta property=\"og:site_name\" content=\"Blocho\" \/>\n<meta property=\"article:modified_time\" content=\"2020-10-26T13:41:52+00:00\" \/>\n<meta property=\"og:image\" content=\"https:\/\/blocho.se\/wp-content\/uploads\/2020\/07\/62473303.png\" \/>\n\t<meta property=\"og:image:width\" content=\"800\" \/>\n\t<meta property=\"og:image:height\" content=\"800\" \/>\n<meta name=\"twitter:card\" content=\"summary_large_image\" \/>\n<script type=\"application\/ld+json\" class=\"yoast-schema-graph\">{\"@context\":\"https:\/\/schema.org\",\"@graph\":[{\"@type\":\"WebSite\",\"@id\":\"https:\/\/blocho.se\/en\/#website\",\"url\":\"https:\/\/blocho.se\/en\/\",\"name\":\"Blocho\",\"description\":\"\",\"potentialAction\":[{\"@type\":\"SearchAction\",\"target\":\"https:\/\/blocho.se\/en\/?s={search_term_string}\",\"query-input\":\"required name=search_term_string\"}],\"inLanguage\":\"en-GB\"},{\"@type\":\"ImageObject\",\"@id\":\"https:\/\/blocho.se\/en\/produkt\/mugg-utan-ora-rafflad-gra-25cl\/#primaryimage\",\"inLanguage\":\"en-GB\",\"url\":\"https:\/\/blocho.se\/wp-content\/uploads\/2020\/07\/62473303.png\",\"width\":800,\"height\":800,\"caption\":\"Porslin mugg 25cl\"},{\"@type\":\"WebPage\",\"@id\":\"https:\/\/blocho.se\/en\/produkt\/mugg-utan-ora-rafflad-gra-25cl\/#webpage\",\"url\":\"https:\/\/blocho.se\/en\/produkt\/mugg-utan-ora-rafflad-gra-25cl\/\",\"name\":\"[:sv]Mugg utan \\u00f6ra r\\u00e4fflad gr\\u00e5 25cl[:en]Mug without handle ribbed grey 25cl[:] - Blocho\",\"isPartOf\":{\"@id\":\"https:\/\/blocho.se\/en\/#website\"},\"primaryImageOfPage\":{\"@id\":\"https:\/\/blocho.se\/en\/produkt\/mugg-utan-ora-rafflad-gra-25cl\/#primaryimage\"},\"datePublished\":\"2020-07-24T13:57:47+00:00\",\"dateModified\":\"2020-10-26T13:41:52+00:00\",\"description\":\"Mugg utan \\u00f6ra r\\u00e4fflad gr\\u00e5 25cl. R\\u00e4fflad gr\\u00e5 mugg utan \\u00f6ra med bruna prickar och brun rand. Stapelbar. Porslin.\",\"inLanguage\":\"en-GB\",\"potentialAction\":[{\"@type\":\"ReadAction\",\"target\":[\"https:\/\/blocho.se\/en\/produkt\/mugg-utan-ora-rafflad-gra-25cl\/\"]}]}]}<\/script>\n<!-- \/ Yoast SEO plugin. -->","_links":{"self":[{"href":"https:\/\/blocho.se\/en\/wp-json\/wp\/v2\/product\/660"}],"collection":[{"href":"https:\/\/blocho.se\/en\/wp-json\/wp\/v2\/product"}],"about":[{"href":"https:\/\/blocho.se\/en\/wp-json\/wp\/v2\/types\/product"}],"wp:featuredmedia":[{"embeddable":true,"href":"https:\/\/blocho.se\/en\/wp-json\/wp\/v2\/media\/899"}],"wp:attachment":[{"href":"https:\/\/blocho.se\/en\/wp-json\/wp\/v2\/media?parent=660"}],"curies":[{"name":"wp","href":"https:\/\/api.w.org\/{rel}","templated":true}]}}