{"id":651,"date":"2020-07-24T10:17:34","date_gmt":"2020-07-24T08:17:34","guid":{"rendered":"https:\/\/blocho.se\/?post_type=product&#038;p=651"},"modified":"2021-06-11T15:07:12","modified_gmt":"2021-06-11T13:07:12","slug":"mugg-utan-ora-rafflad-vit-25cl","status":"publish","type":"product","link":"https:\/\/blocho.se\/en\/produkt\/mugg-utan-ora-rafflad-vit-25cl\/","title":{"rendered":"Mug without handle ribbed white 25cl"},"content":{"rendered":"<h2 style=\"text-align: center;\">About Mug without handle ribbed white 25cl<\/h2>\n<p style=\"text-align: center;\">Ribbed very popular mug without handle.<\/p>\n<div id=\"gtx-trans\" style=\"position: absolute; left: 509px; top: 61.9062px;\">\n<div class=\"gtx-trans-icon\"><\/div>\n<\/div>\n","protected":false},"excerpt":{"rendered":"<p>Ribbed very popular mug without handle.<\/p>\n<p>Brand: <strong>Blocho<\/strong><br \/>\nNumber of articles per package: <strong>36 pcs<\/strong><br \/>\nStackable: <strong>Yes<br \/>\n<\/strong>Concept:<strong> Caf\u00e9, Pizza &#038; kebab<\/strong><\/p>\n<p>Microwave safe, dishwasher safe, freezer safe.<\/p>\n","protected":false},"featured_media":1296,"template":"","meta":[],"yoast_head":"<!-- This site is optimized with the Yoast SEO plugin v14.7 - https:\/\/yoast.com\/wordpress\/plugins\/seo\/ -->\n<title>Mug without handle ribbed white 25cl - Blocho<\/title>\n<meta name=\"description\" content=\"R\u00e4fflad mycket popul\u00e4r mugg utan \u00f6ra.\" \/>\n<meta name=\"robots\" content=\"index, follow\" \/>\n<meta name=\"googlebot\" content=\"index, follow, max-snippet:-1, max-image-preview:large, max-video-preview:-1\" \/>\n<meta name=\"bingbot\" content=\"index, follow, max-snippet:-1, max-image-preview:large, max-video-preview:-1\" \/>\n<link rel=\"canonical\" href=\"https:\/\/blocho.se\/en\/produkt\/mugg-utan-ora-rafflad-vit-25cl\/\" \/>\n<meta property=\"og:locale\" content=\"en_GB\" \/>\n<meta property=\"og:type\" content=\"article\" \/>\n<meta property=\"og:title\" content=\"Mug without handle ribbed white 25cl\" \/>\n<meta property=\"og:description\" content=\"R\u00e4fflad mycket popul\u00e4r mugg utan \u00f6ra.\" \/>\n<meta property=\"og:url\" content=\"https:\/\/blocho.se\/en\/produkt\/mugg-utan-ora-rafflad-vit-25cl\/\" \/>\n<meta property=\"og:site_name\" content=\"Blocho\" \/>\n<meta property=\"article:modified_time\" content=\"2021-06-11T13:07:12+00:00\" \/>\n<meta property=\"og:image\" content=\"https:\/\/blocho.se\/wp-content\/uploads\/2020\/08\/624.png\" \/>\n\t<meta property=\"og:image:width\" content=\"800\" \/>\n\t<meta property=\"og:image:height\" content=\"800\" \/>\n<meta name=\"twitter:card\" content=\"summary_large_image\" \/>\n<script type=\"application\/ld+json\" class=\"yoast-schema-graph\">{\"@context\":\"https:\/\/schema.org\",\"@graph\":[{\"@type\":\"WebSite\",\"@id\":\"https:\/\/blocho.se\/en\/#website\",\"url\":\"https:\/\/blocho.se\/en\/\",\"name\":\"Blocho\",\"description\":\"\",\"potentialAction\":[{\"@type\":\"SearchAction\",\"target\":\"https:\/\/blocho.se\/en\/?s={search_term_string}\",\"query-input\":\"required name=search_term_string\"}],\"inLanguage\":\"en-GB\"},{\"@type\":\"ImageObject\",\"@id\":\"https:\/\/blocho.se\/en\/produkt\/mugg-utan-ora-rafflad-vit-25cl\/#primaryimage\",\"inLanguage\":\"en-GB\",\"url\":\"https:\/\/blocho.se\/wp-content\/uploads\/2020\/08\/624.png\",\"width\":800,\"height\":800,\"caption\":\"Porslin mugg 25cl\"},{\"@type\":\"WebPage\",\"@id\":\"https:\/\/blocho.se\/en\/produkt\/mugg-utan-ora-rafflad-vit-25cl\/#webpage\",\"url\":\"https:\/\/blocho.se\/en\/produkt\/mugg-utan-ora-rafflad-vit-25cl\/\",\"name\":\"[:sv]Mugg utan \\u00f6ra r\\u00e4fflad vit 25cl[:en]Mug without handle ribbed white 25cl[:] - Blocho\",\"isPartOf\":{\"@id\":\"https:\/\/blocho.se\/en\/#website\"},\"primaryImageOfPage\":{\"@id\":\"https:\/\/blocho.se\/en\/produkt\/mugg-utan-ora-rafflad-vit-25cl\/#primaryimage\"},\"datePublished\":\"2020-07-24T08:17:34+00:00\",\"dateModified\":\"2021-06-11T13:07:12+00:00\",\"description\":\"R\\u00e4fflad mycket popul\\u00e4r mugg utan \\u00f6ra.\",\"inLanguage\":\"en-GB\",\"potentialAction\":[{\"@type\":\"ReadAction\",\"target\":[\"https:\/\/blocho.se\/en\/produkt\/mugg-utan-ora-rafflad-vit-25cl\/\"]}]}]}<\/script>\n<!-- \/ Yoast SEO plugin. -->","_links":{"self":[{"href":"https:\/\/blocho.se\/en\/wp-json\/wp\/v2\/product\/651"}],"collection":[{"href":"https:\/\/blocho.se\/en\/wp-json\/wp\/v2\/product"}],"about":[{"href":"https:\/\/blocho.se\/en\/wp-json\/wp\/v2\/types\/product"}],"wp:featuredmedia":[{"embeddable":true,"href":"https:\/\/blocho.se\/en\/wp-json\/wp\/v2\/media\/1296"}],"wp:attachment":[{"href":"https:\/\/blocho.se\/en\/wp-json\/wp\/v2\/media?parent=651"}],"curies":[{"name":"wp","href":"https:\/\/api.w.org\/{rel}","templated":true}]}}