{"id":645,"date":"2020-07-24T09:38:05","date_gmt":"2020-07-24T07:38:05","guid":{"rendered":"https:\/\/blocho.se\/?post_type=product&#038;p=645"},"modified":"2021-06-11T15:09:42","modified_gmt":"2021-06-11T13:09:42","slug":"mugg-med-ora-vit-20cl","status":"publish","type":"product","link":"https:\/\/blocho.se\/en\/produkt\/mugg-med-ora-vit-20cl\/","title":{"rendered":"Mug with handle white 20 cl"},"content":{"rendered":"<h2 style=\"text-align: center;\">About Mug with handle white 20 cl<\/h2>\n<p style=\"text-align: center;\">Stackable mug with handle, popular both at lunch restaurant and in the office.<\/p>\n<div id=\"gtx-trans\" style=\"position: absolute; left: 509px; top: 61.9062px;\">\n<div class=\"gtx-trans-icon\"><\/div>\n<\/div>\n","protected":false},"excerpt":{"rendered":"<p>Stackable mug with handle, popular both at lunch restaurant and in the office.<\/p>\n<p>Brand: <strong>Blocho<\/strong><br \/>\nNumber of articles per package: <strong>6 pcs<\/strong><br \/>\nStackable: <strong>Yes<br \/>\n<\/strong>Concept:<strong> Bigger workplace, Pizza &#038; kebab<br \/>\n<\/strong><\/p>\n<p>Microwave safe, dishwasher safe, freezer safe.<\/p>\n","protected":false},"featured_media":646,"template":"","meta":[],"yoast_head":"<!-- This site is optimized with the Yoast SEO plugin v14.7 - https:\/\/yoast.com\/wordpress\/plugins\/seo\/ -->\n<title>Mug with handle white 20 cl - Blocho<\/title>\n<meta name=\"description\" content=\"Stapelbar mugg med \u00f6ra, popul\u00e4r b\u00e5de p\u00e5 lunchrestaurang och p\u00e5 kontoret.\" \/>\n<meta name=\"robots\" content=\"index, follow\" \/>\n<meta name=\"googlebot\" content=\"index, follow, max-snippet:-1, max-image-preview:large, max-video-preview:-1\" \/>\n<meta name=\"bingbot\" content=\"index, follow, max-snippet:-1, max-image-preview:large, max-video-preview:-1\" \/>\n<link rel=\"canonical\" href=\"https:\/\/blocho.se\/en\/produkt\/mugg-med-ora-vit-20cl\/\" \/>\n<meta property=\"og:locale\" content=\"en_GB\" \/>\n<meta property=\"og:type\" content=\"article\" \/>\n<meta property=\"og:title\" content=\"Mug with handle white 20 cl\" \/>\n<meta property=\"og:description\" content=\"Stapelbar mugg med \u00f6ra, popul\u00e4r b\u00e5de p\u00e5 lunchrestaurang och p\u00e5 kontoret.\" \/>\n<meta property=\"og:url\" content=\"https:\/\/blocho.se\/en\/produkt\/mugg-med-ora-vit-20cl\/\" \/>\n<meta property=\"og:site_name\" content=\"Blocho\" \/>\n<meta property=\"article:modified_time\" content=\"2021-06-11T13:09:42+00:00\" \/>\n<meta property=\"og:image\" content=\"https:\/\/blocho.se\/wp-content\/uploads\/2020\/07\/655.png\" \/>\n\t<meta property=\"og:image:width\" content=\"1834\" \/>\n\t<meta property=\"og:image:height\" content=\"1870\" \/>\n<meta name=\"twitter:card\" content=\"summary_large_image\" \/>\n<script type=\"application\/ld+json\" class=\"yoast-schema-graph\">{\"@context\":\"https:\/\/schema.org\",\"@graph\":[{\"@type\":\"WebSite\",\"@id\":\"https:\/\/blocho.se\/en\/#website\",\"url\":\"https:\/\/blocho.se\/en\/\",\"name\":\"Blocho\",\"description\":\"\",\"potentialAction\":[{\"@type\":\"SearchAction\",\"target\":\"https:\/\/blocho.se\/en\/?s={search_term_string}\",\"query-input\":\"required name=search_term_string\"}],\"inLanguage\":\"en-GB\"},{\"@type\":\"ImageObject\",\"@id\":\"https:\/\/blocho.se\/en\/produkt\/mugg-med-ora-vit-20cl\/#primaryimage\",\"inLanguage\":\"en-GB\",\"url\":\"https:\/\/blocho.se\/wp-content\/uploads\/2020\/07\/655.png\",\"width\":1834,\"height\":1870,\"caption\":\"Porslin mugg utan \\u00f6ra 20 cl\"},{\"@type\":\"WebPage\",\"@id\":\"https:\/\/blocho.se\/en\/produkt\/mugg-med-ora-vit-20cl\/#webpage\",\"url\":\"https:\/\/blocho.se\/en\/produkt\/mugg-med-ora-vit-20cl\/\",\"name\":\"[:sv]Mugg med \\u00f6ra vit 20cl[:en]Mug with handle white 20 cl[:] - Blocho\",\"isPartOf\":{\"@id\":\"https:\/\/blocho.se\/en\/#website\"},\"primaryImageOfPage\":{\"@id\":\"https:\/\/blocho.se\/en\/produkt\/mugg-med-ora-vit-20cl\/#primaryimage\"},\"datePublished\":\"2020-07-24T07:38:05+00:00\",\"dateModified\":\"2021-06-11T13:09:42+00:00\",\"description\":\"Stapelbar mugg med \\u00f6ra, popul\\u00e4r b\\u00e5de p\\u00e5 lunchrestaurang och p\\u00e5 kontoret.\",\"inLanguage\":\"en-GB\",\"potentialAction\":[{\"@type\":\"ReadAction\",\"target\":[\"https:\/\/blocho.se\/en\/produkt\/mugg-med-ora-vit-20cl\/\"]}]}]}<\/script>\n<!-- \/ Yoast SEO plugin. -->","_links":{"self":[{"href":"https:\/\/blocho.se\/en\/wp-json\/wp\/v2\/product\/645"}],"collection":[{"href":"https:\/\/blocho.se\/en\/wp-json\/wp\/v2\/product"}],"about":[{"href":"https:\/\/blocho.se\/en\/wp-json\/wp\/v2\/types\/product"}],"wp:featuredmedia":[{"embeddable":true,"href":"https:\/\/blocho.se\/en\/wp-json\/wp\/v2\/media\/646"}],"wp:attachment":[{"href":"https:\/\/blocho.se\/en\/wp-json\/wp\/v2\/media?parent=645"}],"curies":[{"name":"wp","href":"https:\/\/api.w.org\/{rel}","templated":true}]}}