{"id":4104,"date":"2025-10-31T15:51:55","date_gmt":"2025-10-31T14:51:55","guid":{"rendered":"https:\/\/blocho.se\/en\/?post_type=product&#038;p=4104"},"modified":"2025-12-12T10:17:05","modified_gmt":"2025-12-12T09:17:05","slug":"mugg-gra-robert-25cl","status":"publish","type":"product","link":"https:\/\/blocho.se\/en\/produkt\/mugg-gra-robert-25cl\/","title":{"rendered":"Mug grey Robert 25cl"},"content":{"rendered":"<h2 style=\"text-align: center;\">About Mug grey Robert 25cl<\/h2>\n<p style=\"text-align: center;\">Stackable grey mug that is perfect for both lunch restaurant and office.<\/p>\n<div id=\"gtx-trans\" style=\"position: absolute; left: 509px; top: 61.9062px;\">\n<div class=\"gtx-trans-icon\"><\/div>\n<\/div>\n","protected":false},"excerpt":{"rendered":"<p>Stackable grey mug that is perfect for both lunch restaurant and office.<\/p>\n<p>Brand: <strong>Blocho<\/strong><br \/>\nNumber of articles per package: <strong>6 pcs<\/strong><br \/>\nStackable: <strong>Yes<br \/>\n<\/strong>Concept:<strong> Breakfast<br \/>\n<\/strong><\/p>\n<p>Microwave safe, dishwasher safe, freezer safe.<\/p>\n","protected":false},"featured_media":4133,"template":"","meta":[],"yoast_head":"<!-- This site is optimized with the Yoast SEO plugin v14.7 - https:\/\/yoast.com\/wordpress\/plugins\/seo\/ -->\n<title>Mug grey Robert 25cl - Blocho<\/title>\n<meta name=\"description\" content=\"Stapelbar gr\u00e5 mugg som passar utm\u00e4rkt till b\u00e5de lunchrestaurangen och kontoret.\" \/>\n<meta name=\"robots\" content=\"index, follow\" \/>\n<meta name=\"googlebot\" content=\"index, follow, max-snippet:-1, max-image-preview:large, max-video-preview:-1\" \/>\n<meta name=\"bingbot\" content=\"index, follow, max-snippet:-1, max-image-preview:large, max-video-preview:-1\" \/>\n<link rel=\"canonical\" href=\"https:\/\/blocho.se\/en\/produkt\/mugg-gra-robert-25cl\/\" \/>\n<meta property=\"og:locale\" content=\"en_GB\" \/>\n<meta property=\"og:type\" content=\"article\" \/>\n<meta property=\"og:title\" content=\"Mug grey Robert 25cl\" \/>\n<meta property=\"og:description\" content=\"Stapelbar gr\u00e5 mugg som passar utm\u00e4rkt till b\u00e5de lunchrestaurangen och kontoret.\" \/>\n<meta property=\"og:url\" content=\"https:\/\/blocho.se\/en\/produkt\/mugg-gra-robert-25cl\/\" \/>\n<meta property=\"og:site_name\" content=\"Blocho\" \/>\n<meta property=\"article:modified_time\" content=\"2025-12-12T09:17:05+00:00\" \/>\n<meta property=\"og:image\" content=\"https:\/\/blocho.se\/wp-content\/uploads\/2025\/12\/2110K1.png\" \/>\n\t<meta property=\"og:image:width\" content=\"800\" \/>\n\t<meta property=\"og:image:height\" content=\"800\" \/>\n<meta name=\"twitter:card\" content=\"summary_large_image\" \/>\n<script type=\"application\/ld+json\" class=\"yoast-schema-graph\">{\"@context\":\"https:\/\/schema.org\",\"@graph\":[{\"@type\":\"WebSite\",\"@id\":\"https:\/\/blocho.se\/en\/#website\",\"url\":\"https:\/\/blocho.se\/en\/\",\"name\":\"Blocho\",\"description\":\"\",\"potentialAction\":[{\"@type\":\"SearchAction\",\"target\":\"https:\/\/blocho.se\/en\/?s={search_term_string}\",\"query-input\":\"required name=search_term_string\"}],\"inLanguage\":\"en-GB\"},{\"@type\":\"ImageObject\",\"@id\":\"https:\/\/blocho.se\/en\/produkt\/mugg-gra-robert-25cl\/#primaryimage\",\"inLanguage\":\"en-GB\",\"url\":\"https:\/\/blocho.se\/wp-content\/uploads\/2025\/12\/2110K1.png\",\"width\":800,\"height\":800},{\"@type\":\"WebPage\",\"@id\":\"https:\/\/blocho.se\/en\/produkt\/mugg-gra-robert-25cl\/#webpage\",\"url\":\"https:\/\/blocho.se\/en\/produkt\/mugg-gra-robert-25cl\/\",\"name\":\"[:sv]Mugg gr\\u00e5 Robert 25cl[:en]Mug grey Robert 25cl[:] - Blocho\",\"isPartOf\":{\"@id\":\"https:\/\/blocho.se\/en\/#website\"},\"primaryImageOfPage\":{\"@id\":\"https:\/\/blocho.se\/en\/produkt\/mugg-gra-robert-25cl\/#primaryimage\"},\"datePublished\":\"2025-10-31T14:51:55+00:00\",\"dateModified\":\"2025-12-12T09:17:05+00:00\",\"description\":\"Stapelbar gr\\u00e5 mugg som passar utm\\u00e4rkt till b\\u00e5de lunchrestaurangen och kontoret.\",\"inLanguage\":\"en-GB\",\"potentialAction\":[{\"@type\":\"ReadAction\",\"target\":[\"https:\/\/blocho.se\/en\/produkt\/mugg-gra-robert-25cl\/\"]}]}]}<\/script>\n<!-- \/ Yoast SEO plugin. -->","_links":{"self":[{"href":"https:\/\/blocho.se\/en\/wp-json\/wp\/v2\/product\/4104"}],"collection":[{"href":"https:\/\/blocho.se\/en\/wp-json\/wp\/v2\/product"}],"about":[{"href":"https:\/\/blocho.se\/en\/wp-json\/wp\/v2\/types\/product"}],"wp:featuredmedia":[{"embeddable":true,"href":"https:\/\/blocho.se\/en\/wp-json\/wp\/v2\/media\/4133"}],"wp:attachment":[{"href":"https:\/\/blocho.se\/en\/wp-json\/wp\/v2\/media?parent=4104"}],"curies":[{"name":"wp","href":"https:\/\/api.w.org\/{rel}","templated":true}]}}