{"id":4101,"date":"2025-10-31T15:36:38","date_gmt":"2025-10-31T14:36:38","guid":{"rendered":"https:\/\/blocho.se\/?post_type=product&#038;p=4101"},"modified":"2025-11-07T08:29:39","modified_gmt":"2025-11-07T07:29:39","slug":"krus-1l-vit-h135mm-d120mm","status":"publish","type":"product","link":"https:\/\/blocho.se\/en\/produkt\/krus-1l-vit-h135mm-d120mm\/","title":{"rendered":"Jar 1L white H135mm D120mm"},"content":{"rendered":"<h2 style=\"text-align: center;\">About Jar 1L white H135mm D120mm<\/h2>\n<p style=\"text-align: center;\">Classic jar, perfect for everything from dressings and sauces to herring on a buffet.<\/p>\n","protected":false},"excerpt":{"rendered":"<p>Classic jar from Blocho FRANKHUGO, perfect for everything from dressings and sauces to herring on a buffet.<\/p>\n<p>Brand: <strong>Blocho<\/strong><br \/>\nNumber of articles per package: <strong>3\u00a0pcs<\/strong><br \/>\nStackable: <strong>Yes<\/strong><\/p>\n<p>Microwave safe, dishwasher safe, freezer safe.<\/p>\n","protected":false},"featured_media":4094,"template":"","meta":[],"yoast_head":"<!-- This site is optimized with the Yoast SEO plugin v14.7 - https:\/\/yoast.com\/wordpress\/plugins\/seo\/ -->\n<title>Jar 1L white H135mm D120mm - Blocho<\/title>\n<meta name=\"description\" content=\"Klassiskt krus som passar perfekt till allt fr\u00e5n dressing, s\u00e5ser eller varf\u00f6r inte till sillen p\u00e5 en buff\u00e9.\" \/>\n<meta name=\"robots\" content=\"index, follow\" \/>\n<meta name=\"googlebot\" content=\"index, follow, max-snippet:-1, max-image-preview:large, max-video-preview:-1\" \/>\n<meta name=\"bingbot\" content=\"index, follow, max-snippet:-1, max-image-preview:large, max-video-preview:-1\" \/>\n<link rel=\"canonical\" href=\"https:\/\/blocho.se\/produkt\/krus-1l-vit-h135mm-d120mm\/\" \/>\n<meta property=\"og:locale\" content=\"en_GB\" \/>\n<meta property=\"og:type\" content=\"article\" \/>\n<meta property=\"og:title\" content=\"Jar 1L white H135mm D120mm\" \/>\n<meta property=\"og:description\" content=\"Klassiskt krus som passar perfekt till allt fr\u00e5n dressing, s\u00e5ser eller varf\u00f6r inte till sillen p\u00e5 en buff\u00e9.\" \/>\n<meta property=\"og:url\" content=\"https:\/\/blocho.se\/produkt\/krus-1l-vit-h135mm-d120mm\/\" \/>\n<meta property=\"og:site_name\" content=\"Blocho\" \/>\n<meta property=\"article:modified_time\" content=\"2025-11-07T07:29:39+00:00\" \/>\n<meta property=\"og:image\" content=\"https:\/\/blocho.se\/wp-content\/uploads\/2025\/10\/0090.png\" \/>\n\t<meta property=\"og:image:width\" content=\"800\" \/>\n\t<meta property=\"og:image:height\" content=\"800\" \/>\n<meta name=\"twitter:card\" content=\"summary_large_image\" \/>\n<script type=\"application\/ld+json\" class=\"yoast-schema-graph\">{\"@context\":\"https:\/\/schema.org\",\"@graph\":[{\"@type\":\"WebSite\",\"@id\":\"https:\/\/blocho.se\/en\/#website\",\"url\":\"https:\/\/blocho.se\/en\/\",\"name\":\"Blocho\",\"description\":\"\",\"potentialAction\":[{\"@type\":\"SearchAction\",\"target\":\"https:\/\/blocho.se\/en\/?s={search_term_string}\",\"query-input\":\"required name=search_term_string\"}],\"inLanguage\":\"en-GB\"},{\"@type\":\"ImageObject\",\"@id\":\"https:\/\/blocho.se\/produkt\/krus-1l-vit-h135mm-d120mm\/#primaryimage\",\"inLanguage\":\"en-GB\",\"url\":\"https:\/\/blocho.se\/wp-content\/uploads\/2025\/10\/0090.png\",\"width\":800,\"height\":800},{\"@type\":\"WebPage\",\"@id\":\"https:\/\/blocho.se\/produkt\/krus-1l-vit-h135mm-d120mm\/#webpage\",\"url\":\"https:\/\/blocho.se\/produkt\/krus-1l-vit-h135mm-d120mm\/\",\"name\":\"[:sv]Krus 1L vit H135mm D120mm[:en]Jar 1L white H135mm D120mm[:] - Blocho\",\"isPartOf\":{\"@id\":\"https:\/\/blocho.se\/en\/#website\"},\"primaryImageOfPage\":{\"@id\":\"https:\/\/blocho.se\/produkt\/krus-1l-vit-h135mm-d120mm\/#primaryimage\"},\"datePublished\":\"2025-10-31T14:36:38+00:00\",\"dateModified\":\"2025-11-07T07:29:39+00:00\",\"description\":\"Klassiskt krus som passar perfekt till allt fr\\u00e5n dressing, s\\u00e5ser eller varf\\u00f6r inte till sillen p\\u00e5 en buff\\u00e9.\",\"inLanguage\":\"en-GB\",\"potentialAction\":[{\"@type\":\"ReadAction\",\"target\":[\"https:\/\/blocho.se\/produkt\/krus-1l-vit-h135mm-d120mm\/\"]}]}]}<\/script>\n<!-- \/ Yoast SEO plugin. -->","_links":{"self":[{"href":"https:\/\/blocho.se\/en\/wp-json\/wp\/v2\/product\/4101"}],"collection":[{"href":"https:\/\/blocho.se\/en\/wp-json\/wp\/v2\/product"}],"about":[{"href":"https:\/\/blocho.se\/en\/wp-json\/wp\/v2\/types\/product"}],"wp:featuredmedia":[{"embeddable":true,"href":"https:\/\/blocho.se\/en\/wp-json\/wp\/v2\/media\/4094"}],"wp:attachment":[{"href":"https:\/\/blocho.se\/en\/wp-json\/wp\/v2\/media?parent=4101"}],"curies":[{"name":"wp","href":"https:\/\/api.w.org\/{rel}","templated":true}]}}