{"id":3988,"date":"2025-08-08T17:01:52","date_gmt":"2025-08-08T15:01:52","guid":{"rendered":"https:\/\/blocho.se\/?post_type=product&#038;p=3988"},"modified":"2025-12-05T12:29:03","modified_gmt":"2025-12-05T11:29:03","slug":"tallrik-djup-rund-vit-med-monster-20cm","status":"publish","type":"product","link":"https:\/\/blocho.se\/en\/produkt\/tallrik-djup-rund-vit-med-monster-20cm\/","title":{"rendered":"Plate \u2013 deep, round, pattern, 20 cm"},"content":{"rendered":"<h2 style=\"text-align: center;\">About Plate \u2013 deep, round, pattern, 20 cm 60cl<\/h2>\n<p style=\"text-align: center;\">Deep plate with a classic Italian pattern. Suitable for both rustic and modern Mediterranean dishes.<\/p>\n","protected":false},"excerpt":{"rendered":"<p>Deep plate with a classic Italian pattern. Suitable for both rustic and modern Mediterranean dishes.<\/p>\n<p>Brand: <strong>Blocho<\/strong><br \/>\nNumber of articles per package: <strong>6 pcs<\/strong><br \/>\nStackable: <strong>Yes<\/strong><\/p>\n<p>Microwave safe, dishwasher safe, freezer safe.<\/p>\n","protected":false},"featured_media":3926,"template":"","meta":[],"yoast_head":"<!-- This site is optimized with the Yoast SEO plugin v14.7 - https:\/\/yoast.com\/wordpress\/plugins\/seo\/ -->\n<title>Plate \u2013 deep, round, pattern, 20 cm - Blocho<\/title>\n<meta name=\"description\" content=\"Djup tallrik med m\u00f6nster som inspirerats av handm\u00e5lat porslin fr\u00e5n medelhavet. Passar till b\u00e5de rustika och moderna r\u00e4tter.\" \/>\n<meta name=\"robots\" content=\"index, follow\" \/>\n<meta name=\"googlebot\" content=\"index, follow, max-snippet:-1, max-image-preview:large, max-video-preview:-1\" \/>\n<meta name=\"bingbot\" content=\"index, follow, max-snippet:-1, max-image-preview:large, max-video-preview:-1\" \/>\n<link rel=\"canonical\" href=\"https:\/\/blocho.se\/en\/produkt\/tallrik-djup-rund-vit-med-monster-20cm\/\" \/>\n<meta property=\"og:locale\" content=\"en_GB\" \/>\n<meta property=\"og:type\" content=\"article\" \/>\n<meta property=\"og:title\" content=\"Plate \u2013 deep, round, pattern, 20 cm\" \/>\n<meta property=\"og:description\" content=\"Djup tallrik med m\u00f6nster som inspirerats av handm\u00e5lat porslin fr\u00e5n medelhavet. Passar till b\u00e5de rustika och moderna r\u00e4tter.\" \/>\n<meta property=\"og:url\" content=\"https:\/\/blocho.se\/en\/produkt\/tallrik-djup-rund-vit-med-monster-20cm\/\" \/>\n<meta property=\"og:site_name\" content=\"Blocho\" \/>\n<meta property=\"article:modified_time\" content=\"2025-12-05T11:29:03+00:00\" \/>\n<meta property=\"og:image\" content=\"https:\/\/blocho.se\/wp-content\/uploads\/2025\/05\/NPHR20CK880814_2.png\" \/>\n\t<meta property=\"og:image:width\" content=\"800\" \/>\n\t<meta property=\"og:image:height\" content=\"800\" \/>\n<meta name=\"twitter:card\" content=\"summary_large_image\" \/>\n<script type=\"application\/ld+json\" class=\"yoast-schema-graph\">{\"@context\":\"https:\/\/schema.org\",\"@graph\":[{\"@type\":\"WebSite\",\"@id\":\"https:\/\/blocho.se\/en\/#website\",\"url\":\"https:\/\/blocho.se\/en\/\",\"name\":\"Blocho\",\"description\":\"\",\"potentialAction\":[{\"@type\":\"SearchAction\",\"target\":\"https:\/\/blocho.se\/en\/?s={search_term_string}\",\"query-input\":\"required name=search_term_string\"}],\"inLanguage\":\"en-GB\"},{\"@type\":\"ImageObject\",\"@id\":\"https:\/\/blocho.se\/en\/produkt\/tallrik-djup-rund-vit-med-monster-20cm\/#primaryimage\",\"inLanguage\":\"en-GB\",\"url\":\"https:\/\/blocho.se\/wp-content\/uploads\/2025\/05\/NPHR20CK880814_2.png\",\"width\":800,\"height\":800},{\"@type\":\"WebPage\",\"@id\":\"https:\/\/blocho.se\/en\/produkt\/tallrik-djup-rund-vit-med-monster-20cm\/#webpage\",\"url\":\"https:\/\/blocho.se\/en\/produkt\/tallrik-djup-rund-vit-med-monster-20cm\/\",\"name\":\"[:sv]Tallrik djup rund vit med m\\u00f6nster 20cm[:en]Plate \\u2013 deep, round, pattern, 20 cm[:] - Blocho\",\"isPartOf\":{\"@id\":\"https:\/\/blocho.se\/en\/#website\"},\"primaryImageOfPage\":{\"@id\":\"https:\/\/blocho.se\/en\/produkt\/tallrik-djup-rund-vit-med-monster-20cm\/#primaryimage\"},\"datePublished\":\"2025-08-08T15:01:52+00:00\",\"dateModified\":\"2025-12-05T11:29:03+00:00\",\"description\":\"Djup tallrik med m\\u00f6nster som inspirerats av handm\\u00e5lat porslin fr\\u00e5n medelhavet. Passar till b\\u00e5de rustika och moderna r\\u00e4tter.\",\"inLanguage\":\"en-GB\",\"potentialAction\":[{\"@type\":\"ReadAction\",\"target\":[\"https:\/\/blocho.se\/en\/produkt\/tallrik-djup-rund-vit-med-monster-20cm\/\"]}]}]}<\/script>\n<!-- \/ Yoast SEO plugin. -->","_links":{"self":[{"href":"https:\/\/blocho.se\/en\/wp-json\/wp\/v2\/product\/3988"}],"collection":[{"href":"https:\/\/blocho.se\/en\/wp-json\/wp\/v2\/product"}],"about":[{"href":"https:\/\/blocho.se\/en\/wp-json\/wp\/v2\/types\/product"}],"wp:featuredmedia":[{"embeddable":true,"href":"https:\/\/blocho.se\/en\/wp-json\/wp\/v2\/media\/3926"}],"wp:attachment":[{"href":"https:\/\/blocho.se\/en\/wp-json\/wp\/v2\/media?parent=3988"}],"curies":[{"name":"wp","href":"https:\/\/api.w.org\/{rel}","templated":true}]}}