{"id":3982,"date":"2025-08-08T16:32:26","date_gmt":"2025-08-08T14:32:26","guid":{"rendered":"https:\/\/blocho.se\/?post_type=product&#038;p=3982"},"modified":"2025-12-05T12:27:02","modified_gmt":"2025-12-05T11:27:02","slug":"tallrik-djup-rund-oregelbunden-gron-och-beige-22cm","status":"publish","type":"product","link":"https:\/\/blocho.se\/en\/produkt\/tallrik-djup-rund-oregelbunden-gron-och-beige-22cm\/","title":{"rendered":"Plate \u2013 deep, round, irregular, green and beige, 22 cm"},"content":{"rendered":"<h2 style=\"text-align: center;\">About Plate \u2013 deep, round, irregular, green and beige, 22 cm 96cl<\/h2>\n<p style=\"text-align: center;\">Deep plate with a stunning and unique design. The plate has an irregular shape and two main colours, green and beige. Perfect for those who want to give their guests a unique and personal dining experience.<\/p>\n","protected":false},"excerpt":{"rendered":"<p>Deep plate with a stunning and unique design. The plate has an irregular shape and two main colours, green and beige. Perfect for those who want to give their guests a unique and personal dining experience.<\/p>\n<p>Brand: <strong>Blocho<\/strong><br \/>\nNumber of articles per package: <strong>6 pcs<\/strong><br \/>\nStackable: <strong>Yes<\/strong><\/p>\n<p>Microwave safe, dishwasher safe, freezer safe.<\/p>\n","protected":false},"featured_media":3932,"template":"","meta":[],"yoast_head":"<!-- This site is optimized with the Yoast SEO plugin v14.7 - https:\/\/yoast.com\/wordpress\/plugins\/seo\/ -->\n<title>Plate \u2013 deep, round, irregular, green and beige, 22 cm - Blocho<\/title>\n<meta name=\"description\" content=\"Djup tallrik med ursnygg och unik design. Tallriken har oregelbunden form och tv\u00e5 f\u00e4rger i huvudsakligen gr\u00f6nt och beige. Passar till dig som vill ge dina g\u00e4ster en unik och personlig upplevelse med din mat.\" \/>\n<meta name=\"robots\" content=\"index, follow\" \/>\n<meta name=\"googlebot\" content=\"index, follow, max-snippet:-1, max-image-preview:large, max-video-preview:-1\" \/>\n<meta name=\"bingbot\" content=\"index, follow, max-snippet:-1, max-image-preview:large, max-video-preview:-1\" \/>\n<link rel=\"canonical\" href=\"https:\/\/blocho.se\/en\/produkt\/tallrik-djup-rund-oregelbunden-gron-och-beige-22cm\/\" \/>\n<meta property=\"og:locale\" content=\"en_GB\" \/>\n<meta property=\"og:type\" content=\"article\" \/>\n<meta property=\"og:title\" content=\"Plate \u2013 deep, round, irregular, green and beige, 22 cm\" \/>\n<meta property=\"og:description\" content=\"Djup tallrik med ursnygg och unik design. Tallriken har oregelbunden form och tv\u00e5 f\u00e4rger i huvudsakligen gr\u00f6nt och beige. Passar till dig som vill ge dina g\u00e4ster en unik och personlig upplevelse med din mat.\" \/>\n<meta property=\"og:url\" content=\"https:\/\/blocho.se\/en\/produkt\/tallrik-djup-rund-oregelbunden-gron-och-beige-22cm\/\" \/>\n<meta property=\"og:site_name\" content=\"Blocho\" \/>\n<meta property=\"article:modified_time\" content=\"2025-12-05T11:27:02+00:00\" \/>\n<meta property=\"og:image\" content=\"https:\/\/blocho.se\/wp-content\/uploads\/2025\/05\/SOH22CK855A44C.png\" \/>\n\t<meta property=\"og:image:width\" content=\"800\" \/>\n\t<meta property=\"og:image:height\" content=\"800\" \/>\n<meta name=\"twitter:card\" content=\"summary_large_image\" \/>\n<script type=\"application\/ld+json\" class=\"yoast-schema-graph\">{\"@context\":\"https:\/\/schema.org\",\"@graph\":[{\"@type\":\"WebSite\",\"@id\":\"https:\/\/blocho.se\/en\/#website\",\"url\":\"https:\/\/blocho.se\/en\/\",\"name\":\"Blocho\",\"description\":\"\",\"potentialAction\":[{\"@type\":\"SearchAction\",\"target\":\"https:\/\/blocho.se\/en\/?s={search_term_string}\",\"query-input\":\"required name=search_term_string\"}],\"inLanguage\":\"en-GB\"},{\"@type\":\"ImageObject\",\"@id\":\"https:\/\/blocho.se\/en\/produkt\/tallrik-djup-rund-oregelbunden-gron-och-beige-22cm\/#primaryimage\",\"inLanguage\":\"en-GB\",\"url\":\"https:\/\/blocho.se\/wp-content\/uploads\/2025\/05\/SOH22CK855A44C.png\",\"width\":800,\"height\":800},{\"@type\":\"WebPage\",\"@id\":\"https:\/\/blocho.se\/en\/produkt\/tallrik-djup-rund-oregelbunden-gron-och-beige-22cm\/#webpage\",\"url\":\"https:\/\/blocho.se\/en\/produkt\/tallrik-djup-rund-oregelbunden-gron-och-beige-22cm\/\",\"name\":\"[:sv]Tallrik djup rund oregelbunden gr\\u00f6n och beige 22cm[:en]Plate \\u2013 deep, round, irregular, green and beige, 22 cm[:] - Blocho\",\"isPartOf\":{\"@id\":\"https:\/\/blocho.se\/en\/#website\"},\"primaryImageOfPage\":{\"@id\":\"https:\/\/blocho.se\/en\/produkt\/tallrik-djup-rund-oregelbunden-gron-och-beige-22cm\/#primaryimage\"},\"datePublished\":\"2025-08-08T14:32:26+00:00\",\"dateModified\":\"2025-12-05T11:27:02+00:00\",\"description\":\"Djup tallrik med ursnygg och unik design. Tallriken har oregelbunden form och tv\\u00e5 f\\u00e4rger i huvudsakligen gr\\u00f6nt och beige. Passar till dig som vill ge dina g\\u00e4ster en unik och personlig upplevelse med din mat.\",\"inLanguage\":\"en-GB\",\"potentialAction\":[{\"@type\":\"ReadAction\",\"target\":[\"https:\/\/blocho.se\/en\/produkt\/tallrik-djup-rund-oregelbunden-gron-och-beige-22cm\/\"]}]}]}<\/script>\n<!-- \/ Yoast SEO plugin. -->","_links":{"self":[{"href":"https:\/\/blocho.se\/en\/wp-json\/wp\/v2\/product\/3982"}],"collection":[{"href":"https:\/\/blocho.se\/en\/wp-json\/wp\/v2\/product"}],"about":[{"href":"https:\/\/blocho.se\/en\/wp-json\/wp\/v2\/types\/product"}],"wp:featuredmedia":[{"embeddable":true,"href":"https:\/\/blocho.se\/en\/wp-json\/wp\/v2\/media\/3932"}],"wp:attachment":[{"href":"https:\/\/blocho.se\/en\/wp-json\/wp\/v2\/media?parent=3982"}],"curies":[{"name":"wp","href":"https:\/\/api.w.org\/{rel}","templated":true}]}}