{"id":3950,"date":"2025-05-16T15:28:38","date_gmt":"2025-05-16T13:28:38","guid":{"rendered":"https:\/\/blocho.se\/?post_type=product&#038;p=3950"},"modified":"2025-05-16T15:33:29","modified_gmt":"2025-05-16T13:33:29","slug":"skal-rund-21cm-gronsvart-med-relieff","status":"publish","type":"product","link":"https:\/\/blocho.se\/en\/produkt\/skal-rund-21cm-gronsvart-med-relieff\/","title":{"rendered":"Bowl 21cm green\/black"},"content":{"rendered":"<h2 style=\"text-align: center;\">About Bowl 21cm green\/black<\/h2>\n<p style=\"text-align: center;\">Elegant design on this small bowl featuring a relief pattern on the outside. The glossy, beautifully mottled green and black finish decorates both the inside and outside of the bowl, giving guests a luxurious feeling.<\/p>\n<div id=\"gtx-trans\" style=\"position: absolute; left: 509px; top: 61.9062px;\">\n<div class=\"gtx-trans-icon\"><\/div>\n<\/div>\n","protected":false},"excerpt":{"rendered":"<p>Elegant design on this small bowl featuring a relief pattern on the outside. The glossy, beautifully mottled green and black finish decorates both the inside and outside of the bowl, giving guests a luxurious feeling.<\/p>\n<p>Brand: <strong>Blocho<\/strong><br \/>\nNumber of articles per package: <strong>6 pcs<\/strong><br \/>\nStackable: <strong>Yes<\/strong><\/p>\n<p>Microwave safe, dishwasher safe, freezer safe.<\/p>\n","protected":false},"featured_media":3917,"template":"","meta":[],"yoast_head":"<!-- This site is optimized with the Yoast SEO plugin v14.7 - https:\/\/yoast.com\/wordpress\/plugins\/seo\/ -->\n<title>Bowl 21cm green\/black - Blocho<\/title>\n<meta name=\"description\" content=\"Elegant design p\u00e5 denna mindre sk\u00e5l som har en relieff p\u00e5 utsidan av sk\u00e5len. Blank och fin melerad dekor i gr\u00f6nt och svart b\u00e5de p\u00e5 insidan och utsidan av sk\u00e5len. Ger g\u00e4sterna en lyxig k\u00e4nsla\" \/>\n<meta name=\"robots\" content=\"index, follow\" \/>\n<meta name=\"googlebot\" content=\"index, follow, max-snippet:-1, max-image-preview:large, max-video-preview:-1\" \/>\n<meta name=\"bingbot\" content=\"index, follow, max-snippet:-1, max-image-preview:large, max-video-preview:-1\" \/>\n<link rel=\"canonical\" href=\"https:\/\/blocho.se\/produkt\/skal-rund-21cm-gronsvart-med-relieff\/\" \/>\n<meta property=\"og:locale\" content=\"en_GB\" \/>\n<meta property=\"og:type\" content=\"article\" \/>\n<meta property=\"og:title\" content=\"Bowl 21cm green\/black\" \/>\n<meta property=\"og:description\" content=\"Elegant design p\u00e5 denna mindre sk\u00e5l som har en relieff p\u00e5 utsidan av sk\u00e5len. Blank och fin melerad dekor i gr\u00f6nt och svart b\u00e5de p\u00e5 insidan och utsidan av sk\u00e5len. Ger g\u00e4sterna en lyxig k\u00e4nsla\" \/>\n<meta property=\"og:url\" content=\"https:\/\/blocho.se\/produkt\/skal-rund-21cm-gronsvart-med-relieff\/\" \/>\n<meta property=\"og:site_name\" content=\"Blocho\" \/>\n<meta property=\"article:modified_time\" content=\"2025-05-16T13:33:29+00:00\" \/>\n<meta property=\"og:image\" content=\"https:\/\/blocho.se\/wp-content\/uploads\/2025\/04\/4523R7.png\" \/>\n\t<meta property=\"og:image:width\" content=\"800\" \/>\n\t<meta property=\"og:image:height\" content=\"800\" \/>\n<meta name=\"twitter:card\" content=\"summary_large_image\" \/>\n<script type=\"application\/ld+json\" class=\"yoast-schema-graph\">{\"@context\":\"https:\/\/schema.org\",\"@graph\":[{\"@type\":\"WebSite\",\"@id\":\"https:\/\/blocho.se\/en\/#website\",\"url\":\"https:\/\/blocho.se\/en\/\",\"name\":\"Blocho\",\"description\":\"\",\"potentialAction\":[{\"@type\":\"SearchAction\",\"target\":\"https:\/\/blocho.se\/en\/?s={search_term_string}\",\"query-input\":\"required name=search_term_string\"}],\"inLanguage\":\"en-GB\"},{\"@type\":\"ImageObject\",\"@id\":\"https:\/\/blocho.se\/produkt\/skal-rund-21cm-gronsvart-med-relieff\/#primaryimage\",\"inLanguage\":\"en-GB\",\"url\":\"https:\/\/blocho.se\/wp-content\/uploads\/2025\/04\/4523R7.png\",\"width\":800,\"height\":800},{\"@type\":\"WebPage\",\"@id\":\"https:\/\/blocho.se\/produkt\/skal-rund-21cm-gronsvart-med-relieff\/#webpage\",\"url\":\"https:\/\/blocho.se\/produkt\/skal-rund-21cm-gronsvart-med-relieff\/\",\"name\":\"[:sv]Sk\\u00e5l rund 21cm gr\\u00f6nsvart med relieff[:en]Bowl 21cm green\/black[:] - Blocho\",\"isPartOf\":{\"@id\":\"https:\/\/blocho.se\/en\/#website\"},\"primaryImageOfPage\":{\"@id\":\"https:\/\/blocho.se\/produkt\/skal-rund-21cm-gronsvart-med-relieff\/#primaryimage\"},\"datePublished\":\"2025-05-16T13:28:38+00:00\",\"dateModified\":\"2025-05-16T13:33:29+00:00\",\"description\":\"Elegant design p\\u00e5 denna mindre sk\\u00e5l som har en relieff p\\u00e5 utsidan av sk\\u00e5len. Blank och fin melerad dekor i gr\\u00f6nt och svart b\\u00e5de p\\u00e5 insidan och utsidan av sk\\u00e5len. Ger g\\u00e4sterna en lyxig k\\u00e4nsla\",\"inLanguage\":\"en-GB\",\"potentialAction\":[{\"@type\":\"ReadAction\",\"target\":[\"https:\/\/blocho.se\/produkt\/skal-rund-21cm-gronsvart-med-relieff\/\"]}]}]}<\/script>\n<!-- \/ Yoast SEO plugin. -->","_links":{"self":[{"href":"https:\/\/blocho.se\/en\/wp-json\/wp\/v2\/product\/3950"}],"collection":[{"href":"https:\/\/blocho.se\/en\/wp-json\/wp\/v2\/product"}],"about":[{"href":"https:\/\/blocho.se\/en\/wp-json\/wp\/v2\/types\/product"}],"wp:featuredmedia":[{"embeddable":true,"href":"https:\/\/blocho.se\/en\/wp-json\/wp\/v2\/media\/3917"}],"wp:attachment":[{"href":"https:\/\/blocho.se\/en\/wp-json\/wp\/v2\/media?parent=3950"}],"curies":[{"name":"wp","href":"https:\/\/api.w.org\/{rel}","templated":true}]}}