{"id":3942,"date":"2025-05-16T14:58:42","date_gmt":"2025-05-16T12:58:42","guid":{"rendered":"https:\/\/blocho.se\/en\/?post_type=product&#038;p=3942"},"modified":"2025-06-25T12:28:42","modified_gmt":"2025-06-25T10:28:42","slug":"deep-plate-30cm-green-black","status":"publish","type":"product","link":"https:\/\/blocho.se\/en\/produkt\/deep-plate-30cm-green-black\/","title":{"rendered":"Deep plate 30cm green\/black"},"content":{"rendered":"<h2 style=\"text-align: center;\">About Deep plate 30cm green\/black<\/h2>\n<p style=\"text-align: center;\">Elegant design on this deep plate with a relief pattern. The glossy, beautifully mottled green and black finish decorates both the top and bottom of the plate, giving guests a luxurious feeling.<\/p>\n<div id=\"gtx-trans\" style=\"position: absolute; left: 509px; top: 61.9062px;\">\n<div class=\"gtx-trans-icon\"><\/div>\n<\/div>\n","protected":false},"excerpt":{"rendered":"<p>Elegant design on this deep plate with a relief pattern. The glossy, beautifully mottled green and black finish decorates both the top and bottom of the plate, giving guests a luxurious feeling.<\/p>\n<p>Brand: <strong>Blocho<\/strong><br \/>\nNumber of articles per package: <strong>6 pcs<\/strong><br \/>\nStackable: <strong>Yes<\/strong><\/p>\n<p>Microwave safe, dishwasher safe, freezer safe.<\/p>\n","protected":false},"featured_media":3964,"template":"","meta":[],"yoast_head":"<!-- This site is optimized with the Yoast SEO plugin v14.7 - https:\/\/yoast.com\/wordpress\/plugins\/seo\/ -->\n<title>Deep plate 30cm green\/black - Blocho<\/title>\n<meta name=\"description\" content=\"Elegant design p\u00e5 denna djupa tallrik med relieff. Blank och fin melerad dekor i gr\u00f6nt och svart b\u00e5de p\u00e5 ovansidan och undersidan av tallriken. Ger g\u00e4sterna en lyxig k\u00e4nsla.\" \/>\n<meta name=\"robots\" content=\"index, follow\" \/>\n<meta name=\"googlebot\" content=\"index, follow, max-snippet:-1, max-image-preview:large, max-video-preview:-1\" \/>\n<meta name=\"bingbot\" content=\"index, follow, max-snippet:-1, max-image-preview:large, max-video-preview:-1\" \/>\n<link rel=\"canonical\" href=\"https:\/\/blocho.se\/produkt\/deep-plate-30cm-green-black\/\" \/>\n<meta property=\"og:locale\" content=\"en_GB\" \/>\n<meta property=\"og:type\" content=\"article\" \/>\n<meta property=\"og:title\" content=\"Deep plate 30cm green\/black\" \/>\n<meta property=\"og:description\" content=\"Elegant design p\u00e5 denna djupa tallrik med relieff. Blank och fin melerad dekor i gr\u00f6nt och svart b\u00e5de p\u00e5 ovansidan och undersidan av tallriken. Ger g\u00e4sterna en lyxig k\u00e4nsla.\" \/>\n<meta property=\"og:url\" content=\"https:\/\/blocho.se\/produkt\/deep-plate-30cm-green-black\/\" \/>\n<meta property=\"og:site_name\" content=\"Blocho\" \/>\n<meta property=\"article:modified_time\" content=\"2025-06-25T10:28:42+00:00\" \/>\n<meta property=\"og:image\" content=\"https:\/\/blocho.se\/wp-content\/uploads\/2025\/06\/4529.png\" \/>\n\t<meta property=\"og:image:width\" content=\"800\" \/>\n\t<meta property=\"og:image:height\" content=\"800\" \/>\n<meta name=\"twitter:card\" content=\"summary_large_image\" \/>\n<script type=\"application\/ld+json\" class=\"yoast-schema-graph\">{\"@context\":\"https:\/\/schema.org\",\"@graph\":[{\"@type\":\"WebSite\",\"@id\":\"https:\/\/blocho.se\/en\/#website\",\"url\":\"https:\/\/blocho.se\/en\/\",\"name\":\"Blocho\",\"description\":\"\",\"potentialAction\":[{\"@type\":\"SearchAction\",\"target\":\"https:\/\/blocho.se\/en\/?s={search_term_string}\",\"query-input\":\"required name=search_term_string\"}],\"inLanguage\":\"en-GB\"},{\"@type\":\"ImageObject\",\"@id\":\"https:\/\/blocho.se\/produkt\/deep-plate-30cm-green-black\/#primaryimage\",\"inLanguage\":\"en-GB\",\"url\":\"https:\/\/blocho.se\/wp-content\/uploads\/2025\/06\/4529.png\",\"width\":800,\"height\":800},{\"@type\":\"WebPage\",\"@id\":\"https:\/\/blocho.se\/produkt\/deep-plate-30cm-green-black\/#webpage\",\"url\":\"https:\/\/blocho.se\/produkt\/deep-plate-30cm-green-black\/\",\"name\":\"[:sv]Tallrik djup rund 30cm gr\\u00f6nsvart med relieff[:en]Deep plate 30cm green\/black[:] - Blocho\",\"isPartOf\":{\"@id\":\"https:\/\/blocho.se\/en\/#website\"},\"primaryImageOfPage\":{\"@id\":\"https:\/\/blocho.se\/produkt\/deep-plate-30cm-green-black\/#primaryimage\"},\"datePublished\":\"2025-05-16T12:58:42+00:00\",\"dateModified\":\"2025-06-25T10:28:42+00:00\",\"description\":\"Elegant design p\\u00e5 denna djupa tallrik med relieff. Blank och fin melerad dekor i gr\\u00f6nt och svart b\\u00e5de p\\u00e5 ovansidan och undersidan av tallriken. Ger g\\u00e4sterna en lyxig k\\u00e4nsla.\",\"inLanguage\":\"en-GB\",\"potentialAction\":[{\"@type\":\"ReadAction\",\"target\":[\"https:\/\/blocho.se\/produkt\/deep-plate-30cm-green-black\/\"]}]}]}<\/script>\n<!-- \/ Yoast SEO plugin. -->","_links":{"self":[{"href":"https:\/\/blocho.se\/en\/wp-json\/wp\/v2\/product\/3942"}],"collection":[{"href":"https:\/\/blocho.se\/en\/wp-json\/wp\/v2\/product"}],"about":[{"href":"https:\/\/blocho.se\/en\/wp-json\/wp\/v2\/types\/product"}],"wp:featuredmedia":[{"embeddable":true,"href":"https:\/\/blocho.se\/en\/wp-json\/wp\/v2\/media\/3964"}],"wp:attachment":[{"href":"https:\/\/blocho.se\/en\/wp-json\/wp\/v2\/media?parent=3942"}],"curies":[{"name":"wp","href":"https:\/\/api.w.org\/{rel}","templated":true}]}}