{"id":3938,"date":"2025-05-16T14:36:46","date_gmt":"2025-05-16T12:36:46","guid":{"rendered":"https:\/\/blocho.se\/?post_type=product&#038;p=3938"},"modified":"2025-05-16T14:47:25","modified_gmt":"2025-05-16T12:47:25","slug":"mugg-35cl-gronsvart-med-relieff","status":"publish","type":"product","link":"https:\/\/blocho.se\/en\/produkt\/mugg-35cl-gronsvart-med-relieff\/","title":{"rendered":"Mug 35cl green\/black"},"content":{"rendered":"<h2 style=\"text-align: center;\">About Mug 35cl green\/black<\/h2>\n<p style=\"text-align: center;\">Elegant design on this mug with a relief pattern. The glossy, beautifully mottled green and black finish gives guests a luxurious feeling.<\/p>\n<div id=\"gtx-trans\" style=\"position: absolute; left: 509px; top: 61.9062px;\">\n<div class=\"gtx-trans-icon\"><\/div>\n<\/div>\n","protected":false},"excerpt":{"rendered":"<p>Elegant design on this mug with a relief pattern. The glossy, beautifully mottled green and black finish gives guests a luxurious feeling.<\/p>\n<p>Brand: <strong>Blocho<\/strong><br \/>\nNumber of articles per package: <strong>6 pcs<\/strong><br \/>\nStackable: <strong>No<\/strong><\/p>\n<p>Microwave safe, dishwasher safe, freezer safe.<\/p>\n","protected":false},"featured_media":3919,"template":"","meta":[],"yoast_head":"<!-- This site is optimized with the Yoast SEO plugin v14.7 - https:\/\/yoast.com\/wordpress\/plugins\/seo\/ -->\n<title>Mug 35cl green\/black - Blocho<\/title>\n<meta name=\"description\" content=\"Elegant design p\u00e5 denna mugg med relieff. Blank och fin melerad dekor i gr\u00f6nt och svart ger g\u00e4sterna en lyxig k\u00e4nsla.\" \/>\n<meta name=\"robots\" content=\"index, follow\" \/>\n<meta name=\"googlebot\" content=\"index, follow, max-snippet:-1, max-image-preview:large, max-video-preview:-1\" \/>\n<meta name=\"bingbot\" content=\"index, follow, max-snippet:-1, max-image-preview:large, max-video-preview:-1\" \/>\n<link rel=\"canonical\" href=\"https:\/\/blocho.se\/en\/produkt\/mugg-35cl-gronsvart-med-relieff\/\" \/>\n<meta property=\"og:locale\" content=\"en_GB\" \/>\n<meta property=\"og:type\" content=\"article\" \/>\n<meta property=\"og:title\" content=\"Mug 35cl green\/black\" \/>\n<meta property=\"og:description\" content=\"Elegant design p\u00e5 denna mugg med relieff. Blank och fin melerad dekor i gr\u00f6nt och svart ger g\u00e4sterna en lyxig k\u00e4nsla.\" \/>\n<meta property=\"og:url\" content=\"https:\/\/blocho.se\/en\/produkt\/mugg-35cl-gronsvart-med-relieff\/\" \/>\n<meta property=\"og:site_name\" content=\"Blocho\" \/>\n<meta property=\"article:modified_time\" content=\"2025-05-16T12:47:25+00:00\" \/>\n<meta property=\"og:image\" content=\"https:\/\/blocho.se\/wp-content\/uploads\/2025\/04\/4540R7.png\" \/>\n\t<meta property=\"og:image:width\" content=\"800\" \/>\n\t<meta property=\"og:image:height\" content=\"775\" \/>\n<meta name=\"twitter:card\" content=\"summary_large_image\" \/>\n<script type=\"application\/ld+json\" class=\"yoast-schema-graph\">{\"@context\":\"https:\/\/schema.org\",\"@graph\":[{\"@type\":\"WebSite\",\"@id\":\"https:\/\/blocho.se\/en\/#website\",\"url\":\"https:\/\/blocho.se\/en\/\",\"name\":\"Blocho\",\"description\":\"\",\"potentialAction\":[{\"@type\":\"SearchAction\",\"target\":\"https:\/\/blocho.se\/en\/?s={search_term_string}\",\"query-input\":\"required name=search_term_string\"}],\"inLanguage\":\"en-GB\"},{\"@type\":\"ImageObject\",\"@id\":\"https:\/\/blocho.se\/en\/produkt\/mugg-35cl-gronsvart-med-relieff\/#primaryimage\",\"inLanguage\":\"en-GB\",\"url\":\"https:\/\/blocho.se\/wp-content\/uploads\/2025\/04\/4540R7.png\",\"width\":800,\"height\":775},{\"@type\":\"WebPage\",\"@id\":\"https:\/\/blocho.se\/en\/produkt\/mugg-35cl-gronsvart-med-relieff\/#webpage\",\"url\":\"https:\/\/blocho.se\/en\/produkt\/mugg-35cl-gronsvart-med-relieff\/\",\"name\":\"[:sv]Mugg 35cl gr\\u00f6nsvart med relieff[:en]Mug 35cl green\/black[:] - Blocho\",\"isPartOf\":{\"@id\":\"https:\/\/blocho.se\/en\/#website\"},\"primaryImageOfPage\":{\"@id\":\"https:\/\/blocho.se\/en\/produkt\/mugg-35cl-gronsvart-med-relieff\/#primaryimage\"},\"datePublished\":\"2025-05-16T12:36:46+00:00\",\"dateModified\":\"2025-05-16T12:47:25+00:00\",\"description\":\"Elegant design p\\u00e5 denna mugg med relieff. Blank och fin melerad dekor i gr\\u00f6nt och svart ger g\\u00e4sterna en lyxig k\\u00e4nsla.\",\"inLanguage\":\"en-GB\",\"potentialAction\":[{\"@type\":\"ReadAction\",\"target\":[\"https:\/\/blocho.se\/en\/produkt\/mugg-35cl-gronsvart-med-relieff\/\"]}]}]}<\/script>\n<!-- \/ Yoast SEO plugin. -->","_links":{"self":[{"href":"https:\/\/blocho.se\/en\/wp-json\/wp\/v2\/product\/3938"}],"collection":[{"href":"https:\/\/blocho.se\/en\/wp-json\/wp\/v2\/product"}],"about":[{"href":"https:\/\/blocho.se\/en\/wp-json\/wp\/v2\/types\/product"}],"wp:featuredmedia":[{"embeddable":true,"href":"https:\/\/blocho.se\/en\/wp-json\/wp\/v2\/media\/3919"}],"wp:attachment":[{"href":"https:\/\/blocho.se\/en\/wp-json\/wp\/v2\/media?parent=3938"}],"curies":[{"name":"wp","href":"https:\/\/api.w.org\/{rel}","templated":true}]}}