{"id":2806,"date":"2023-10-13T11:51:34","date_gmt":"2023-10-13T09:51:34","guid":{"rendered":"https:\/\/blocho.se\/?post_type=product&#038;p=2806"},"modified":"2023-10-13T11:58:52","modified_gmt":"2023-10-13T09:58:52","slug":"skal-gra-25cm-2","status":"publish","type":"product","link":"https:\/\/blocho.se\/en\/produkt\/skal-gra-25cm-2\/","title":{"rendered":"Bowl grey 25cm"},"content":{"rendered":"<h2 style=\"text-align: center;\">About Bowl grey 25cm<\/h2>\n<p style=\"text-align: center;\">Very practical buffet bowl. Light weight in relation to its size.<\/p>\n<div id=\"gtx-trans\" style=\"position: absolute; left: 509px; top: 61.9062px;\">\n<div class=\"gtx-trans-icon\"><\/div>\n<\/div>\n","protected":false},"excerpt":{"rendered":"<p>Very practical buffet bowl. Light weight in relation to its size.<\/p>\n<p>Brand: <strong>Blocho<\/strong><br \/>\nNumber of articles per package: <strong>6 pcs<\/strong><br \/>\nStackable: <strong>Yes<br \/>\n<\/strong>Concept:<strong> Lunch, Bigger workplace<\/strong><\/p>\n<p>Microwave safe, dishwasher safe, freezer safe.<\/p>\n","protected":false},"featured_media":2807,"template":"","meta":[],"yoast_head":"<!-- This site is optimized with the Yoast SEO plugin v14.7 - https:\/\/yoast.com\/wordpress\/plugins\/seo\/ -->\n<title>Bowl grey 25cm - Blocho<\/title>\n<meta name=\"description\" content=\"Sk\u00e5l gr\u00e5 25cm som fungerar mycket bra som buff\u00e9sk\u00e5l. L\u00e4tt vikt i f\u00f6rh\u00e5llande till sin storlek.\" \/>\n<meta name=\"robots\" content=\"index, follow\" \/>\n<meta name=\"googlebot\" content=\"index, follow, max-snippet:-1, max-image-preview:large, max-video-preview:-1\" \/>\n<meta name=\"bingbot\" content=\"index, follow, max-snippet:-1, max-image-preview:large, max-video-preview:-1\" \/>\n<link rel=\"canonical\" href=\"https:\/\/blocho.se\/en\/produkt\/skal-gra-25cm-2\/\" \/>\n<meta property=\"og:locale\" content=\"en_GB\" \/>\n<meta property=\"og:type\" content=\"article\" \/>\n<meta property=\"og:title\" content=\"Bowl grey 25cm\" \/>\n<meta property=\"og:description\" content=\"Sk\u00e5l gr\u00e5 25cm som fungerar mycket bra som buff\u00e9sk\u00e5l. L\u00e4tt vikt i f\u00f6rh\u00e5llande till sin storlek.\" \/>\n<meta property=\"og:url\" content=\"https:\/\/blocho.se\/en\/produkt\/skal-gra-25cm-2\/\" \/>\n<meta property=\"og:site_name\" content=\"Blocho\" \/>\n<meta property=\"article:modified_time\" content=\"2023-10-13T09:58:52+00:00\" \/>\n<meta property=\"og:image\" content=\"https:\/\/blocho.se\/wp-content\/uploads\/2023\/10\/95166981K1.png\" \/>\n\t<meta property=\"og:image:width\" content=\"800\" \/>\n\t<meta property=\"og:image:height\" content=\"800\" \/>\n<meta name=\"twitter:card\" content=\"summary_large_image\" \/>\n<script type=\"application\/ld+json\" class=\"yoast-schema-graph\">{\"@context\":\"https:\/\/schema.org\",\"@graph\":[{\"@type\":\"WebSite\",\"@id\":\"https:\/\/blocho.se\/en\/#website\",\"url\":\"https:\/\/blocho.se\/en\/\",\"name\":\"Blocho\",\"description\":\"\",\"potentialAction\":[{\"@type\":\"SearchAction\",\"target\":\"https:\/\/blocho.se\/en\/?s={search_term_string}\",\"query-input\":\"required name=search_term_string\"}],\"inLanguage\":\"en-GB\"},{\"@type\":\"ImageObject\",\"@id\":\"https:\/\/blocho.se\/en\/produkt\/skal-gra-25cm-2\/#primaryimage\",\"inLanguage\":\"en-GB\",\"url\":\"https:\/\/blocho.se\/wp-content\/uploads\/2023\/10\/95166981K1.png\",\"width\":800,\"height\":800,\"caption\":\"[:sv]sk\\u00e5l venus 25 cm[:]\"},{\"@type\":\"WebPage\",\"@id\":\"https:\/\/blocho.se\/en\/produkt\/skal-gra-25cm-2\/#webpage\",\"url\":\"https:\/\/blocho.se\/en\/produkt\/skal-gra-25cm-2\/\",\"name\":\"[:sv]Sk\\u00e5l gr\\u00e5 25cm[:en]Bowl grey 25cm[:] - Blocho\",\"isPartOf\":{\"@id\":\"https:\/\/blocho.se\/en\/#website\"},\"primaryImageOfPage\":{\"@id\":\"https:\/\/blocho.se\/en\/produkt\/skal-gra-25cm-2\/#primaryimage\"},\"datePublished\":\"2023-10-13T09:51:34+00:00\",\"dateModified\":\"2023-10-13T09:58:52+00:00\",\"description\":\"Sk\\u00e5l gr\\u00e5 25cm som fungerar mycket bra som buff\\u00e9sk\\u00e5l. L\\u00e4tt vikt i f\\u00f6rh\\u00e5llande till sin storlek.\",\"inLanguage\":\"en-GB\",\"potentialAction\":[{\"@type\":\"ReadAction\",\"target\":[\"https:\/\/blocho.se\/en\/produkt\/skal-gra-25cm-2\/\"]}]}]}<\/script>\n<!-- \/ Yoast SEO plugin. -->","_links":{"self":[{"href":"https:\/\/blocho.se\/en\/wp-json\/wp\/v2\/product\/2806"}],"collection":[{"href":"https:\/\/blocho.se\/en\/wp-json\/wp\/v2\/product"}],"about":[{"href":"https:\/\/blocho.se\/en\/wp-json\/wp\/v2\/types\/product"}],"wp:featuredmedia":[{"embeddable":true,"href":"https:\/\/blocho.se\/en\/wp-json\/wp\/v2\/media\/2807"}],"wp:attachment":[{"href":"https:\/\/blocho.se\/en\/wp-json\/wp\/v2\/media?parent=2806"}],"curies":[{"name":"wp","href":"https:\/\/api.w.org\/{rel}","templated":true}]}}