{"id":2538,"date":"2023-04-21T08:58:54","date_gmt":"2023-04-21T06:58:54","guid":{"rendered":"https:\/\/blocho.se\/?post_type=product&#038;p=2538"},"modified":"2023-05-12T08:19:23","modified_gmt":"2023-05-12T06:19:23","slug":"pizzatallrik-rund-33cm-digital-print","status":"publish","type":"product","link":"https:\/\/blocho.se\/en\/produkt\/pizzatallrik-rund-33cm-digital-print\/","title":{"rendered":"Pizza plate round 33cm &#8211; Digital print"},"content":{"rendered":"<h2 style=\"text-align: center;\">About Pizza plate round 33cm<\/h2>\n<p style=\"text-align: center;\">Pizza plate with digital print decor. A nice blue and beige irregular decoration on a white background and a structure in the glaze. Perfect size so the pizza fits on the plate.<\/p>\n<div id=\"gtx-trans\" style=\"position: absolute; left: 509px; top: 61.9062px;\">\n<div class=\"gtx-trans-icon\"><\/div>\n<\/div>\n","protected":false},"excerpt":{"rendered":"<p>Pizza plate with digital print decor. A nice blue and beige irregular decoration on a white background and a structure in the glaze. Perfect size so the pizza fits on the plate.<\/p>\n<p>Brand: <strong>Blocho<\/strong><br \/>\nNumber of articles per package: <strong>6 pcs<\/strong><br \/>\nStackable: <strong>Yes<br \/>\n<\/strong>Concept:<strong> Pizza &#038; kebab<\/strong><\/p>\n<p>Microwave safe, dishwasher safe, freezer safe.<\/p>\n","protected":false},"featured_media":2632,"template":"","meta":[],"yoast_head":"<!-- This site is optimized with the Yoast SEO plugin v14.7 - https:\/\/yoast.com\/wordpress\/plugins\/seo\/ -->\n<title>Pizzatallrik rund 33cm - Pizza plate round 33cm - Digital print[:] - Blocho<\/title>\n<meta name=\"description\" content=\"Digital print dekor p\u00e5 pizzatallrik 33 cm. Perfekt storlek s\u00e5 pizzan f\u00e5r plats p\u00e5 tallriken.\" \/>\n<meta name=\"robots\" content=\"index, follow\" \/>\n<meta name=\"googlebot\" content=\"index, follow, max-snippet:-1, max-image-preview:large, max-video-preview:-1\" \/>\n<meta name=\"bingbot\" content=\"index, follow, max-snippet:-1, max-image-preview:large, max-video-preview:-1\" \/>\n<link rel=\"canonical\" href=\"https:\/\/blocho.se\/en\/produkt\/pizzatallrik-rund-33cm-digital-print\/\" \/>\n<meta property=\"og:locale\" content=\"en_GB\" \/>\n<meta property=\"og:type\" content=\"article\" \/>\n<meta property=\"og:title\" content=\"Pizza plate round 33cm - Digital print\" \/>\n<meta property=\"og:description\" content=\"Digital print dekor p\u00e5 pizzatallrik 33 cm. Perfekt storlek s\u00e5 pizzan f\u00e5r plats p\u00e5 tallriken.\" \/>\n<meta property=\"og:url\" content=\"https:\/\/blocho.se\/en\/produkt\/pizzatallrik-rund-33cm-digital-print\/\" \/>\n<meta property=\"og:site_name\" content=\"Blocho\" \/>\n<meta property=\"article:modified_time\" content=\"2023-05-12T06:19:23+00:00\" \/>\n<meta property=\"og:image\" content=\"https:\/\/blocho.se\/wp-content\/uploads\/2023\/04\/decor_091KJ.png\" \/>\n\t<meta property=\"og:image:width\" content=\"772\" \/>\n\t<meta property=\"og:image:height\" content=\"800\" \/>\n<meta name=\"twitter:card\" content=\"summary_large_image\" \/>\n<script type=\"application\/ld+json\" class=\"yoast-schema-graph\">{\"@context\":\"https:\/\/schema.org\",\"@graph\":[{\"@type\":\"WebSite\",\"@id\":\"https:\/\/blocho.se\/en\/#website\",\"url\":\"https:\/\/blocho.se\/en\/\",\"name\":\"Blocho\",\"description\":\"\",\"potentialAction\":[{\"@type\":\"SearchAction\",\"target\":\"https:\/\/blocho.se\/en\/?s={search_term_string}\",\"query-input\":\"required name=search_term_string\"}],\"inLanguage\":\"en-GB\"},{\"@type\":\"ImageObject\",\"@id\":\"https:\/\/blocho.se\/en\/produkt\/pizzatallrik-rund-33cm-digital-print\/#primaryimage\",\"inLanguage\":\"en-GB\",\"url\":\"https:\/\/blocho.se\/wp-content\/uploads\/2023\/04\/decor_091KJ.png\",\"width\":772,\"height\":800,\"caption\":\"[:sv]Blocho digital print[:]\"},{\"@type\":\"WebPage\",\"@id\":\"https:\/\/blocho.se\/en\/produkt\/pizzatallrik-rund-33cm-digital-print\/#webpage\",\"url\":\"https:\/\/blocho.se\/en\/produkt\/pizzatallrik-rund-33cm-digital-print\/\",\"name\":\"[:sv]Pizzatallrik rund 33cm - Digital print[:en]Pizza plate round 33cm - Digital print[:] - Blocho\",\"isPartOf\":{\"@id\":\"https:\/\/blocho.se\/en\/#website\"},\"primaryImageOfPage\":{\"@id\":\"https:\/\/blocho.se\/en\/produkt\/pizzatallrik-rund-33cm-digital-print\/#primaryimage\"},\"datePublished\":\"2023-04-21T06:58:54+00:00\",\"dateModified\":\"2023-05-12T06:19:23+00:00\",\"description\":\"Digital print dekor p\\u00e5 pizzatallrik 33 cm. Perfekt storlek s\\u00e5 pizzan f\\u00e5r plats p\\u00e5 tallriken.\",\"inLanguage\":\"en-GB\",\"potentialAction\":[{\"@type\":\"ReadAction\",\"target\":[\"https:\/\/blocho.se\/en\/produkt\/pizzatallrik-rund-33cm-digital-print\/\"]}]}]}<\/script>\n<!-- \/ Yoast SEO plugin. -->","_links":{"self":[{"href":"https:\/\/blocho.se\/en\/wp-json\/wp\/v2\/product\/2538"}],"collection":[{"href":"https:\/\/blocho.se\/en\/wp-json\/wp\/v2\/product"}],"about":[{"href":"https:\/\/blocho.se\/en\/wp-json\/wp\/v2\/types\/product"}],"wp:featuredmedia":[{"embeddable":true,"href":"https:\/\/blocho.se\/en\/wp-json\/wp\/v2\/media\/2632"}],"wp:attachment":[{"href":"https:\/\/blocho.se\/en\/wp-json\/wp\/v2\/media?parent=2538"}],"curies":[{"name":"wp","href":"https:\/\/api.w.org\/{rel}","templated":true}]}}