{"id":2325,"date":"2022-06-13T16:12:18","date_gmt":"2022-06-13T14:12:18","guid":{"rendered":"https:\/\/blocho.se\/?post_type=product&#038;p=2325"},"modified":"2022-09-23T10:21:31","modified_gmt":"2022-09-23T08:21:31","slug":"tallrik-175-cm-vit-utan-prickar-med-rand","status":"publish","type":"product","link":"https:\/\/blocho.se\/en\/produkt\/tallrik-175-cm-vit-utan-prickar-med-rand\/","title":{"rendered":"Plate flat 17,5 cm white"},"content":{"rendered":"<h2 style=\"text-align: center;\">About Plate flat 17,5 cm white<\/h2>\n<p style=\"text-align: center;\">This plate has rounded shapes and a raised edge that is suitable for small dishes. It is white and has a light brown painted edge. Durable feldspar porcelain.<\/p>\n<div id=\"gtx-trans\" style=\"position: absolute; left: 509px; top: 61.9062px;\">\n<div class=\"gtx-trans-icon\"><\/div>\n<\/div>\n","protected":false},"excerpt":{"rendered":"<p>This plate has rounded shapes and a raised edge that is suitable for small dishes. It is white and has a light brown painted edge. Durable feldspar porcelain.<\/p>\n<p>Brand: <strong>Blocho<\/strong><br \/>\nNumber of articles per package: <strong>6<\/strong> <strong>pcs<\/strong><br \/>\nStackable: <strong>Yes<\/strong><\/p>\n<p>Microwave safe, dishwasher safe, freezer safe.<\/p>\n","protected":false},"featured_media":2309,"template":"","meta":[],"yoast_head":"<!-- This site is optimized with the Yoast SEO plugin v14.7 - https:\/\/yoast.com\/wordpress\/plugins\/seo\/ -->\n<title>Plate flat 17,5 cm white - Blocho<\/title>\n<meta name=\"description\" content=\"Denna tallrik har rundade former och med en h\u00f6jd kant som passar f\u00f6r m\u00e5nga olika sm\u00e5r\u00e4tter eller som assiett. Den \u00e4r vit och har en ljusbrun m\u00e5lad kant. Slitstarkt f\u00e4ltspatsporslin.\" \/>\n<meta name=\"robots\" content=\"index, follow\" \/>\n<meta name=\"googlebot\" content=\"index, follow, max-snippet:-1, max-image-preview:large, max-video-preview:-1\" \/>\n<meta name=\"bingbot\" content=\"index, follow, max-snippet:-1, max-image-preview:large, max-video-preview:-1\" \/>\n<link rel=\"canonical\" href=\"https:\/\/blocho.se\/produkt\/tallrik-175-cm-vit-utan-prickar-med-rand\/\" \/>\n<meta property=\"og:locale\" content=\"en_GB\" \/>\n<meta property=\"og:type\" content=\"article\" \/>\n<meta property=\"og:title\" content=\"Plate flat 17,5 cm white\" \/>\n<meta property=\"og:description\" content=\"Denna tallrik har rundade former och med en h\u00f6jd kant som passar f\u00f6r m\u00e5nga olika sm\u00e5r\u00e4tter eller som assiett. Den \u00e4r vit och har en ljusbrun m\u00e5lad kant. Slitstarkt f\u00e4ltspatsporslin.\" \/>\n<meta property=\"og:url\" content=\"https:\/\/blocho.se\/produkt\/tallrik-175-cm-vit-utan-prickar-med-rand\/\" \/>\n<meta property=\"og:site_name\" content=\"Blocho\" \/>\n<meta property=\"article:modified_time\" content=\"2022-09-23T08:21:31+00:00\" \/>\n<meta property=\"og:image\" content=\"https:\/\/blocho.se\/wp-content\/uploads\/2022\/06\/432866981.png\" \/>\n\t<meta property=\"og:image:width\" content=\"800\" \/>\n\t<meta property=\"og:image:height\" content=\"800\" \/>\n<meta name=\"twitter:card\" content=\"summary_large_image\" \/>\n<script type=\"application\/ld+json\" class=\"yoast-schema-graph\">{\"@context\":\"https:\/\/schema.org\",\"@graph\":[{\"@type\":\"WebSite\",\"@id\":\"https:\/\/blocho.se\/en\/#website\",\"url\":\"https:\/\/blocho.se\/en\/\",\"name\":\"Blocho\",\"description\":\"\",\"potentialAction\":[{\"@type\":\"SearchAction\",\"target\":\"https:\/\/blocho.se\/en\/?s={search_term_string}\",\"query-input\":\"required name=search_term_string\"}],\"inLanguage\":\"en-GB\"},{\"@type\":\"ImageObject\",\"@id\":\"https:\/\/blocho.se\/produkt\/tallrik-175-cm-vit-utan-prickar-med-rand\/#primaryimage\",\"inLanguage\":\"en-GB\",\"url\":\"https:\/\/blocho.se\/wp-content\/uploads\/2022\/06\/432866981.png\",\"width\":800,\"height\":800,\"caption\":\"[:en]Tallrik 17,5 cm Vit utan prickar med rand[:]\"},{\"@type\":\"WebPage\",\"@id\":\"https:\/\/blocho.se\/produkt\/tallrik-175-cm-vit-utan-prickar-med-rand\/#webpage\",\"url\":\"https:\/\/blocho.se\/produkt\/tallrik-175-cm-vit-utan-prickar-med-rand\/\",\"name\":\"[:sv]Tallrik 17,5 cm Vit utan prickar med rand[:en]Plate flat 17,5 cm white[:] - Blocho\",\"isPartOf\":{\"@id\":\"https:\/\/blocho.se\/en\/#website\"},\"primaryImageOfPage\":{\"@id\":\"https:\/\/blocho.se\/produkt\/tallrik-175-cm-vit-utan-prickar-med-rand\/#primaryimage\"},\"datePublished\":\"2022-06-13T14:12:18+00:00\",\"dateModified\":\"2022-09-23T08:21:31+00:00\",\"description\":\"Denna tallrik har rundade former och med en h\\u00f6jd kant som passar f\\u00f6r m\\u00e5nga olika sm\\u00e5r\\u00e4tter eller som assiett. Den \\u00e4r vit och har en ljusbrun m\\u00e5lad kant. Slitstarkt f\\u00e4ltspatsporslin.\",\"inLanguage\":\"en-GB\",\"potentialAction\":[{\"@type\":\"ReadAction\",\"target\":[\"https:\/\/blocho.se\/produkt\/tallrik-175-cm-vit-utan-prickar-med-rand\/\"]}]}]}<\/script>\n<!-- \/ Yoast SEO plugin. -->","_links":{"self":[{"href":"https:\/\/blocho.se\/en\/wp-json\/wp\/v2\/product\/2325"}],"collection":[{"href":"https:\/\/blocho.se\/en\/wp-json\/wp\/v2\/product"}],"about":[{"href":"https:\/\/blocho.se\/en\/wp-json\/wp\/v2\/types\/product"}],"wp:featuredmedia":[{"embeddable":true,"href":"https:\/\/blocho.se\/en\/wp-json\/wp\/v2\/media\/2309"}],"wp:attachment":[{"href":"https:\/\/blocho.se\/en\/wp-json\/wp\/v2\/media?parent=2325"}],"curies":[{"name":"wp","href":"https:\/\/api.w.org\/{rel}","templated":true}]}}