{"id":2312,"date":"2022-06-03T11:22:05","date_gmt":"2022-06-03T09:22:05","guid":{"rendered":"https:\/\/blocho.se\/?post_type=product&#038;p=2312"},"modified":"2025-12-12T10:57:43","modified_gmt":"2025-12-12T09:57:43","slug":"skal-gra-30cm","status":"publish","type":"product","link":"https:\/\/blocho.se\/en\/produkt\/skal-gra-30cm\/","title":{"rendered":"Bowl grey 30cm"},"content":{"rendered":"<h2 style=\"text-align: center;\">About Bowl grey 30cm<\/h2>\n<p style=\"text-align: center;\">Very practical buffet bowl. Light weight in relation to its size.<\/p>\n<div id=\"gtx-trans\" style=\"position: absolute; left: 509px; top: 61.9062px;\">\n<div class=\"gtx-trans-icon\"><\/div>\n<\/div>\n","protected":false},"excerpt":{"rendered":"<p>Very practical buffet bowl. Light weight in relation to its size.<\/p>\n<p>Brand: <strong>Blocho<\/strong><br \/>\nNumber of articles per package: <strong>6 pcs<\/strong><br \/>\nStackable: <strong>Yes<br \/>\n<\/strong>Concept:<strong> Breakfast, Bigger workplace<\/strong><\/p>\n<p>Microwave safe, dishwasher safe, freezer safe.<\/p>\n","protected":false},"featured_media":2305,"template":"","meta":[],"yoast_head":"<!-- This site is optimized with the Yoast SEO plugin v14.7 - https:\/\/yoast.com\/wordpress\/plugins\/seo\/ -->\n<title>Bowl grey 30cm - Blocho<\/title>\n<meta name=\"description\" content=\"Sk\u00e5l gr\u00e5 30cm som fungerar mycket bra som buff\u00e9sk\u00e5l. L\u00e4tt vikt i f\u00f6rh\u00e5llande till sin storlek.\" \/>\n<meta name=\"robots\" content=\"index, follow\" \/>\n<meta name=\"googlebot\" content=\"index, follow, max-snippet:-1, max-image-preview:large, max-video-preview:-1\" \/>\n<meta name=\"bingbot\" content=\"index, follow, max-snippet:-1, max-image-preview:large, max-video-preview:-1\" \/>\n<link rel=\"canonical\" href=\"https:\/\/blocho.se\/produkt\/skal-gra-30cm\/\" \/>\n<meta property=\"og:locale\" content=\"en_GB\" \/>\n<meta property=\"og:type\" content=\"article\" \/>\n<meta property=\"og:title\" content=\"Bowl grey 30cm\" \/>\n<meta property=\"og:description\" content=\"Sk\u00e5l gr\u00e5 30cm som fungerar mycket bra som buff\u00e9sk\u00e5l. L\u00e4tt vikt i f\u00f6rh\u00e5llande till sin storlek.\" \/>\n<meta property=\"og:url\" content=\"https:\/\/blocho.se\/produkt\/skal-gra-30cm\/\" \/>\n<meta property=\"og:site_name\" content=\"Blocho\" \/>\n<meta property=\"article:modified_time\" content=\"2025-12-12T09:57:43+00:00\" \/>\n<meta property=\"og:image\" content=\"https:\/\/blocho.se\/wp-content\/uploads\/2022\/06\/95266981K1.png\" \/>\n\t<meta property=\"og:image:width\" content=\"800\" \/>\n\t<meta property=\"og:image:height\" content=\"800\" \/>\n<meta name=\"twitter:card\" content=\"summary_large_image\" \/>\n<script type=\"application\/ld+json\" class=\"yoast-schema-graph\">{\"@context\":\"https:\/\/schema.org\",\"@graph\":[{\"@type\":\"WebSite\",\"@id\":\"https:\/\/blocho.se\/en\/#website\",\"url\":\"https:\/\/blocho.se\/en\/\",\"name\":\"Blocho\",\"description\":\"\",\"potentialAction\":[{\"@type\":\"SearchAction\",\"target\":\"https:\/\/blocho.se\/en\/?s={search_term_string}\",\"query-input\":\"required name=search_term_string\"}],\"inLanguage\":\"en-GB\"},{\"@type\":\"ImageObject\",\"@id\":\"https:\/\/blocho.se\/produkt\/skal-gra-30cm\/#primaryimage\",\"inLanguage\":\"en-GB\",\"url\":\"https:\/\/blocho.se\/wp-content\/uploads\/2022\/06\/95266981K1.png\",\"width\":800,\"height\":800,\"caption\":\"[:en]Blocho Venus sk\\u00e5l 30 cm[:]\"},{\"@type\":\"WebPage\",\"@id\":\"https:\/\/blocho.se\/produkt\/skal-gra-30cm\/#webpage\",\"url\":\"https:\/\/blocho.se\/produkt\/skal-gra-30cm\/\",\"name\":\"[:sv]Sk\\u00e5l gr\\u00e5 450cl 30cm[:en]Bowl grey 30cm[:] - Blocho\",\"isPartOf\":{\"@id\":\"https:\/\/blocho.se\/en\/#website\"},\"primaryImageOfPage\":{\"@id\":\"https:\/\/blocho.se\/produkt\/skal-gra-30cm\/#primaryimage\"},\"datePublished\":\"2022-06-03T09:22:05+00:00\",\"dateModified\":\"2025-12-12T09:57:43+00:00\",\"description\":\"Sk\\u00e5l gr\\u00e5 30cm som fungerar mycket bra som buff\\u00e9sk\\u00e5l. L\\u00e4tt vikt i f\\u00f6rh\\u00e5llande till sin storlek.\",\"inLanguage\":\"en-GB\",\"potentialAction\":[{\"@type\":\"ReadAction\",\"target\":[\"https:\/\/blocho.se\/produkt\/skal-gra-30cm\/\"]}]}]}<\/script>\n<!-- \/ Yoast SEO plugin. -->","_links":{"self":[{"href":"https:\/\/blocho.se\/en\/wp-json\/wp\/v2\/product\/2312"}],"collection":[{"href":"https:\/\/blocho.se\/en\/wp-json\/wp\/v2\/product"}],"about":[{"href":"https:\/\/blocho.se\/en\/wp-json\/wp\/v2\/types\/product"}],"wp:featuredmedia":[{"embeddable":true,"href":"https:\/\/blocho.se\/en\/wp-json\/wp\/v2\/media\/2305"}],"wp:attachment":[{"href":"https:\/\/blocho.se\/en\/wp-json\/wp\/v2\/media?parent=2312"}],"curies":[{"name":"wp","href":"https:\/\/api.w.org\/{rel}","templated":true}]}}