{"id":2251,"date":"2022-02-19T14:16:53","date_gmt":"2022-02-19T13:16:53","guid":{"rendered":"https:\/\/blocho.se\/?post_type=product&#038;p=2251"},"modified":"2025-12-12T10:31:23","modified_gmt":"2025-12-12T09:31:23","slug":"skal-16cm-beige","status":"publish","type":"product","link":"https:\/\/blocho.se\/en\/produkt\/skal-16cm-beige\/","title":{"rendered":"Bowl 16cm 50cl beige"},"content":{"rendered":"<h2 style=\"text-align: center;\">About Bowl 16cm 50cl beige<\/h2>\n<p style=\"text-align: center;\">Beautiful bowl in warm light beige color and irregular decor. Suitable for all kinds of kitchen.<\/p>\n<div id=\"gtx-trans\" style=\"position: absolute; left: 509px; top: 61.9062px;\">\n<div class=\"gtx-trans-icon\"><\/div>\n<\/div>\n","protected":false},"excerpt":{"rendered":"<p>Beautiful bowl in warm light beige color and irregular decor. Suitable for all kinds of kitchen.<\/p>\n<p>Brand: <strong>Blocho<\/strong><br \/>\nNumber of articles per package: <strong>6 pcs<\/strong><br \/>\nStackable: <strong>Yes<\/strong><\/p>\n<p>Microwave safe, dishwasher safe, freezer safe.<\/p>\n","protected":false},"featured_media":2252,"template":"","meta":[],"yoast_head":"<!-- This site is optimized with the Yoast SEO plugin v14.7 - https:\/\/yoast.com\/wordpress\/plugins\/seo\/ -->\n<title>Bowl 16cm 50cl beige - Blocho<\/title>\n<meta name=\"description\" content=\"Vacker sk\u00e5l i varm ljusbeige f\u00e4rg och oregelbunden dekor som passar m\u00e5nga slags k\u00f6k.\" \/>\n<meta name=\"robots\" content=\"index, follow\" \/>\n<meta name=\"googlebot\" content=\"index, follow, max-snippet:-1, max-image-preview:large, max-video-preview:-1\" \/>\n<meta name=\"bingbot\" content=\"index, follow, max-snippet:-1, max-image-preview:large, max-video-preview:-1\" \/>\n<link rel=\"canonical\" href=\"https:\/\/blocho.se\/en\/produkt\/skal-16cm-beige\/\" \/>\n<meta property=\"og:locale\" content=\"en_GB\" \/>\n<meta property=\"og:type\" content=\"article\" \/>\n<meta property=\"og:title\" content=\"Bowl 16cm 50cl beige\" \/>\n<meta property=\"og:description\" content=\"Vacker sk\u00e5l i varm ljusbeige f\u00e4rg och oregelbunden dekor som passar m\u00e5nga slags k\u00f6k.\" \/>\n<meta property=\"og:url\" content=\"https:\/\/blocho.se\/en\/produkt\/skal-16cm-beige\/\" \/>\n<meta property=\"og:site_name\" content=\"Blocho\" \/>\n<meta property=\"article:modified_time\" content=\"2025-12-12T09:31:23+00:00\" \/>\n<meta property=\"og:image\" content=\"https:\/\/blocho.se\/wp-content\/uploads\/2022\/02\/CXOFD16KK730P02.png\" \/>\n\t<meta property=\"og:image:width\" content=\"800\" \/>\n\t<meta property=\"og:image:height\" content=\"800\" \/>\n<meta name=\"twitter:card\" content=\"summary_large_image\" \/>\n<script type=\"application\/ld+json\" class=\"yoast-schema-graph\">{\"@context\":\"https:\/\/schema.org\",\"@graph\":[{\"@type\":\"WebSite\",\"@id\":\"https:\/\/blocho.se\/en\/#website\",\"url\":\"https:\/\/blocho.se\/en\/\",\"name\":\"Blocho\",\"description\":\"\",\"potentialAction\":[{\"@type\":\"SearchAction\",\"target\":\"https:\/\/blocho.se\/en\/?s={search_term_string}\",\"query-input\":\"required name=search_term_string\"}],\"inLanguage\":\"en-GB\"},{\"@type\":\"ImageObject\",\"@id\":\"https:\/\/blocho.se\/en\/produkt\/skal-16cm-beige\/#primaryimage\",\"inLanguage\":\"en-GB\",\"url\":\"https:\/\/blocho.se\/wp-content\/uploads\/2022\/02\/CXOFD16KK730P02.png\",\"width\":800,\"height\":800,\"caption\":\"[:sv]Blocho sk\\u00e5l Pearl Colorx[:]\"},{\"@type\":\"WebPage\",\"@id\":\"https:\/\/blocho.se\/en\/produkt\/skal-16cm-beige\/#webpage\",\"url\":\"https:\/\/blocho.se\/en\/produkt\/skal-16cm-beige\/\",\"name\":\"[:sv]Sk\\u00e5l 16cm 50cl beige[:en]Bowl 16cm 50cl beige[:] - Blocho\",\"isPartOf\":{\"@id\":\"https:\/\/blocho.se\/en\/#website\"},\"primaryImageOfPage\":{\"@id\":\"https:\/\/blocho.se\/en\/produkt\/skal-16cm-beige\/#primaryimage\"},\"datePublished\":\"2022-02-19T13:16:53+00:00\",\"dateModified\":\"2025-12-12T09:31:23+00:00\",\"description\":\"Vacker sk\\u00e5l i varm ljusbeige f\\u00e4rg och oregelbunden dekor som passar m\\u00e5nga slags k\\u00f6k.\",\"inLanguage\":\"en-GB\",\"potentialAction\":[{\"@type\":\"ReadAction\",\"target\":[\"https:\/\/blocho.se\/en\/produkt\/skal-16cm-beige\/\"]}]}]}<\/script>\n<!-- \/ Yoast SEO plugin. -->","_links":{"self":[{"href":"https:\/\/blocho.se\/en\/wp-json\/wp\/v2\/product\/2251"}],"collection":[{"href":"https:\/\/blocho.se\/en\/wp-json\/wp\/v2\/product"}],"about":[{"href":"https:\/\/blocho.se\/en\/wp-json\/wp\/v2\/types\/product"}],"wp:featuredmedia":[{"embeddable":true,"href":"https:\/\/blocho.se\/en\/wp-json\/wp\/v2\/media\/2252"}],"wp:attachment":[{"href":"https:\/\/blocho.se\/en\/wp-json\/wp\/v2\/media?parent=2251"}],"curies":[{"name":"wp","href":"https:\/\/api.w.org\/{rel}","templated":true}]}}