{"id":2063,"date":"2021-06-14T12:35:28","date_gmt":"2021-06-14T10:35:28","guid":{"rendered":"https:\/\/blocho.se\/?post_type=product&#038;p=2063"},"modified":"2025-12-12T10:32:18","modified_gmt":"2025-12-12T09:32:18","slug":"skal-16cm-svart","status":"publish","type":"product","link":"https:\/\/blocho.se\/en\/produkt\/skal-16cm-svart\/","title":{"rendered":"Bowl 16cm 35cl black"},"content":{"rendered":"<h2 style=\"text-align: center;\">About Bowl 16cm 35cl black<\/h2>\n<p style=\"text-align: center;\">Bowl in black with a dark gray element in the decor that gives an elegant impression.<\/p>\n<div id=\"gtx-trans\" style=\"position: absolute; left: 509px; top: 61.9062px;\">\n<div class=\"gtx-trans-icon\"><\/div>\n<\/div>\n","protected":false},"excerpt":{"rendered":"<p>Bowl in black with a dark gray element in the decor that gives an elegant impression.<\/p>\n<p>Brand: <strong>Blocho<\/strong><br \/>\nNumber of articles per package: <strong>pcs<\/strong><br \/>\nStackable: <strong>Yes<\/strong><\/p>\n<p>Microwave safe, dishwasher safe, freezer safe.<\/p>\n","protected":false},"featured_media":1948,"template":"","meta":[],"yoast_head":"<!-- This site is optimized with the Yoast SEO plugin v14.7 - https:\/\/yoast.com\/wordpress\/plugins\/seo\/ -->\n<title>Bowl 16cm 35cl black - Blocho<\/title>\n<meta name=\"description\" content=\"Sk\u00e5l i svart med m\u00f6rkgr\u00e5tt inslag i dekoren som ger ett elegant intryck.\" \/>\n<meta name=\"robots\" content=\"index, follow\" \/>\n<meta name=\"googlebot\" content=\"index, follow, max-snippet:-1, max-image-preview:large, max-video-preview:-1\" \/>\n<meta name=\"bingbot\" content=\"index, follow, max-snippet:-1, max-image-preview:large, max-video-preview:-1\" \/>\n<link rel=\"canonical\" href=\"https:\/\/blocho.se\/produkt\/skal-16cm-svart\/\" \/>\n<meta property=\"og:locale\" content=\"en_GB\" \/>\n<meta property=\"og:type\" content=\"article\" \/>\n<meta property=\"og:title\" content=\"Bowl 16cm 35cl black\" \/>\n<meta property=\"og:description\" content=\"Sk\u00e5l i svart med m\u00f6rkgr\u00e5tt inslag i dekoren som ger ett elegant intryck.\" \/>\n<meta property=\"og:url\" content=\"https:\/\/blocho.se\/produkt\/skal-16cm-svart\/\" \/>\n<meta property=\"og:site_name\" content=\"Blocho\" \/>\n<meta property=\"article:modified_time\" content=\"2025-12-12T09:32:18+00:00\" \/>\n<meta property=\"og:image\" content=\"https:\/\/blocho.se\/wp-content\/uploads\/2021\/06\/NNFO16KK890220.png\" \/>\n\t<meta property=\"og:image:width\" content=\"800\" \/>\n\t<meta property=\"og:image:height\" content=\"800\" \/>\n<meta name=\"twitter:card\" content=\"summary_large_image\" \/>\n<script type=\"application\/ld+json\" class=\"yoast-schema-graph\">{\"@context\":\"https:\/\/schema.org\",\"@graph\":[{\"@type\":\"WebSite\",\"@id\":\"https:\/\/blocho.se\/en\/#website\",\"url\":\"https:\/\/blocho.se\/en\/\",\"name\":\"Blocho\",\"description\":\"\",\"potentialAction\":[{\"@type\":\"SearchAction\",\"target\":\"https:\/\/blocho.se\/en\/?s={search_term_string}\",\"query-input\":\"required name=search_term_string\"}],\"inLanguage\":\"en-GB\"},{\"@type\":\"ImageObject\",\"@id\":\"https:\/\/blocho.se\/produkt\/skal-16cm-svart\/#primaryimage\",\"inLanguage\":\"en-GB\",\"url\":\"https:\/\/blocho.se\/wp-content\/uploads\/2021\/06\/NNFO16KK890220.png\",\"width\":800,\"height\":800},{\"@type\":\"WebPage\",\"@id\":\"https:\/\/blocho.se\/produkt\/skal-16cm-svart\/#webpage\",\"url\":\"https:\/\/blocho.se\/produkt\/skal-16cm-svart\/\",\"name\":\"[:sv]Sk\\u00e5l 16cm 35cl svart[:en]Bowl 16cm 35cl black[:] - Blocho\",\"isPartOf\":{\"@id\":\"https:\/\/blocho.se\/en\/#website\"},\"primaryImageOfPage\":{\"@id\":\"https:\/\/blocho.se\/produkt\/skal-16cm-svart\/#primaryimage\"},\"datePublished\":\"2021-06-14T10:35:28+00:00\",\"dateModified\":\"2025-12-12T09:32:18+00:00\",\"description\":\"Sk\\u00e5l i svart med m\\u00f6rkgr\\u00e5tt inslag i dekoren som ger ett elegant intryck.\",\"inLanguage\":\"en-GB\",\"potentialAction\":[{\"@type\":\"ReadAction\",\"target\":[\"https:\/\/blocho.se\/produkt\/skal-16cm-svart\/\"]}]}]}<\/script>\n<!-- \/ Yoast SEO plugin. -->","_links":{"self":[{"href":"https:\/\/blocho.se\/en\/wp-json\/wp\/v2\/product\/2063"}],"collection":[{"href":"https:\/\/blocho.se\/en\/wp-json\/wp\/v2\/product"}],"about":[{"href":"https:\/\/blocho.se\/en\/wp-json\/wp\/v2\/types\/product"}],"wp:featuredmedia":[{"embeddable":true,"href":"https:\/\/blocho.se\/en\/wp-json\/wp\/v2\/media\/1948"}],"wp:attachment":[{"href":"https:\/\/blocho.se\/en\/wp-json\/wp\/v2\/media?parent=2063"}],"curies":[{"name":"wp","href":"https:\/\/api.w.org\/{rel}","templated":true}]}}