{"id":2061,"date":"2021-06-14T10:18:56","date_gmt":"2021-06-14T08:18:56","guid":{"rendered":"https:\/\/blocho.se\/?post_type=product&#038;p=2061"},"modified":"2021-08-30T12:23:18","modified_gmt":"2021-08-30T10:23:18","slug":"tallrik-oval-27cm-svart","status":"publish","type":"product","link":"https:\/\/blocho.se\/en\/produkt\/tallrik-oval-27cm-svart\/","title":{"rendered":"Plate oval 27cm black"},"content":{"rendered":"<h2 style=\"text-align: center;\">About Plate oval 27cm black<\/h2>\n<p>Beautiful oval plate in black with a dark gray element in the decor that gives an elegant impression.<\/p>\n<p>&nbsp;<\/p>\n<div id=\"gtx-trans\" style=\"position: absolute; left: 509px; top: 61.9062px;\">\n<div class=\"gtx-trans-icon\"><\/div>\n<\/div>\n","protected":false},"excerpt":{"rendered":"<p>Beautiful oval plate in black with a dark gray element in the decor that gives an elegant impression.<\/p>\n<p>&nbsp;<\/p>\n<p>Brand: <strong>Blocho<\/strong><br \/>\nNumber of articles per package: <strong>6<\/strong><strong>\u00a0pcs<\/strong><br \/>\nStackable: <strong>Yes<\/strong><\/p>\n<p>Microwave safe, dishwasher safe, freezer safe.<\/p>\n","protected":false},"featured_media":1947,"template":"","meta":[],"yoast_head":"<!-- This site is optimized with the Yoast SEO plugin v14.7 - https:\/\/yoast.com\/wordpress\/plugins\/seo\/ -->\n<title>Plate oval 27cm black - Blocho<\/title>\n<meta name=\"description\" content=\"En fin f\u00f6rr\u00e4tts\/desserttallrik med sofistikerad bl\u00e5gr\u00e5 ton och oregelbunden dekor som passar m\u00e5nga slags k\u00f6k.\" \/>\n<meta name=\"robots\" content=\"index, follow\" \/>\n<meta name=\"googlebot\" content=\"index, follow, max-snippet:-1, max-image-preview:large, max-video-preview:-1\" \/>\n<meta name=\"bingbot\" content=\"index, follow, max-snippet:-1, max-image-preview:large, max-video-preview:-1\" \/>\n<link rel=\"canonical\" href=\"https:\/\/blocho.se\/produkt\/tallrik-oval-27cm-svart\/\" \/>\n<meta property=\"og:locale\" content=\"en_GB\" \/>\n<meta property=\"og:type\" content=\"article\" \/>\n<meta property=\"og:title\" content=\"Plate oval 27cm black\" \/>\n<meta property=\"og:description\" content=\"En fin f\u00f6rr\u00e4tts\/desserttallrik med sofistikerad bl\u00e5gr\u00e5 ton och oregelbunden dekor som passar m\u00e5nga slags k\u00f6k.\" \/>\n<meta property=\"og:url\" content=\"https:\/\/blocho.se\/produkt\/tallrik-oval-27cm-svart\/\" \/>\n<meta property=\"og:site_name\" content=\"Blocho\" \/>\n<meta property=\"article:modified_time\" content=\"2021-08-30T10:23:18+00:00\" \/>\n<meta property=\"og:image\" content=\"https:\/\/blocho.se\/wp-content\/uploads\/2021\/06\/NNBOH27KY890220.png\" \/>\n\t<meta property=\"og:image:width\" content=\"800\" \/>\n\t<meta property=\"og:image:height\" content=\"800\" \/>\n<meta name=\"twitter:card\" content=\"summary_large_image\" \/>\n<script type=\"application\/ld+json\" class=\"yoast-schema-graph\">{\"@context\":\"https:\/\/schema.org\",\"@graph\":[{\"@type\":\"WebSite\",\"@id\":\"https:\/\/blocho.se\/en\/#website\",\"url\":\"https:\/\/blocho.se\/en\/\",\"name\":\"Blocho\",\"description\":\"\",\"potentialAction\":[{\"@type\":\"SearchAction\",\"target\":\"https:\/\/blocho.se\/en\/?s={search_term_string}\",\"query-input\":\"required name=search_term_string\"}],\"inLanguage\":\"en-GB\"},{\"@type\":\"ImageObject\",\"@id\":\"https:\/\/blocho.se\/produkt\/tallrik-oval-27cm-svart\/#primaryimage\",\"inLanguage\":\"en-GB\",\"url\":\"https:\/\/blocho.se\/wp-content\/uploads\/2021\/06\/NNBOH27KY890220.png\",\"width\":800,\"height\":800},{\"@type\":\"WebPage\",\"@id\":\"https:\/\/blocho.se\/produkt\/tallrik-oval-27cm-svart\/#webpage\",\"url\":\"https:\/\/blocho.se\/produkt\/tallrik-oval-27cm-svart\/\",\"name\":\"[:sv]Tallrik oval 27cm svart[:en]Plate oval 27cm black[:] - Blocho\",\"isPartOf\":{\"@id\":\"https:\/\/blocho.se\/en\/#website\"},\"primaryImageOfPage\":{\"@id\":\"https:\/\/blocho.se\/produkt\/tallrik-oval-27cm-svart\/#primaryimage\"},\"datePublished\":\"2021-06-14T08:18:56+00:00\",\"dateModified\":\"2021-08-30T10:23:18+00:00\",\"description\":\"En fin f\\u00f6rr\\u00e4tts\/desserttallrik med sofistikerad bl\\u00e5gr\\u00e5 ton och oregelbunden dekor som passar m\\u00e5nga slags k\\u00f6k.\",\"inLanguage\":\"en-GB\",\"potentialAction\":[{\"@type\":\"ReadAction\",\"target\":[\"https:\/\/blocho.se\/produkt\/tallrik-oval-27cm-svart\/\"]}]}]}<\/script>\n<!-- \/ Yoast SEO plugin. -->","_links":{"self":[{"href":"https:\/\/blocho.se\/en\/wp-json\/wp\/v2\/product\/2061"}],"collection":[{"href":"https:\/\/blocho.se\/en\/wp-json\/wp\/v2\/product"}],"about":[{"href":"https:\/\/blocho.se\/en\/wp-json\/wp\/v2\/types\/product"}],"wp:featuredmedia":[{"embeddable":true,"href":"https:\/\/blocho.se\/en\/wp-json\/wp\/v2\/media\/1947"}],"wp:attachment":[{"href":"https:\/\/blocho.se\/en\/wp-json\/wp\/v2\/media?parent=2061"}],"curies":[{"name":"wp","href":"https:\/\/api.w.org\/{rel}","templated":true}]}}