{"id":2046,"date":"2021-06-11T16:34:12","date_gmt":"2021-06-11T14:34:12","guid":{"rendered":"https:\/\/blocho.se\/?post_type=product&#038;p=2046"},"modified":"2021-08-30T13:26:17","modified_gmt":"2021-08-30T11:26:17","slug":"mugg-24cl-grabla","status":"publish","type":"product","link":"https:\/\/blocho.se\/en\/produkt\/mugg-24cl-grabla\/","title":{"rendered":"Mug 24cl blue"},"content":{"rendered":"<h2 style=\"text-align: center;\">About Mug 24cl blue<\/h2>\n<p style=\"text-align: center;\">Elegant mug in a beautiful blue-gray color and irregular decor that fits in most environments.<\/p>\n<div id=\"gtx-trans\" style=\"position: absolute; left: 509px; top: 61.9062px;\">\n<div class=\"gtx-trans-icon\"><\/div>\n<\/div>\n","protected":false},"excerpt":{"rendered":"<p>Elegant mug in a beautiful blue-gray color and irregular decor that fits in most environments.<\/p>\n<p>Brand: <strong>Blocho<\/strong><br \/>\nNumber of articles per package: <strong>6 pcs<\/strong><br \/>\nStackable: <strong>Yes<\/strong><\/p>\n<p>Microwave safe, dishwasher safe, freezer safe.<\/p>\n","protected":false},"featured_media":1959,"template":"","meta":[],"yoast_head":"<!-- This site is optimized with the Yoast SEO plugin v14.7 - https:\/\/yoast.com\/wordpress\/plugins\/seo\/ -->\n<title>Mug 24cl blue - Blocho<\/title>\n<meta name=\"description\" content=\"Elegant mugg i vacker gr\u00e5bl\u00e5 f\u00e4rg och oregelbunden dekor som passar i de flesta milj\u00f6er.\" \/>\n<meta name=\"robots\" content=\"index, follow\" \/>\n<meta name=\"googlebot\" content=\"index, follow, max-snippet:-1, max-image-preview:large, max-video-preview:-1\" \/>\n<meta name=\"bingbot\" content=\"index, follow, max-snippet:-1, max-image-preview:large, max-video-preview:-1\" \/>\n<link rel=\"canonical\" href=\"https:\/\/blocho.se\/produkt\/mugg-24cl-grabla\/\" \/>\n<meta property=\"og:locale\" content=\"en_GB\" \/>\n<meta property=\"og:type\" content=\"article\" \/>\n<meta property=\"og:title\" content=\"Mug 24cl blue\" \/>\n<meta property=\"og:description\" content=\"Elegant mugg i vacker gr\u00e5bl\u00e5 f\u00e4rg och oregelbunden dekor som passar i de flesta milj\u00f6er.\" \/>\n<meta property=\"og:url\" content=\"https:\/\/blocho.se\/produkt\/mugg-24cl-grabla\/\" \/>\n<meta property=\"og:site_name\" content=\"Blocho\" \/>\n<meta property=\"article:modified_time\" content=\"2021-08-30T11:26:17+00:00\" \/>\n<meta property=\"og:image\" content=\"https:\/\/blocho.se\/wp-content\/uploads\/2021\/06\/LM01MG730P01.png\" \/>\n\t<meta property=\"og:image:width\" content=\"783\" \/>\n\t<meta property=\"og:image:height\" content=\"800\" \/>\n<meta name=\"twitter:card\" content=\"summary_large_image\" \/>\n<script type=\"application\/ld+json\" class=\"yoast-schema-graph\">{\"@context\":\"https:\/\/schema.org\",\"@graph\":[{\"@type\":\"WebSite\",\"@id\":\"https:\/\/blocho.se\/en\/#website\",\"url\":\"https:\/\/blocho.se\/en\/\",\"name\":\"Blocho\",\"description\":\"\",\"potentialAction\":[{\"@type\":\"SearchAction\",\"target\":\"https:\/\/blocho.se\/en\/?s={search_term_string}\",\"query-input\":\"required name=search_term_string\"}],\"inLanguage\":\"en-GB\"},{\"@type\":\"ImageObject\",\"@id\":\"https:\/\/blocho.se\/produkt\/mugg-24cl-grabla\/#primaryimage\",\"inLanguage\":\"en-GB\",\"url\":\"https:\/\/blocho.se\/wp-content\/uploads\/2021\/06\/LM01MG730P01.png\",\"width\":783,\"height\":800},{\"@type\":\"WebPage\",\"@id\":\"https:\/\/blocho.se\/produkt\/mugg-24cl-grabla\/#webpage\",\"url\":\"https:\/\/blocho.se\/produkt\/mugg-24cl-grabla\/\",\"name\":\"[:sv]Mugg 24cl gr\\u00e5bl\\u00e5[:en]Mug 24cl blue[:] - Blocho\",\"isPartOf\":{\"@id\":\"https:\/\/blocho.se\/en\/#website\"},\"primaryImageOfPage\":{\"@id\":\"https:\/\/blocho.se\/produkt\/mugg-24cl-grabla\/#primaryimage\"},\"datePublished\":\"2021-06-11T14:34:12+00:00\",\"dateModified\":\"2021-08-30T11:26:17+00:00\",\"description\":\"Elegant mugg i vacker gr\\u00e5bl\\u00e5 f\\u00e4rg och oregelbunden dekor som passar i de flesta milj\\u00f6er.\",\"inLanguage\":\"en-GB\",\"potentialAction\":[{\"@type\":\"ReadAction\",\"target\":[\"https:\/\/blocho.se\/produkt\/mugg-24cl-grabla\/\"]}]}]}<\/script>\n<!-- \/ Yoast SEO plugin. -->","_links":{"self":[{"href":"https:\/\/blocho.se\/en\/wp-json\/wp\/v2\/product\/2046"}],"collection":[{"href":"https:\/\/blocho.se\/en\/wp-json\/wp\/v2\/product"}],"about":[{"href":"https:\/\/blocho.se\/en\/wp-json\/wp\/v2\/types\/product"}],"wp:featuredmedia":[{"embeddable":true,"href":"https:\/\/blocho.se\/en\/wp-json\/wp\/v2\/media\/1959"}],"wp:attachment":[{"href":"https:\/\/blocho.se\/en\/wp-json\/wp\/v2\/media?parent=2046"}],"curies":[{"name":"wp","href":"https:\/\/api.w.org\/{rel}","templated":true}]}}