{"id":2006,"date":"2021-06-04T16:19:32","date_gmt":"2021-06-04T14:19:32","guid":{"rendered":"https:\/\/blocho.se\/?post_type=product&#038;p=2006"},"modified":"2021-08-30T13:40:20","modified_gmt":"2021-08-30T11:40:20","slug":"tallrik-flat-27x20cm-gron","status":"publish","type":"product","link":"https:\/\/blocho.se\/en\/produkt\/tallrik-flat-27x20cm-gron\/","title":{"rendered":"Plate flat 27X20cm green"},"content":{"rendered":"<h2 style=\"text-align: center;\">About Plate flat 27X20cm green<\/h2>\n<p style=\"text-align: center;\">Rectangular plate with a warm light green tone and irregular decor that fits most environments.<\/p>\n<div id=\"gtx-trans\" style=\"position: absolute; left: 509px; top: 61.9062px;\">\n<div class=\"gtx-trans-icon\"><\/div>\n<\/div>\n","protected":false},"excerpt":{"rendered":"<p>Rectangular plate with a warm light green tone and irregular decor that fits most environments.<\/p>\n<p>Brand: <strong>Blocho<\/strong><br \/>\nNumber of articles per package: <strong>6 pcs<\/strong><br \/>\nStackable: <strong>Yes<\/strong><\/p>\n<p>Microwave safe, dishwasher safe, freezer safe.<\/p>\n","protected":false},"featured_media":1984,"template":"","meta":[],"yoast_head":"<!-- This site is optimized with the Yoast SEO plugin v14.7 - https:\/\/yoast.com\/wordpress\/plugins\/seo\/ -->\n<title>Plate flat 27X20cm green - Blocho<\/title>\n<meta name=\"description\" content=\"Rektangul\u00e4r tallrik med varm ljusgr\u00f6n ton och oregelbunden dekor som passar i de flesta milj\u00f6er.\" \/>\n<meta name=\"robots\" content=\"index, follow\" \/>\n<meta name=\"googlebot\" content=\"index, follow, max-snippet:-1, max-image-preview:large, max-video-preview:-1\" \/>\n<meta name=\"bingbot\" content=\"index, follow, max-snippet:-1, max-image-preview:large, max-video-preview:-1\" \/>\n<link rel=\"canonical\" href=\"https:\/\/blocho.se\/produkt\/tallrik-flat-27x20cm-gron\/\" \/>\n<meta property=\"og:locale\" content=\"en_GB\" \/>\n<meta property=\"og:type\" content=\"article\" \/>\n<meta property=\"og:title\" content=\"Plate flat 27X20cm green\" \/>\n<meta property=\"og:description\" content=\"Rektangul\u00e4r tallrik med varm ljusgr\u00f6n ton och oregelbunden dekor som passar i de flesta milj\u00f6er.\" \/>\n<meta property=\"og:url\" content=\"https:\/\/blocho.se\/produkt\/tallrik-flat-27x20cm-gron\/\" \/>\n<meta property=\"og:site_name\" content=\"Blocho\" \/>\n<meta property=\"article:modified_time\" content=\"2021-08-30T11:40:20+00:00\" \/>\n<meta property=\"og:image\" content=\"https:\/\/blocho.se\/wp-content\/uploads\/2021\/06\/TAN27X20DU730P03.png\" \/>\n\t<meta property=\"og:image:width\" content=\"800\" \/>\n\t<meta property=\"og:image:height\" content=\"800\" \/>\n<meta name=\"twitter:card\" content=\"summary_large_image\" \/>\n<script type=\"application\/ld+json\" class=\"yoast-schema-graph\">{\"@context\":\"https:\/\/schema.org\",\"@graph\":[{\"@type\":\"WebSite\",\"@id\":\"https:\/\/blocho.se\/en\/#website\",\"url\":\"https:\/\/blocho.se\/en\/\",\"name\":\"Blocho\",\"description\":\"\",\"potentialAction\":[{\"@type\":\"SearchAction\",\"target\":\"https:\/\/blocho.se\/en\/?s={search_term_string}\",\"query-input\":\"required name=search_term_string\"}],\"inLanguage\":\"en-GB\"},{\"@type\":\"ImageObject\",\"@id\":\"https:\/\/blocho.se\/produkt\/tallrik-flat-27x20cm-gron\/#primaryimage\",\"inLanguage\":\"en-GB\",\"url\":\"https:\/\/blocho.se\/wp-content\/uploads\/2021\/06\/TAN27X20DU730P03.png\",\"width\":800,\"height\":800,\"caption\":\"[:sv]Porslin Blocho tallrik ljusgr\\u00f6n[:]\"},{\"@type\":\"WebPage\",\"@id\":\"https:\/\/blocho.se\/produkt\/tallrik-flat-27x20cm-gron\/#webpage\",\"url\":\"https:\/\/blocho.se\/produkt\/tallrik-flat-27x20cm-gron\/\",\"name\":\"[:sv]Tallrik flat 27X20cm gr\\u00f6n[:en]Plate flat 27X20cm green[:] - Blocho\",\"isPartOf\":{\"@id\":\"https:\/\/blocho.se\/en\/#website\"},\"primaryImageOfPage\":{\"@id\":\"https:\/\/blocho.se\/produkt\/tallrik-flat-27x20cm-gron\/#primaryimage\"},\"datePublished\":\"2021-06-04T14:19:32+00:00\",\"dateModified\":\"2021-08-30T11:40:20+00:00\",\"description\":\"Rektangul\\u00e4r tallrik med varm ljusgr\\u00f6n ton och oregelbunden dekor som passar i de flesta milj\\u00f6er.\",\"inLanguage\":\"en-GB\",\"potentialAction\":[{\"@type\":\"ReadAction\",\"target\":[\"https:\/\/blocho.se\/produkt\/tallrik-flat-27x20cm-gron\/\"]}]}]}<\/script>\n<!-- \/ Yoast SEO plugin. -->","_links":{"self":[{"href":"https:\/\/blocho.se\/en\/wp-json\/wp\/v2\/product\/2006"}],"collection":[{"href":"https:\/\/blocho.se\/en\/wp-json\/wp\/v2\/product"}],"about":[{"href":"https:\/\/blocho.se\/en\/wp-json\/wp\/v2\/types\/product"}],"wp:featuredmedia":[{"embeddable":true,"href":"https:\/\/blocho.se\/en\/wp-json\/wp\/v2\/media\/1984"}],"wp:attachment":[{"href":"https:\/\/blocho.se\/en\/wp-json\/wp\/v2\/media?parent=2006"}],"curies":[{"name":"wp","href":"https:\/\/api.w.org\/{rel}","templated":true}]}}