{"id":1997,"date":"2021-06-04T15:14:30","date_gmt":"2021-06-04T13:14:30","guid":{"rendered":"https:\/\/blocho.se\/?post_type=product&#038;p=1997"},"modified":"2021-08-30T13:44:08","modified_gmt":"2021-08-30T11:44:08","slug":"tallrik-flat-30x22cm-grabla","status":"publish","type":"product","link":"https:\/\/blocho.se\/en\/produkt\/tallrik-flat-30x22cm-grabla\/","title":{"rendered":"Plate flat 30X22cm grayish blue"},"content":{"rendered":"<h2 style=\"text-align: center;\">About Plate flat 30X22cm grayish blue<\/h2>\n<p style=\"text-align: center;\">Rectangular plate in beautiful blue-gray tone and irregular decor. Suitable for both a fine restaurant and a lunch restaurant.<\/p>\n<div id=\"gtx-trans\" style=\"position: absolute; left: 509px; top: 61.9062px;\">\n<div class=\"gtx-trans-icon\"><\/div>\n<\/div>\n","protected":false},"excerpt":{"rendered":"<p>Rectangular plate in beautiful blue-gray tone and irregular decor. Suitable for both a fine restaurant and a lunch restaurant.<\/p>\n<p>Brand: <strong>Blocho<\/strong><br \/>\nNumber of articles per package: <strong>6 pcs<\/strong><br \/>\nStackable: <strong>Yes<\/strong><\/p>\n<p>Microwave safe, dishwasher safe, freezer safe.<\/p>\n","protected":false},"featured_media":1985,"template":"","meta":[],"yoast_head":"<!-- This site is optimized with the Yoast SEO plugin v14.7 - https:\/\/yoast.com\/wordpress\/plugins\/seo\/ -->\n<title>Plate flat 30X22cm grayish blue - Blocho<\/title>\n<meta name=\"description\" content=\"Rektangul\u00e4r tallrik med sofistikerad gr\u00e5bl\u00e5 ton och oregelbunden dekor som passar de flesta slags k\u00f6k.\" \/>\n<meta name=\"robots\" content=\"index, follow\" \/>\n<meta name=\"googlebot\" content=\"index, follow, max-snippet:-1, max-image-preview:large, max-video-preview:-1\" \/>\n<meta name=\"bingbot\" content=\"index, follow, max-snippet:-1, max-image-preview:large, max-video-preview:-1\" \/>\n<link rel=\"canonical\" href=\"https:\/\/blocho.se\/produkt\/tallrik-flat-30x22cm-grabla\/\" \/>\n<meta property=\"og:locale\" content=\"en_GB\" \/>\n<meta property=\"og:type\" content=\"article\" \/>\n<meta property=\"og:title\" content=\"Plate flat 30X22cm grayish blue\" \/>\n<meta property=\"og:description\" content=\"Rektangul\u00e4r tallrik med sofistikerad gr\u00e5bl\u00e5 ton och oregelbunden dekor som passar de flesta slags k\u00f6k.\" \/>\n<meta property=\"og:url\" content=\"https:\/\/blocho.se\/produkt\/tallrik-flat-30x22cm-grabla\/\" \/>\n<meta property=\"og:site_name\" content=\"Blocho\" \/>\n<meta property=\"article:modified_time\" content=\"2021-08-30T11:44:08+00:00\" \/>\n<meta property=\"og:image\" content=\"https:\/\/blocho.se\/wp-content\/uploads\/2021\/06\/TAN30X22DU730P01.png\" \/>\n\t<meta property=\"og:image:width\" content=\"800\" \/>\n\t<meta property=\"og:image:height\" content=\"800\" \/>\n<meta name=\"twitter:card\" content=\"summary_large_image\" \/>\n<script type=\"application\/ld+json\" class=\"yoast-schema-graph\">{\"@context\":\"https:\/\/schema.org\",\"@graph\":[{\"@type\":\"WebSite\",\"@id\":\"https:\/\/blocho.se\/en\/#website\",\"url\":\"https:\/\/blocho.se\/en\/\",\"name\":\"Blocho\",\"description\":\"\",\"potentialAction\":[{\"@type\":\"SearchAction\",\"target\":\"https:\/\/blocho.se\/en\/?s={search_term_string}\",\"query-input\":\"required name=search_term_string\"}],\"inLanguage\":\"en-GB\"},{\"@type\":\"ImageObject\",\"@id\":\"https:\/\/blocho.se\/produkt\/tallrik-flat-30x22cm-grabla\/#primaryimage\",\"inLanguage\":\"en-GB\",\"url\":\"https:\/\/blocho.se\/wp-content\/uploads\/2021\/06\/TAN30X22DU730P01.png\",\"width\":800,\"height\":800,\"caption\":\"[:sv]Tallrik porslin Blocho flat gr\\u00e5bl\\u00e5[:]\"},{\"@type\":\"WebPage\",\"@id\":\"https:\/\/blocho.se\/produkt\/tallrik-flat-30x22cm-grabla\/#webpage\",\"url\":\"https:\/\/blocho.se\/produkt\/tallrik-flat-30x22cm-grabla\/\",\"name\":\"[:sv]Tallrik flat 30X22cm gr\\u00e5bl\\u00e5[:en]Plate flat 30X22cm grayish blue[:] - Blocho\",\"isPartOf\":{\"@id\":\"https:\/\/blocho.se\/en\/#website\"},\"primaryImageOfPage\":{\"@id\":\"https:\/\/blocho.se\/produkt\/tallrik-flat-30x22cm-grabla\/#primaryimage\"},\"datePublished\":\"2021-06-04T13:14:30+00:00\",\"dateModified\":\"2021-08-30T11:44:08+00:00\",\"description\":\"Rektangul\\u00e4r tallrik med sofistikerad gr\\u00e5bl\\u00e5 ton och oregelbunden dekor som passar de flesta slags k\\u00f6k.\",\"inLanguage\":\"en-GB\",\"potentialAction\":[{\"@type\":\"ReadAction\",\"target\":[\"https:\/\/blocho.se\/produkt\/tallrik-flat-30x22cm-grabla\/\"]}]}]}<\/script>\n<!-- \/ Yoast SEO plugin. -->","_links":{"self":[{"href":"https:\/\/blocho.se\/en\/wp-json\/wp\/v2\/product\/1997"}],"collection":[{"href":"https:\/\/blocho.se\/en\/wp-json\/wp\/v2\/product"}],"about":[{"href":"https:\/\/blocho.se\/en\/wp-json\/wp\/v2\/types\/product"}],"wp:featuredmedia":[{"embeddable":true,"href":"https:\/\/blocho.se\/en\/wp-json\/wp\/v2\/media\/1985"}],"wp:attachment":[{"href":"https:\/\/blocho.se\/en\/wp-json\/wp\/v2\/media?parent=1997"}],"curies":[{"name":"wp","href":"https:\/\/api.w.org\/{rel}","templated":true}]}}