{"id":1315,"date":"2020-08-11T11:26:25","date_gmt":"2020-08-11T09:26:25","guid":{"rendered":"https:\/\/blocho.se\/?post_type=product&#038;p=1315"},"modified":"2020-12-11T10:06:27","modified_gmt":"2020-12-11T09:06:27","slug":"tallrik-rund-grabla-175cm","status":"publish","type":"product","link":"https:\/\/blocho.se\/en\/produkt\/tallrik-rund-grabla-175cm\/","title":{"rendered":"Plate round grayish blue 17.5 cm"},"content":{"rendered":"<h2 style=\"text-align: center;\">About Plate round grayish blue 17.5 cm<\/h2>\n<p style=\"text-align: center;\">Stylish and modern plate with a high edge in grayish blue color.<\/p>\n<div id=\"gtx-trans\" style=\"position: absolute; left: 509px; top: 61.9062px;\">\n<div class=\"gtx-trans-icon\"><\/div>\n<\/div>\n","protected":false},"excerpt":{"rendered":"<p>Stylish and modern plate with a high edge in grayish blue colour.<\/p>\n<p>Brand: <strong>Blocho<\/strong><br \/>\nNumber of articles per package: <strong>12 pcs<\/strong><br \/>\nStackable: <strong>Yes<br \/>\n<\/strong>Concept:<strong> Caf\u00e9<br \/>\n<\/strong><\/p>\n<p>Microwave safe, dishwasher safe, freezer safe.<\/p>\n","protected":false},"featured_media":1361,"template":"","meta":[],"yoast_head":"<!-- This site is optimized with the Yoast SEO plugin v14.7 - https:\/\/yoast.com\/wordpress\/plugins\/seo\/ -->\n<title>Plate round grayish blue 17.5 cm - Blocho<\/title>\n<meta name=\"description\" content=\"Stilren och modern tallrik med h\u00f6g kant i gr\u00e5bl\u00e5 f\u00e4rg. Tallrik rund gr\u00e5bl\u00e5 17,5cm\" \/>\n<meta name=\"robots\" content=\"index, follow\" \/>\n<meta name=\"googlebot\" content=\"index, follow, max-snippet:-1, max-image-preview:large, max-video-preview:-1\" \/>\n<meta name=\"bingbot\" content=\"index, follow, max-snippet:-1, max-image-preview:large, max-video-preview:-1\" \/>\n<link rel=\"canonical\" href=\"https:\/\/blocho.se\/produkt\/tallrik-rund-grabla-175cm\/\" \/>\n<meta property=\"og:locale\" content=\"en_GB\" \/>\n<meta property=\"og:type\" content=\"article\" \/>\n<meta property=\"og:title\" content=\"Plate round grayish blue 17.5 cm\" \/>\n<meta property=\"og:description\" content=\"Stilren och modern tallrik med h\u00f6g kant i gr\u00e5bl\u00e5 f\u00e4rg. Tallrik rund gr\u00e5bl\u00e5 17,5cm\" \/>\n<meta property=\"og:url\" content=\"https:\/\/blocho.se\/produkt\/tallrik-rund-grabla-175cm\/\" \/>\n<meta property=\"og:site_name\" content=\"Blocho\" \/>\n<meta property=\"article:modified_time\" content=\"2020-12-11T09:06:27+00:00\" \/>\n<meta property=\"og:image\" content=\"https:\/\/blocho.se\/wp-content\/uploads\/2020\/08\/4129-K-9.png\" \/>\n\t<meta property=\"og:image:width\" content=\"800\" \/>\n\t<meta property=\"og:image:height\" content=\"800\" \/>\n<meta name=\"twitter:card\" content=\"summary_large_image\" \/>\n<script type=\"application\/ld+json\" class=\"yoast-schema-graph\">{\"@context\":\"https:\/\/schema.org\",\"@graph\":[{\"@type\":\"WebSite\",\"@id\":\"https:\/\/blocho.se\/en\/#website\",\"url\":\"https:\/\/blocho.se\/en\/\",\"name\":\"Blocho\",\"description\":\"\",\"potentialAction\":[{\"@type\":\"SearchAction\",\"target\":\"https:\/\/blocho.se\/en\/?s={search_term_string}\",\"query-input\":\"required name=search_term_string\"}],\"inLanguage\":\"en-GB\"},{\"@type\":\"ImageObject\",\"@id\":\"https:\/\/blocho.se\/produkt\/tallrik-rund-grabla-175cm\/#primaryimage\",\"inLanguage\":\"en-GB\",\"url\":\"https:\/\/blocho.se\/wp-content\/uploads\/2020\/08\/4129-K-9.png\",\"width\":800,\"height\":800,\"caption\":\"Tallrik rund gr\\u00e5bl\\u00e5 17,5cm\"},{\"@type\":\"WebPage\",\"@id\":\"https:\/\/blocho.se\/produkt\/tallrik-rund-grabla-175cm\/#webpage\",\"url\":\"https:\/\/blocho.se\/produkt\/tallrik-rund-grabla-175cm\/\",\"name\":\"[:sv]Tallrik rund gr\\u00e5bl\\u00e5 17,5cm[:en]Plate round grayish blue 17.5 cm[:] - Blocho\",\"isPartOf\":{\"@id\":\"https:\/\/blocho.se\/en\/#website\"},\"primaryImageOfPage\":{\"@id\":\"https:\/\/blocho.se\/produkt\/tallrik-rund-grabla-175cm\/#primaryimage\"},\"datePublished\":\"2020-08-11T09:26:25+00:00\",\"dateModified\":\"2020-12-11T09:06:27+00:00\",\"description\":\"Stilren och modern tallrik med h\\u00f6g kant i gr\\u00e5bl\\u00e5 f\\u00e4rg. Tallrik rund gr\\u00e5bl\\u00e5 17,5cm\",\"inLanguage\":\"en-GB\",\"potentialAction\":[{\"@type\":\"ReadAction\",\"target\":[\"https:\/\/blocho.se\/produkt\/tallrik-rund-grabla-175cm\/\"]}]}]}<\/script>\n<!-- \/ Yoast SEO plugin. -->","_links":{"self":[{"href":"https:\/\/blocho.se\/en\/wp-json\/wp\/v2\/product\/1315"}],"collection":[{"href":"https:\/\/blocho.se\/en\/wp-json\/wp\/v2\/product"}],"about":[{"href":"https:\/\/blocho.se\/en\/wp-json\/wp\/v2\/types\/product"}],"wp:featuredmedia":[{"embeddable":true,"href":"https:\/\/blocho.se\/en\/wp-json\/wp\/v2\/media\/1361"}],"wp:attachment":[{"href":"https:\/\/blocho.se\/en\/wp-json\/wp\/v2\/media?parent=1315"}],"curies":[{"name":"wp","href":"https:\/\/api.w.org\/{rel}","templated":true}]}}