{"id":1302,"date":"2020-08-11T09:12:39","date_gmt":"2020-08-11T07:12:39","guid":{"rendered":"https:\/\/blocho.se\/?post_type=product&#038;p=1302"},"modified":"2020-12-11T09:59:28","modified_gmt":"2020-12-11T08:59:28","slug":"tallrik-rund-gra-20cm","status":"publish","type":"product","link":"https:\/\/blocho.se\/en\/produkt\/tallrik-rund-gra-20cm\/","title":{"rendered":"Plate round grey 20cm"},"content":{"rendered":"<h2 style=\"text-align: center;\">About Plate round grey 20cm<\/h2>\n<p style=\"text-align: center;\">Stylish and modern plate with a high edge in gray color suitable for starters and desserts.<\/p>\n<div id=\"gtx-trans\" style=\"position: absolute; left: 509px; top: 61.9062px;\">\n<div class=\"gtx-trans-icon\"><\/div>\n<\/div>\n","protected":false},"excerpt":{"rendered":"<p>Stylish and modern plate with a high edge in gray color suitable for starters and desserts.<\/p>\n<p>Brand: <strong>Blocho<\/strong><br \/>\nNumber of articles per package: <strong>24 pcs<\/strong><br \/>\nStackable: <strong>Yes<br \/>\n<\/strong>Concept:<strong> Caf\u00e9<\/strong><\/p>\n<p>Microwave safe, dishwasher safe, freezer safe.<\/p>\n","protected":false},"featured_media":1362,"template":"","meta":[],"yoast_head":"<!-- This site is optimized with the Yoast SEO plugin v14.7 - https:\/\/yoast.com\/wordpress\/plugins\/seo\/ -->\n<title>Plate round grey 20cm - Blocho<\/title>\n<meta name=\"description\" content=\"Stilren och modern tallrik 20 cm med h\u00f6g kant i gr\u00e5 f\u00e4rg l\u00e4mplig till f\u00f6rr\u00e4tter och desserter.\" \/>\n<meta name=\"robots\" content=\"index, follow\" \/>\n<meta name=\"googlebot\" content=\"index, follow, max-snippet:-1, max-image-preview:large, max-video-preview:-1\" \/>\n<meta name=\"bingbot\" content=\"index, follow, max-snippet:-1, max-image-preview:large, max-video-preview:-1\" \/>\n<link rel=\"canonical\" href=\"https:\/\/blocho.se\/produkt\/tallrik-rund-gra-20cm\/\" \/>\n<meta property=\"og:locale\" content=\"en_GB\" \/>\n<meta property=\"og:type\" content=\"article\" \/>\n<meta property=\"og:title\" content=\"Plate round grey 20cm\" \/>\n<meta property=\"og:description\" content=\"Stilren och modern tallrik 20 cm med h\u00f6g kant i gr\u00e5 f\u00e4rg l\u00e4mplig till f\u00f6rr\u00e4tter och desserter.\" \/>\n<meta property=\"og:url\" content=\"https:\/\/blocho.se\/produkt\/tallrik-rund-gra-20cm\/\" \/>\n<meta property=\"og:site_name\" content=\"Blocho\" \/>\n<meta property=\"article:modified_time\" content=\"2020-12-11T08:59:28+00:00\" \/>\n<meta property=\"og:image\" content=\"https:\/\/blocho.se\/wp-content\/uploads\/2020\/08\/4180-K-1.png\" \/>\n\t<meta property=\"og:image:width\" content=\"800\" \/>\n\t<meta property=\"og:image:height\" content=\"800\" \/>\n<meta name=\"twitter:card\" content=\"summary_large_image\" \/>\n<script type=\"application\/ld+json\" class=\"yoast-schema-graph\">{\"@context\":\"https:\/\/schema.org\",\"@graph\":[{\"@type\":\"WebSite\",\"@id\":\"https:\/\/blocho.se\/en\/#website\",\"url\":\"https:\/\/blocho.se\/en\/\",\"name\":\"Blocho\",\"description\":\"\",\"potentialAction\":[{\"@type\":\"SearchAction\",\"target\":\"https:\/\/blocho.se\/en\/?s={search_term_string}\",\"query-input\":\"required name=search_term_string\"}],\"inLanguage\":\"en-GB\"},{\"@type\":\"ImageObject\",\"@id\":\"https:\/\/blocho.se\/produkt\/tallrik-rund-gra-20cm\/#primaryimage\",\"inLanguage\":\"en-GB\",\"url\":\"https:\/\/blocho.se\/wp-content\/uploads\/2020\/08\/4180-K-1.png\",\"width\":800,\"height\":800,\"caption\":\"Porslin tallrik\"},{\"@type\":\"WebPage\",\"@id\":\"https:\/\/blocho.se\/produkt\/tallrik-rund-gra-20cm\/#webpage\",\"url\":\"https:\/\/blocho.se\/produkt\/tallrik-rund-gra-20cm\/\",\"name\":\"[:sv]Tallrik rund gr\\u00e5 20cm[:en]Plate round grey 20cm[:] - Blocho\",\"isPartOf\":{\"@id\":\"https:\/\/blocho.se\/en\/#website\"},\"primaryImageOfPage\":{\"@id\":\"https:\/\/blocho.se\/produkt\/tallrik-rund-gra-20cm\/#primaryimage\"},\"datePublished\":\"2020-08-11T07:12:39+00:00\",\"dateModified\":\"2020-12-11T08:59:28+00:00\",\"description\":\"Stilren och modern tallrik 20 cm med h\\u00f6g kant i gr\\u00e5 f\\u00e4rg l\\u00e4mplig till f\\u00f6rr\\u00e4tter och desserter.\",\"inLanguage\":\"en-GB\",\"potentialAction\":[{\"@type\":\"ReadAction\",\"target\":[\"https:\/\/blocho.se\/produkt\/tallrik-rund-gra-20cm\/\"]}]}]}<\/script>\n<!-- \/ Yoast SEO plugin. -->","_links":{"self":[{"href":"https:\/\/blocho.se\/en\/wp-json\/wp\/v2\/product\/1302"}],"collection":[{"href":"https:\/\/blocho.se\/en\/wp-json\/wp\/v2\/product"}],"about":[{"href":"https:\/\/blocho.se\/en\/wp-json\/wp\/v2\/types\/product"}],"wp:featuredmedia":[{"embeddable":true,"href":"https:\/\/blocho.se\/en\/wp-json\/wp\/v2\/media\/1362"}],"wp:attachment":[{"href":"https:\/\/blocho.se\/en\/wp-json\/wp\/v2\/media?parent=1302"}],"curies":[{"name":"wp","href":"https:\/\/api.w.org\/{rel}","templated":true}]}}