{"id":1139,"date":"2020-08-03T15:00:17","date_gmt":"2020-08-03T13:00:17","guid":{"rendered":"https:\/\/blocho.se\/?post_type=product&#038;p=1139"},"modified":"2020-12-11T08:59:36","modified_gmt":"2020-12-11T07:59:36","slug":"tallrik-djup-rund-vit-27cm","status":"publish","type":"product","link":"https:\/\/blocho.se\/en\/produkt\/tallrik-djup-rund-vit-27cm\/","title":{"rendered":"Plate deep round white 27cm"},"content":{"rendered":"<h2 style=\"text-align: center;\">About Plate deep round white 27cm<\/h2>\n<p style=\"text-align: center;\">Elegant plate with wide brim. Perfect for starters and desserts.<\/p>\n<div id=\"gtx-trans\" style=\"position: absolute; left: 509px; top: 61.9062px;\">\n<div class=\"gtx-trans-icon\"><\/div>\n<\/div>\n","protected":false},"excerpt":{"rendered":"<p>Elegant plate with wide brim. Perfect for starters and desserts.<\/p>\n<p>Brand: <strong>Blocho<\/strong><br \/>\nNumber of articles per package: <strong>6 pcs<\/strong><br \/>\nStackable: <strong>Yes<\/strong><\/p>\n<p>Microwave safe, dishwasher safe, freezer safe.<\/p>\n","protected":false},"featured_media":1140,"template":"","meta":[],"yoast_head":"<!-- This site is optimized with the Yoast SEO plugin v14.7 - https:\/\/yoast.com\/wordpress\/plugins\/seo\/ -->\n<title>Plate deep round white 27cm - Blocho<\/title>\n<meta name=\"description\" content=\"Elegant tallrik med brett br\u00e4m. Perfekt till f\u00f6rr\u00e4tter och desserter. Tallrik djup rund vit 27cm.\" \/>\n<meta name=\"robots\" content=\"index, follow\" \/>\n<meta name=\"googlebot\" content=\"index, follow, max-snippet:-1, max-image-preview:large, max-video-preview:-1\" \/>\n<meta name=\"bingbot\" content=\"index, follow, max-snippet:-1, max-image-preview:large, max-video-preview:-1\" \/>\n<link rel=\"canonical\" href=\"https:\/\/blocho.se\/produkt\/tallrik-djup-rund-vit-27cm\/\" \/>\n<meta property=\"og:locale\" content=\"en_GB\" \/>\n<meta property=\"og:type\" content=\"article\" \/>\n<meta property=\"og:title\" content=\"Plate deep round white 27cm\" \/>\n<meta property=\"og:description\" content=\"Elegant tallrik med brett br\u00e4m. Perfekt till f\u00f6rr\u00e4tter och desserter. Tallrik djup rund vit 27cm.\" \/>\n<meta property=\"og:url\" content=\"https:\/\/blocho.se\/produkt\/tallrik-djup-rund-vit-27cm\/\" \/>\n<meta property=\"og:site_name\" content=\"Blocho\" \/>\n<meta property=\"article:modified_time\" content=\"2020-12-11T07:59:36+00:00\" \/>\n<meta property=\"og:image\" content=\"https:\/\/blocho.se\/wp-content\/uploads\/2020\/08\/2135.png\" \/>\n\t<meta property=\"og:image:width\" content=\"800\" \/>\n\t<meta property=\"og:image:height\" content=\"800\" \/>\n<meta name=\"twitter:card\" content=\"summary_large_image\" \/>\n<script type=\"application\/ld+json\" class=\"yoast-schema-graph\">{\"@context\":\"https:\/\/schema.org\",\"@graph\":[{\"@type\":\"WebSite\",\"@id\":\"https:\/\/blocho.se\/en\/#website\",\"url\":\"https:\/\/blocho.se\/en\/\",\"name\":\"Blocho\",\"description\":\"\",\"potentialAction\":[{\"@type\":\"SearchAction\",\"target\":\"https:\/\/blocho.se\/en\/?s={search_term_string}\",\"query-input\":\"required name=search_term_string\"}],\"inLanguage\":\"en-GB\"},{\"@type\":\"ImageObject\",\"@id\":\"https:\/\/blocho.se\/produkt\/tallrik-djup-rund-vit-27cm\/#primaryimage\",\"inLanguage\":\"en-GB\",\"url\":\"https:\/\/blocho.se\/wp-content\/uploads\/2020\/08\/2135.png\",\"width\":800,\"height\":800,\"caption\":\"Tallrik djup rund vit 27cm\"},{\"@type\":\"WebPage\",\"@id\":\"https:\/\/blocho.se\/produkt\/tallrik-djup-rund-vit-27cm\/#webpage\",\"url\":\"https:\/\/blocho.se\/produkt\/tallrik-djup-rund-vit-27cm\/\",\"name\":\"[:sv]Tallrik djup rund vit 27cm[:en]Plate deep round white 27cm[:] - Blocho\",\"isPartOf\":{\"@id\":\"https:\/\/blocho.se\/en\/#website\"},\"primaryImageOfPage\":{\"@id\":\"https:\/\/blocho.se\/produkt\/tallrik-djup-rund-vit-27cm\/#primaryimage\"},\"datePublished\":\"2020-08-03T13:00:17+00:00\",\"dateModified\":\"2020-12-11T07:59:36+00:00\",\"description\":\"Elegant tallrik med brett br\\u00e4m. Perfekt till f\\u00f6rr\\u00e4tter och desserter. Tallrik djup rund vit 27cm.\",\"inLanguage\":\"en-GB\",\"potentialAction\":[{\"@type\":\"ReadAction\",\"target\":[\"https:\/\/blocho.se\/produkt\/tallrik-djup-rund-vit-27cm\/\"]}]}]}<\/script>\n<!-- \/ Yoast SEO plugin. -->","_links":{"self":[{"href":"https:\/\/blocho.se\/en\/wp-json\/wp\/v2\/product\/1139"}],"collection":[{"href":"https:\/\/blocho.se\/en\/wp-json\/wp\/v2\/product"}],"about":[{"href":"https:\/\/blocho.se\/en\/wp-json\/wp\/v2\/types\/product"}],"wp:featuredmedia":[{"embeddable":true,"href":"https:\/\/blocho.se\/en\/wp-json\/wp\/v2\/media\/1140"}],"wp:attachment":[{"href":"https:\/\/blocho.se\/en\/wp-json\/wp\/v2\/media?parent=1139"}],"curies":[{"name":"wp","href":"https:\/\/api.w.org\/{rel}","templated":true}]}}