{"id":1131,"date":"2020-08-03T14:27:44","date_gmt":"2020-08-03T12:27:44","guid":{"rendered":"https:\/\/blocho.se\/?post_type=product&#038;p=1131"},"modified":"2021-01-05T16:31:15","modified_gmt":"2021-01-05T15:31:15","slug":"tallrik-rektangular-vit-29x13cm","status":"publish","type":"product","link":"https:\/\/blocho.se\/en\/produkt\/tallrik-rektangular-vit-29x13cm\/","title":{"rendered":"Plate rectangular white 29x13cm"},"content":{"rendered":"<h2 style=\"text-align: center;\">About Plate rectangular white 29x13cm<\/h2>\n<p style=\"text-align: center;\">A rectangular series with softer shapes popular with e.g. Asian buffet and sushi.<\/p>\n<div id=\"gtx-trans\" style=\"position: absolute; left: 509px; top: 61.9062px;\">\n<div class=\"gtx-trans-icon\"><\/div>\n<\/div>\n","protected":false},"excerpt":{"rendered":"<p>A rectangular series with softer shapes popular with e.g. Asian buffet and sushi.<\/p>\n<p>Brand: <strong>Blocho<\/strong><br \/>\nNumber of articles per package: <strong>6 pcs<\/strong><br \/>\nStackable: <strong>Yes<\/strong><\/p>\n<p>Microwave safe, dishwasher safe, freezer safe.<\/p>\n","protected":false},"featured_media":1067,"template":"","meta":[],"yoast_head":"<!-- This site is optimized with the Yoast SEO plugin v14.7 - https:\/\/yoast.com\/wordpress\/plugins\/seo\/ -->\n<title>Plate rectangular white 29x13cm - Blocho<\/title>\n<meta name=\"description\" content=\"Tallrik rektangul\u00e4r vit 29x13cm. En rektangul\u00e4r serie med mjukare former popul\u00e4r till bl.a. asiatisk buff\u00e9 och sushi.\" \/>\n<meta name=\"robots\" content=\"index, follow\" \/>\n<meta name=\"googlebot\" content=\"index, follow, max-snippet:-1, max-image-preview:large, max-video-preview:-1\" \/>\n<meta name=\"bingbot\" content=\"index, follow, max-snippet:-1, max-image-preview:large, max-video-preview:-1\" \/>\n<link rel=\"canonical\" href=\"https:\/\/blocho.se\/en\/produkt\/tallrik-rektangular-vit-29x13cm\/\" \/>\n<meta property=\"og:locale\" content=\"en_GB\" \/>\n<meta property=\"og:type\" content=\"article\" \/>\n<meta property=\"og:title\" content=\"Plate rectangular white 29x13cm\" \/>\n<meta property=\"og:description\" content=\"Tallrik rektangul\u00e4r vit 29x13cm. En rektangul\u00e4r serie med mjukare former popul\u00e4r till bl.a. asiatisk buff\u00e9 och sushi.\" \/>\n<meta property=\"og:url\" content=\"https:\/\/blocho.se\/en\/produkt\/tallrik-rektangular-vit-29x13cm\/\" \/>\n<meta property=\"og:site_name\" content=\"Blocho\" \/>\n<meta property=\"article:modified_time\" content=\"2021-01-05T15:31:15+00:00\" \/>\n<meta property=\"og:image\" content=\"https:\/\/blocho.se\/wp-content\/uploads\/2020\/07\/4338_4336_4334.png\" \/>\n\t<meta property=\"og:image:width\" content=\"800\" \/>\n\t<meta property=\"og:image:height\" content=\"800\" \/>\n<meta name=\"twitter:card\" content=\"summary_large_image\" \/>\n<script type=\"application\/ld+json\" class=\"yoast-schema-graph\">{\"@context\":\"https:\/\/schema.org\",\"@graph\":[{\"@type\":\"WebSite\",\"@id\":\"https:\/\/blocho.se\/en\/#website\",\"url\":\"https:\/\/blocho.se\/en\/\",\"name\":\"Blocho\",\"description\":\"\",\"potentialAction\":[{\"@type\":\"SearchAction\",\"target\":\"https:\/\/blocho.se\/en\/?s={search_term_string}\",\"query-input\":\"required name=search_term_string\"}],\"inLanguage\":\"en-GB\"},{\"@type\":\"ImageObject\",\"@id\":\"https:\/\/blocho.se\/en\/produkt\/tallrik-rektangular-vit-29x13cm\/#primaryimage\",\"inLanguage\":\"en-GB\",\"url\":\"https:\/\/blocho.se\/wp-content\/uploads\/2020\/07\/4338_4336_4334.png\",\"width\":800,\"height\":800,\"caption\":\"Porslin tallrik\"},{\"@type\":\"WebPage\",\"@id\":\"https:\/\/blocho.se\/en\/produkt\/tallrik-rektangular-vit-29x13cm\/#webpage\",\"url\":\"https:\/\/blocho.se\/en\/produkt\/tallrik-rektangular-vit-29x13cm\/\",\"name\":\"[:sv]Tallrik rektangul\\u00e4r vit 29x13cm[:en]Plate rectangular white 29x13cm[:] - Blocho\",\"isPartOf\":{\"@id\":\"https:\/\/blocho.se\/en\/#website\"},\"primaryImageOfPage\":{\"@id\":\"https:\/\/blocho.se\/en\/produkt\/tallrik-rektangular-vit-29x13cm\/#primaryimage\"},\"datePublished\":\"2020-08-03T12:27:44+00:00\",\"dateModified\":\"2021-01-05T15:31:15+00:00\",\"description\":\"Tallrik rektangul\\u00e4r vit 29x13cm. En rektangul\\u00e4r serie med mjukare former popul\\u00e4r till bl.a. asiatisk buff\\u00e9 och sushi.\",\"inLanguage\":\"en-GB\",\"potentialAction\":[{\"@type\":\"ReadAction\",\"target\":[\"https:\/\/blocho.se\/en\/produkt\/tallrik-rektangular-vit-29x13cm\/\"]}]}]}<\/script>\n<!-- \/ Yoast SEO plugin. -->","_links":{"self":[{"href":"https:\/\/blocho.se\/en\/wp-json\/wp\/v2\/product\/1131"}],"collection":[{"href":"https:\/\/blocho.se\/en\/wp-json\/wp\/v2\/product"}],"about":[{"href":"https:\/\/blocho.se\/en\/wp-json\/wp\/v2\/types\/product"}],"wp:featuredmedia":[{"embeddable":true,"href":"https:\/\/blocho.se\/en\/wp-json\/wp\/v2\/media\/1067"}],"wp:attachment":[{"href":"https:\/\/blocho.se\/en\/wp-json\/wp\/v2\/media?parent=1131"}],"curies":[{"name":"wp","href":"https:\/\/api.w.org\/{rel}","templated":true}]}}