{"id":1040,"date":"2020-07-30T17:50:18","date_gmt":"2020-07-30T15:50:18","guid":{"rendered":"https:\/\/blocho.se\/?post_type=product&#038;p=1040"},"modified":"2025-12-12T10:52:26","modified_gmt":"2025-12-12T09:52:26","slug":"skal-vit-65cm","status":"publish","type":"product","link":"https:\/\/blocho.se\/en\/produkt\/skal-vit-65cm\/","title":{"rendered":"Bowl white 5cl 6,5cm"},"content":{"rendered":"<h2 style=\"text-align: center;\">About Bowl white 5cl 6,5cm<\/h2>\n<p style=\"text-align: center;\">Suitable as a butter bowl or for dipping sauce.<\/p>\n<div id=\"gtx-trans\" style=\"position: absolute; left: 509px; top: 61.9062px;\">\n<div class=\"gtx-trans-icon\"><\/div>\n<\/div>\n","protected":false},"excerpt":{"rendered":"<p>Suitable as a butter bowl or for dipping sauce.<\/p>\n<p>Brand: <strong>Blocho<\/strong><br \/>\nNumber of articles per package: <strong>36 pcs<\/strong><br \/>\nStackable: <strong>No<br \/>\n<\/strong>Concept:<strong> Caf\u00e9, Pizza &#038; kebab, Dinner, Anniversery &#038; Wedding, Bistro<br \/>\n<\/strong><\/p>\n<p>Microwave safe, dishwasher safe, freezer safe.<\/p>\n","protected":false},"featured_media":1041,"template":"","meta":[],"yoast_head":"<!-- This site is optimized with the Yoast SEO plugin v14.7 - https:\/\/yoast.com\/wordpress\/plugins\/seo\/ -->\n<title>Bowl white 5cl 6,5cm - Blocho<\/title>\n<meta name=\"description\" content=\"Sk\u00e5l vit 6,5cm som passar bra som sm\u00f6rsk\u00e5l eller till dipps\u00e5s.\" \/>\n<meta name=\"robots\" content=\"index, follow\" \/>\n<meta name=\"googlebot\" content=\"index, follow, max-snippet:-1, max-image-preview:large, max-video-preview:-1\" \/>\n<meta name=\"bingbot\" content=\"index, follow, max-snippet:-1, max-image-preview:large, max-video-preview:-1\" \/>\n<link rel=\"canonical\" href=\"https:\/\/blocho.se\/en\/produkt\/skal-vit-65cm\/\" \/>\n<meta property=\"og:locale\" content=\"en_GB\" \/>\n<meta property=\"og:type\" content=\"article\" \/>\n<meta property=\"og:title\" content=\"Bowl white 5cl 6,5cm\" \/>\n<meta property=\"og:description\" content=\"Sk\u00e5l vit 6,5cm som passar bra som sm\u00f6rsk\u00e5l eller till dipps\u00e5s.\" \/>\n<meta property=\"og:url\" content=\"https:\/\/blocho.se\/en\/produkt\/skal-vit-65cm\/\" \/>\n<meta property=\"og:site_name\" content=\"Blocho\" \/>\n<meta property=\"article:modified_time\" content=\"2025-12-12T09:52:26+00:00\" \/>\n<meta property=\"og:image\" content=\"https:\/\/blocho.se\/wp-content\/uploads\/2020\/07\/1370.png\" \/>\n\t<meta property=\"og:image:width\" content=\"800\" \/>\n\t<meta property=\"og:image:height\" content=\"800\" \/>\n<meta name=\"twitter:card\" content=\"summary_large_image\" \/>\n<script type=\"application\/ld+json\" class=\"yoast-schema-graph\">{\"@context\":\"https:\/\/schema.org\",\"@graph\":[{\"@type\":\"WebSite\",\"@id\":\"https:\/\/blocho.se\/en\/#website\",\"url\":\"https:\/\/blocho.se\/en\/\",\"name\":\"Blocho\",\"description\":\"\",\"potentialAction\":[{\"@type\":\"SearchAction\",\"target\":\"https:\/\/blocho.se\/en\/?s={search_term_string}\",\"query-input\":\"required name=search_term_string\"}],\"inLanguage\":\"en-GB\"},{\"@type\":\"ImageObject\",\"@id\":\"https:\/\/blocho.se\/en\/produkt\/skal-vit-65cm\/#primaryimage\",\"inLanguage\":\"en-GB\",\"url\":\"https:\/\/blocho.se\/wp-content\/uploads\/2020\/07\/1370.png\",\"width\":800,\"height\":800,\"caption\":\"Porslin sk\\u00e5l liten\"},{\"@type\":\"WebPage\",\"@id\":\"https:\/\/blocho.se\/en\/produkt\/skal-vit-65cm\/#webpage\",\"url\":\"https:\/\/blocho.se\/en\/produkt\/skal-vit-65cm\/\",\"name\":\"[:sv]Sk\\u00e5l vit 5cl 6,5cm[:en]Bowl white 5cl 6,5cm[:] - Blocho\",\"isPartOf\":{\"@id\":\"https:\/\/blocho.se\/en\/#website\"},\"primaryImageOfPage\":{\"@id\":\"https:\/\/blocho.se\/en\/produkt\/skal-vit-65cm\/#primaryimage\"},\"datePublished\":\"2020-07-30T15:50:18+00:00\",\"dateModified\":\"2025-12-12T09:52:26+00:00\",\"description\":\"Sk\\u00e5l vit 6,5cm som passar bra som sm\\u00f6rsk\\u00e5l eller till dipps\\u00e5s.\",\"inLanguage\":\"en-GB\",\"potentialAction\":[{\"@type\":\"ReadAction\",\"target\":[\"https:\/\/blocho.se\/en\/produkt\/skal-vit-65cm\/\"]}]}]}<\/script>\n<!-- \/ Yoast SEO plugin. -->","_links":{"self":[{"href":"https:\/\/blocho.se\/en\/wp-json\/wp\/v2\/product\/1040"}],"collection":[{"href":"https:\/\/blocho.se\/en\/wp-json\/wp\/v2\/product"}],"about":[{"href":"https:\/\/blocho.se\/en\/wp-json\/wp\/v2\/types\/product"}],"wp:featuredmedia":[{"embeddable":true,"href":"https:\/\/blocho.se\/en\/wp-json\/wp\/v2\/media\/1041"}],"wp:attachment":[{"href":"https:\/\/blocho.se\/en\/wp-json\/wp\/v2\/media?parent=1040"}],"curies":[{"name":"wp","href":"https:\/\/api.w.org\/{rel}","templated":true}]}}