{"id":1033,"date":"2020-07-30T17:24:03","date_gmt":"2020-07-30T15:24:03","guid":{"rendered":"https:\/\/blocho.se\/?post_type=product&#038;p=1033"},"modified":"2025-12-12T10:50:46","modified_gmt":"2025-12-12T09:50:46","slug":"skal-vit-12cm-2","status":"publish","type":"product","link":"https:\/\/blocho.se\/en\/produkt\/skal-vit-12cm-2\/","title":{"rendered":"Bowl white 45cl 12cm"},"content":{"rendered":"<h2 style=\"text-align: center;\">About Bowl white 45cl 12cm<\/h2>\n<p style=\"text-align: center;\">Bowl that goes well with a breakfast buffet or with french fries.<\/p>\n<div id=\"gtx-trans\" style=\"position: absolute; left: 509px; top: 61.9062px;\">\n<div class=\"gtx-trans-icon\"><\/div>\n<\/div>\n","protected":false},"excerpt":{"rendered":"<p>Bowl that goes well with a breakfast buffet or with french fries.<\/p>\n<p>Brand: <strong>Blocho<\/strong><br \/>\nNumber of articles per package: <strong>24 pcs<\/strong><br \/>\nStackable: <strong>Yes<\/strong><\/p>\n<p>Microwave safe, dishwasher safe, freezer safe.<\/p>\n","protected":false},"featured_media":1034,"template":"","meta":[],"yoast_head":"<!-- This site is optimized with the Yoast SEO plugin v14.7 - https:\/\/yoast.com\/wordpress\/plugins\/seo\/ -->\n<title>Bowl white 45cl 12cm - Blocho<\/title>\n<meta name=\"description\" content=\"Sk\u00e5l vit 12cm som passar utm\u00e4rkt p\u00e5 en frukostbuff\u00e9 eller till pommes frites.\" \/>\n<meta name=\"robots\" content=\"index, follow\" \/>\n<meta name=\"googlebot\" content=\"index, follow, max-snippet:-1, max-image-preview:large, max-video-preview:-1\" \/>\n<meta name=\"bingbot\" content=\"index, follow, max-snippet:-1, max-image-preview:large, max-video-preview:-1\" \/>\n<link rel=\"canonical\" href=\"https:\/\/blocho.se\/produkt\/skal-vit-12cm-2\/\" \/>\n<meta property=\"og:locale\" content=\"en_GB\" \/>\n<meta property=\"og:type\" content=\"article\" \/>\n<meta property=\"og:title\" content=\"Bowl white 45cl 12cm\" \/>\n<meta property=\"og:description\" content=\"Sk\u00e5l vit 12cm som passar utm\u00e4rkt p\u00e5 en frukostbuff\u00e9 eller till pommes frites.\" \/>\n<meta property=\"og:url\" content=\"https:\/\/blocho.se\/produkt\/skal-vit-12cm-2\/\" \/>\n<meta property=\"og:site_name\" content=\"Blocho\" \/>\n<meta property=\"article:modified_time\" content=\"2025-12-12T09:50:46+00:00\" \/>\n<meta property=\"og:image\" content=\"https:\/\/blocho.se\/wp-content\/uploads\/2020\/07\/1624.png\" \/>\n\t<meta property=\"og:image:width\" content=\"800\" \/>\n\t<meta property=\"og:image:height\" content=\"800\" \/>\n<meta name=\"twitter:card\" content=\"summary_large_image\" \/>\n<script type=\"application\/ld+json\" class=\"yoast-schema-graph\">{\"@context\":\"https:\/\/schema.org\",\"@graph\":[{\"@type\":\"WebSite\",\"@id\":\"https:\/\/blocho.se\/en\/#website\",\"url\":\"https:\/\/blocho.se\/en\/\",\"name\":\"Blocho\",\"description\":\"\",\"potentialAction\":[{\"@type\":\"SearchAction\",\"target\":\"https:\/\/blocho.se\/en\/?s={search_term_string}\",\"query-input\":\"required name=search_term_string\"}],\"inLanguage\":\"en-GB\"},{\"@type\":\"ImageObject\",\"@id\":\"https:\/\/blocho.se\/produkt\/skal-vit-12cm-2\/#primaryimage\",\"inLanguage\":\"en-GB\",\"url\":\"https:\/\/blocho.se\/wp-content\/uploads\/2020\/07\/1624.png\",\"width\":800,\"height\":800,\"caption\":\"Porslin sk\\u00e5l\"},{\"@type\":\"WebPage\",\"@id\":\"https:\/\/blocho.se\/produkt\/skal-vit-12cm-2\/#webpage\",\"url\":\"https:\/\/blocho.se\/produkt\/skal-vit-12cm-2\/\",\"name\":\"[:sv]Sk\\u00e5l vit 45cl 12cm[:en]Bowl white 45cl 12cm[:] - Blocho\",\"isPartOf\":{\"@id\":\"https:\/\/blocho.se\/en\/#website\"},\"primaryImageOfPage\":{\"@id\":\"https:\/\/blocho.se\/produkt\/skal-vit-12cm-2\/#primaryimage\"},\"datePublished\":\"2020-07-30T15:24:03+00:00\",\"dateModified\":\"2025-12-12T09:50:46+00:00\",\"description\":\"Sk\\u00e5l vit 12cm som passar utm\\u00e4rkt p\\u00e5 en frukostbuff\\u00e9 eller till pommes frites.\",\"inLanguage\":\"en-GB\",\"potentialAction\":[{\"@type\":\"ReadAction\",\"target\":[\"https:\/\/blocho.se\/produkt\/skal-vit-12cm-2\/\"]}]}]}<\/script>\n<!-- \/ Yoast SEO plugin. -->","_links":{"self":[{"href":"https:\/\/blocho.se\/en\/wp-json\/wp\/v2\/product\/1033"}],"collection":[{"href":"https:\/\/blocho.se\/en\/wp-json\/wp\/v2\/product"}],"about":[{"href":"https:\/\/blocho.se\/en\/wp-json\/wp\/v2\/types\/product"}],"wp:featuredmedia":[{"embeddable":true,"href":"https:\/\/blocho.se\/en\/wp-json\/wp\/v2\/media\/1034"}],"wp:attachment":[{"href":"https:\/\/blocho.se\/en\/wp-json\/wp\/v2\/media?parent=1033"}],"curies":[{"name":"wp","href":"https:\/\/api.w.org\/{rel}","templated":true}]}}