{"id":1007,"date":"2020-07-30T13:05:41","date_gmt":"2020-07-30T11:05:41","guid":{"rendered":"https:\/\/blocho.se\/?post_type=product&#038;p=1007"},"modified":"2025-12-12T10:44:21","modified_gmt":"2025-12-12T09:44:21","slug":"skal-vit-18cm","status":"publish","type":"product","link":"https:\/\/blocho.se\/en\/produkt\/skal-vit-18cm\/","title":{"rendered":"Bowl white 75cl 18cm"},"content":{"rendered":"<h2 style=\"text-align: center;\">About Bowl white 75cl 18cm<\/h2>\n<p style=\"text-align: center;\">Stackable in different sizes, perfect for the breakfast buffet.<\/p>\n<div id=\"gtx-trans\" style=\"position: absolute; left: 509px; top: 61.9062px;\">\n<div class=\"gtx-trans-icon\"><\/div>\n<\/div>\n","protected":false},"excerpt":{"rendered":"<p>Stackable in different sizes, perfect for the breakfast buffet.<\/p>\n<p>Brand: <strong>Blocho<\/strong><br \/>\nNumber of articles per package: <strong>24 pcs<\/strong><br \/>\nStackable: <strong>Yes<\/strong><\/p>\n<p>Microwave safe, dishwasher safe, freezer safe.<\/p>\n","protected":false},"featured_media":1006,"template":"","meta":[],"yoast_head":"<!-- This site is optimized with the Yoast SEO plugin v14.7 - https:\/\/yoast.com\/wordpress\/plugins\/seo\/ -->\n<title>Bowl white 75cl 18cm - Blocho<\/title>\n<meta name=\"description\" content=\"Sk\u00e5l vit 18cm som \u00e4r stapelbar i olika storlekar, perfekt till frukostbuff\u00e9n.\" \/>\n<meta name=\"robots\" content=\"index, follow\" \/>\n<meta name=\"googlebot\" content=\"index, follow, max-snippet:-1, max-image-preview:large, max-video-preview:-1\" \/>\n<meta name=\"bingbot\" content=\"index, follow, max-snippet:-1, max-image-preview:large, max-video-preview:-1\" \/>\n<link rel=\"canonical\" href=\"https:\/\/blocho.se\/en\/produkt\/skal-vit-18cm\/\" \/>\n<meta property=\"og:locale\" content=\"en_GB\" \/>\n<meta property=\"og:type\" content=\"article\" \/>\n<meta property=\"og:title\" content=\"Bowl white 75cl 18cm\" \/>\n<meta property=\"og:description\" content=\"Sk\u00e5l vit 18cm som \u00e4r stapelbar i olika storlekar, perfekt till frukostbuff\u00e9n.\" \/>\n<meta property=\"og:url\" content=\"https:\/\/blocho.se\/en\/produkt\/skal-vit-18cm\/\" \/>\n<meta property=\"og:site_name\" content=\"Blocho\" \/>\n<meta property=\"article:modified_time\" content=\"2025-12-12T09:44:21+00:00\" \/>\n<meta property=\"og:image\" content=\"https:\/\/blocho.se\/wp-content\/uploads\/2020\/07\/2216_2217_2218_2221.png\" \/>\n\t<meta property=\"og:image:width\" content=\"800\" \/>\n\t<meta property=\"og:image:height\" content=\"800\" \/>\n<meta name=\"twitter:card\" content=\"summary_large_image\" \/>\n<script type=\"application\/ld+json\" class=\"yoast-schema-graph\">{\"@context\":\"https:\/\/schema.org\",\"@graph\":[{\"@type\":\"WebSite\",\"@id\":\"https:\/\/blocho.se\/en\/#website\",\"url\":\"https:\/\/blocho.se\/en\/\",\"name\":\"Blocho\",\"description\":\"\",\"potentialAction\":[{\"@type\":\"SearchAction\",\"target\":\"https:\/\/blocho.se\/en\/?s={search_term_string}\",\"query-input\":\"required name=search_term_string\"}],\"inLanguage\":\"en-GB\"},{\"@type\":\"ImageObject\",\"@id\":\"https:\/\/blocho.se\/en\/produkt\/skal-vit-18cm\/#primaryimage\",\"inLanguage\":\"en-GB\",\"url\":\"https:\/\/blocho.se\/wp-content\/uploads\/2020\/07\/2216_2217_2218_2221.png\",\"width\":800,\"height\":800,\"caption\":\"Porslin sk\\u00e5l\"},{\"@type\":\"WebPage\",\"@id\":\"https:\/\/blocho.se\/en\/produkt\/skal-vit-18cm\/#webpage\",\"url\":\"https:\/\/blocho.se\/en\/produkt\/skal-vit-18cm\/\",\"name\":\"[:sv]Sk\\u00e5l vit 75cl 18cm[:en]Bowl white 75cl 18cm[:] - Blocho\",\"isPartOf\":{\"@id\":\"https:\/\/blocho.se\/en\/#website\"},\"primaryImageOfPage\":{\"@id\":\"https:\/\/blocho.se\/en\/produkt\/skal-vit-18cm\/#primaryimage\"},\"datePublished\":\"2020-07-30T11:05:41+00:00\",\"dateModified\":\"2025-12-12T09:44:21+00:00\",\"description\":\"Sk\\u00e5l vit 18cm som \\u00e4r stapelbar i olika storlekar, perfekt till frukostbuff\\u00e9n.\",\"inLanguage\":\"en-GB\",\"potentialAction\":[{\"@type\":\"ReadAction\",\"target\":[\"https:\/\/blocho.se\/en\/produkt\/skal-vit-18cm\/\"]}]}]}<\/script>\n<!-- \/ Yoast SEO plugin. -->","_links":{"self":[{"href":"https:\/\/blocho.se\/en\/wp-json\/wp\/v2\/product\/1007"}],"collection":[{"href":"https:\/\/blocho.se\/en\/wp-json\/wp\/v2\/product"}],"about":[{"href":"https:\/\/blocho.se\/en\/wp-json\/wp\/v2\/types\/product"}],"wp:featuredmedia":[{"embeddable":true,"href":"https:\/\/blocho.se\/en\/wp-json\/wp\/v2\/media\/1006"}],"wp:attachment":[{"href":"https:\/\/blocho.se\/en\/wp-json\/wp\/v2\/media?parent=1007"}],"curies":[{"name":"wp","href":"https:\/\/api.w.org\/{rel}","templated":true}]}}