{"id":368,"date":"2020-07-07T09:16:53","date_gmt":"2020-07-07T07:16:53","guid":{"rendered":"https:\/\/blocho.se\/?page_id=368"},"modified":"2025-09-26T15:28:34","modified_gmt":"2025-09-26T13:28:34","slug":"personalization","status":"publish","type":"page","link":"https:\/\/blocho.se\/en\/personalization\/","title":{"rendered":"Own decor and logo"},"content":{"rendered":"<p>[vc_row][vc_column width=&#8221;1\/6&#8243;][\/vc_column][vc_column width=&#8221;2\/3&#8243;][vc_column_text]<\/p>\n<p style=\"text-align: center;\">Do you want your own logo on porcelain? Or your own design? You can create a personal porcelain that enhances the experience of your business, whether it is for a restaurant, office or other. Get in touch with an idea and we will help you create your own touch on our porcelain.<\/p>\n<p>[\/vc_column_text][vc_empty_space height=&#8221;50px&#8221;][\/vc_column][vc_column width=&#8221;1\/6&#8243;][\/vc_column][\/vc_row][vc_row content_placement=&#8221;middle&#8221;][vc_column width=&#8221;2\/3&#8243;][vc_single_image image=&#8221;4013&#8243; img_size=&#8221;950&#215;370&#8243; style=&#8221;vc_box_rounded&#8221;][\/vc_column][vc_column width=&#8221;1\/3&#8243;][vc_column_text]<strong>How do you proceed?<\/strong><\/p>\n<ol>\n<li>Choose which products you are interested in and add them to the request cart.<\/li>\n<li>Proceed from the request cart and a form will open.<\/li>\n<li>Attach the logo or decor and describe how you want it to be placed. Suitable file format for logo is png.<\/li>\n<li>Submit your request. We will get back to you with a price.<\/li>\n<\/ol>\n<p><strong>Do you need help choosing products?<\/strong><\/p>\n<p>Contct us at info@frankhugo.se and we will help you.[\/vc_column_text][vc_empty_space height=&#8221;10px&#8221;][\/vc_column][\/vc_row][vc_row][vc_column width=&#8221;1\/3&#8243;][vc_column_text el_class=&#8221;texthight&#8221;]<strong>The process step by step<\/strong>[\/vc_column_text][vc_column_text]When ordering a new decor or logo:<\/p>\n<p><strong>1. Description of your wish<\/strong><br \/>\nYou send us a description that contains:<\/p>\n<ul>\n<li>Which products the decor or logo should be placed on.<\/li>\n<li>The amount of articles you would like to order.<\/li>\n<li>A file that shows the decor or logo.<\/li>\n<li>The size and location of the logo or decor.<\/li>\n<li>Colour codes if you have &#8211; keep in mind that colour codes look different on porcelain and can never be exactly the same as on other materials.<\/li>\n<li>Other things that are good for us to know.<\/li>\n<\/ul>\n<p>[\/vc_column_text][\/vc_column][vc_column width=&#8221;1\/3&#8243;][vc_empty_space height=&#8221;65px&#8221;][vc_column_text]<strong>2. Quotation<\/strong><\/p>\n<ul>\n<li>We will calculate a quote for you based on the information above.<\/li>\n<li>You accept the offer by sending an order by email to order@frankhugo.se.<\/li>\n<\/ul>\n<p>[\/vc_column_text][\/vc_column][vc_column width=&#8221;1\/3&#8243;][vc_single_image image=&#8221;1287&#8243; img_size=&#8221;460&#215;370&#8243; style=&#8221;vc_box_rounded&#8221;][vc_column_text]<\/p>\n<p style=\"text-align: center;\">Image above: Upplands Motor has its logo on a mug from Blocho.<\/p>\n<p>[\/vc_column_text][\/vc_column][\/vc_row][vc_row][vc_column width=&#8221;1\/3&#8243;][vc_column_text]<strong>3. Sample<\/strong><\/p>\n<ul>\n<li>Once we have received your order, we prepare a physical or digital sample from the factory, depending on what you want, and which you need to approve by email before production starts. A sample from the factory takes about 2 weeks to recieve.<\/li>\n<li>When you make an order, you pay 20 percent of the order value if you are a new customer.<\/li>\n<\/ul>\n<p>[\/vc_column_text][vc_empty_space height=&#8221;50px&#8221;][\/vc_column][vc_column width=&#8221;1\/3&#8243;][vc_column_text]<strong>4. Delivery<\/strong><\/p>\n<ul>\n<li>Once you have approved the sample, production starts!<\/li>\n<\/ul>\n<p>[\/vc_column_text][\/vc_column][vc_column width=&#8221;1\/3&#8243;][\/vc_column][\/vc_row][vc_row][vc_column width=&#8221;2\/3&#8243;][vc_column_text el_class=&#8221;texthight&#8221;]<strong>Good to know<\/strong>[\/vc_column_text][vc_column_text]<strong>What is possible?<\/strong><\/p>\n<p>Almost anything is possible. Describe your ideas in as much detail as possible and we will get back to you with some options.<\/p>\n<p><strong>How much do I need to order?<\/strong><\/p>\n<ul>\n<li>The minimum order volume for the first order is 500 items for each unique decor or logo.<\/li>\n<li>You are <strong>free to order different<\/strong> sizes and different plates, mugs, bowls and more, as long as the total is at least 500 pieces.<\/li>\n<li>For recurring orders of the same decor or logo, the minimum volume is 300 items.<\/li>\n<\/ul>\n<p><strong>What does it cost?<\/strong><\/p>\n<p>The price varies depending on the number of colors and the size of the decor or logo. Once you have decided which products you want and which logo or color you want, we will calculate a quote for you.<\/p>\n<p><strong>How long is the delivery time?<\/strong><\/p>\n<p>From start to finish, it takes about 8-10 weeks for a completely new decor or logo. If you then order more of the same, the delivery time is 6-8 weeks.<\/p>\n<ul>\n<li>It takes 2 weeks to produce a sample of your decor or logo &#8211; then you must approve the sample.<\/li>\n<li>Delivery time 6-8 weeks after you approved the sample.<\/li>\n<\/ul>\n<p>To keep to the schedule, it is important that you have carefully thought through what you want and being as clear as possible from the beginning in your description. To make a sample in the factory, we need information about the logo and decor and an order from you, then it takes 2 weeks to get a sample. It is only when the sample is approved by you as a customer that delivery can be scheduled.<\/p>\n<p><strong>Remember!<\/strong><br \/>\nThe order is binding and we produce samples that match your description before production starts. If the sample is not approved or if you cancelling the order, you need to pay for sample costs and shipping of samples.[\/vc_column_text][\/vc_column][vc_column width=&#8221;1\/3&#8243;][vc_single_image image=&#8221;846&#8243; img_size=&#8221;460&#215;306&#8243; style=&#8221;vc_box_rounded&#8221;][vc_column_text]<\/p>\n<p style=\"text-align: center;\"><strong>What is the colour of your company?<\/strong><br \/>\nImage above: We have put a red border on our mug Robert.<\/p>\n<p>[\/vc_column_text][\/vc_column][\/vc_row][vc_row][vc_column][vc_separator][vc_empty_space height=&#8221;85px&#8221;][vc_custom_heading text=&#8221;Did not find the answer to your question?&#8221; font_container=&#8221;tag:h2|font_size:35|text_align:center&#8221; use_theme_fonts=&#8221;yes&#8221; el_class=&#8221;lightfont&#8221;][vc_column_text]<\/p>\n<p style=\"text-align: center;\">Do not hesitate to contact us. We will help you.<\/p>\n<p>[\/vc_column_text][vc_empty_space height=&#8221;25px&#8221;][vc_btn title=&#8221;Contact us&#8221; color=&#8221;black&#8221; align=&#8221;center&#8221; link=&#8221;url:https%3A%2F%2Fblocho.se%2Fen%2Fcontact%2F|title:Contact||&#8221;][vc_empty_space height=&#8221;85px&#8221;][\/vc_column][\/vc_row]<\/p>\n","protected":false},"excerpt":{"rendered":"<p>[vc_row][vc_column width=&#8221;1\/6&#8243;][\/vc_column][vc_column width=&#8221;2\/3&#8243;][vc_column_text] Do you want your own logo on porcelain? Or your own design? You can create a personal porcelain that enhances the experience of your business, whether it is for a restaurant, office or other. Get in touch with an idea and we will help you create your own touch on our porcelain.<\/p>\n","protected":false},"author":4,"featured_media":0,"parent":0,"menu_order":0,"comment_status":"closed","ping_status":"closed","template":"","meta":[],"yoast_head":"<!-- This site is optimized with the Yoast SEO plugin v14.7 - https:\/\/yoast.com\/wordpress\/plugins\/seo\/ -->\n<title>Own decor and logo - Blocho<\/title>\n<meta name=\"description\" content=\"Vill du ha din egen logotyp p\u00e5 porslin? Eller egen design? Du kan skapa ett personligt porslin som f\u00f6rst\u00e4rker upplevelsen av ditt f\u00f6retag, oavsett om det \u00e4r till restaurang, kontor eller annat. H\u00f6r av dig med en id\u00e9 s\u00e5 hj\u00e4lper vi dig att skapa din egen pr\u00e4gel p\u00e5 v\u00e5rt porslin.\" \/>\n<meta name=\"robots\" content=\"index, follow\" \/>\n<meta name=\"googlebot\" content=\"index, follow, max-snippet:-1, max-image-preview:large, max-video-preview:-1\" \/>\n<meta name=\"bingbot\" content=\"index, follow, max-snippet:-1, max-image-preview:large, max-video-preview:-1\" \/>\n<link rel=\"canonical\" href=\"https:\/\/blocho.se\/en\/personalization\/\" \/>\n<meta property=\"og:locale\" content=\"en_GB\" \/>\n<meta property=\"og:type\" content=\"article\" \/>\n<meta property=\"og:title\" content=\"Own decor and logo\" \/>\n<meta property=\"og:description\" content=\"Vill du ha din egen logotyp p\u00e5 porslin? Eller egen design? Du kan skapa ett personligt porslin som f\u00f6rst\u00e4rker upplevelsen av ditt f\u00f6retag, oavsett om det \u00e4r till restaurang, kontor eller annat. H\u00f6r av dig med en id\u00e9 s\u00e5 hj\u00e4lper vi dig att skapa din egen pr\u00e4gel p\u00e5 v\u00e5rt porslin.\" \/>\n<meta property=\"og:url\" content=\"https:\/\/blocho.se\/en\/personalization\/\" \/>\n<meta property=\"og:site_name\" content=\"Blocho\" \/>\n<meta property=\"article:modified_time\" content=\"2025-09-26T13:28:34+00:00\" \/>\n<meta name=\"twitter:card\" content=\"summary_large_image\" \/>\n<script type=\"application\/ld+json\" class=\"yoast-schema-graph\">{\"@context\":\"https:\/\/schema.org\",\"@graph\":[{\"@type\":\"WebSite\",\"@id\":\"https:\/\/blocho.se\/en\/#website\",\"url\":\"https:\/\/blocho.se\/en\/\",\"name\":\"Blocho\",\"description\":\"\",\"potentialAction\":[{\"@type\":\"SearchAction\",\"target\":\"https:\/\/blocho.se\/en\/?s={search_term_string}\",\"query-input\":\"required name=search_term_string\"}],\"inLanguage\":\"en-GB\"},{\"@type\":\"WebPage\",\"@id\":\"https:\/\/blocho.se\/en\/personalization\/#webpage\",\"url\":\"https:\/\/blocho.se\/en\/personalization\/\",\"name\":\"[:sv]Egen dekor och logotyp[:en]Own decor and logo[:] - Blocho\",\"isPartOf\":{\"@id\":\"https:\/\/blocho.se\/en\/#website\"},\"datePublished\":\"2020-07-07T07:16:53+00:00\",\"dateModified\":\"2025-09-26T13:28:34+00:00\",\"description\":\"Vill du ha din egen logotyp p\\u00e5 porslin? Eller egen design? Du kan skapa ett personligt porslin som f\\u00f6rst\\u00e4rker upplevelsen av ditt f\\u00f6retag, oavsett om det \\u00e4r till restaurang, kontor eller annat. H\\u00f6r av dig med en id\\u00e9 s\\u00e5 hj\\u00e4lper vi dig att skapa din egen pr\\u00e4gel p\\u00e5 v\\u00e5rt porslin.\",\"inLanguage\":\"en-GB\",\"potentialAction\":[{\"@type\":\"ReadAction\",\"target\":[\"https:\/\/blocho.se\/en\/personalization\/\"]}]}]}<\/script>\n<!-- \/ Yoast SEO plugin. -->","_links":{"self":[{"href":"https:\/\/blocho.se\/en\/wp-json\/wp\/v2\/pages\/368"}],"collection":[{"href":"https:\/\/blocho.se\/en\/wp-json\/wp\/v2\/pages"}],"about":[{"href":"https:\/\/blocho.se\/en\/wp-json\/wp\/v2\/types\/page"}],"author":[{"embeddable":true,"href":"https:\/\/blocho.se\/en\/wp-json\/wp\/v2\/users\/4"}],"replies":[{"embeddable":true,"href":"https:\/\/blocho.se\/en\/wp-json\/wp\/v2\/comments?post=368"}],"version-history":[{"count":7,"href":"https:\/\/blocho.se\/en\/wp-json\/wp\/v2\/pages\/368\/revisions"}],"predecessor-version":[{"id":4015,"href":"https:\/\/blocho.se\/en\/wp-json\/wp\/v2\/pages\/368\/revisions\/4015"}],"wp:attachment":[{"href":"https:\/\/blocho.se\/en\/wp-json\/wp\/v2\/media?parent=368"}],"curies":[{"name":"wp","href":"https:\/\/api.w.org\/{rel}","templated":true}]}}