{"id":353,"date":"2020-07-07T08:50:29","date_gmt":"2020-07-07T06:50:29","guid":{"rendered":"https:\/\/blocho.se\/?page_id=353"},"modified":"2024-05-24T15:22:55","modified_gmt":"2024-05-24T13:22:55","slug":"about-us","status":"publish","type":"page","link":"https:\/\/blocho.se\/en\/about-us\/","title":{"rendered":"About us"},"content":{"rendered":"<p>[vc_row][vc_column width=&#8221;1\/6&#8243;][\/vc_column][vc_column width=&#8221;2\/3&#8243;][vc_column_text]<\/p>\n<p style=\"text-align: left;\">Blocho is a family owned company that started in 1986 in Stockholm. In the beginning, Blocho was a purchasing support for Swedish companies that wanted to import goods from Europe. Today, we produce porcelain ourselves under our own brand and we are the market-leading supplier of porcelain to restaurants, cafes, hotels and catering.<\/p>\n<p style=\"text-align: left;\">As part of the company Blocho, there is also the marketplace frankhugo.se. There you will find our own porcelain, and also carefully selected products for the kitchen, bar and serving from other brands.<\/p>\n<p style=\"text-align: left;\">Our vision is to be a leader in the taste and drink experiences. With us you will find affordable products with high quality and stylish design. Our assortment is available all over Sweden and can be purchased by our resellers.<\/p>\n<p>[\/vc_column_text][vc_empty_space height=&#8221;50px&#8221;][\/vc_column][vc_column width=&#8221;1\/6&#8243;][\/vc_column][\/vc_row][vc_row][vc_column width=&#8221;1\/3&#8243;][vc_single_image image=&#8221;961&#8243; img_size=&#8221;460&#215;370&#8243; style=&#8221;vc_box_rounded&#8221;][\/vc_column][vc_column width=&#8221;2\/3&#8243;][vc_single_image image=&#8221;962&#8243; img_size=&#8221;950&#215;370&#8243; style=&#8221;vc_box_rounded&#8221;][\/vc_column][\/vc_row]<\/p>\n","protected":false},"excerpt":{"rendered":"<p>[vc_row][vc_column width=&#8221;1\/6&#8243;][\/vc_column][vc_column width=&#8221;2\/3&#8243;][vc_column_text] Blocho is a family owned company that started in 1986 in Stockholm. In the beginning, Blocho was a purchasing support for Swedish companies that wanted to import goods from Europe. Today, we produce porcelain ourselves under our own brand and we are the market-leading supplier of porcelain to restaurants, cafes, hotels and<\/p>\n","protected":false},"author":4,"featured_media":0,"parent":0,"menu_order":0,"comment_status":"closed","ping_status":"closed","template":"","meta":[],"yoast_head":"<!-- This site is optimized with the Yoast SEO plugin v14.7 - https:\/\/yoast.com\/wordpress\/plugins\/seo\/ -->\n<title>About us - Blocho<\/title>\n<meta name=\"description\" content=\"Porslin till restauranger, caf\u00e9er, hotell och stork\u00f6k. Hos oss hittar du prisv\u00e4rda produkter med h\u00f6g kvalitet och snygg design. V\u00e5rt porslin finns \u00f6ver hela Sverige och kan handlas via v\u00e5ra \u00e5terf\u00f6rs\u00e4ljare.\" \/>\n<meta name=\"robots\" content=\"index, follow\" \/>\n<meta name=\"googlebot\" content=\"index, follow, max-snippet:-1, max-image-preview:large, max-video-preview:-1\" \/>\n<meta name=\"bingbot\" content=\"index, follow, max-snippet:-1, max-image-preview:large, max-video-preview:-1\" \/>\n<link rel=\"canonical\" href=\"https:\/\/blocho.se\/en\/about-us\/\" \/>\n<meta property=\"og:locale\" content=\"en_GB\" \/>\n<meta property=\"og:type\" content=\"article\" \/>\n<meta property=\"og:title\" content=\"About us\" \/>\n<meta property=\"og:description\" content=\"Porslin till restauranger, caf\u00e9er, hotell och stork\u00f6k. Hos oss hittar du prisv\u00e4rda produkter med h\u00f6g kvalitet och snygg design. V\u00e5rt porslin finns \u00f6ver hela Sverige och kan handlas via v\u00e5ra \u00e5terf\u00f6rs\u00e4ljare.\" \/>\n<meta property=\"og:url\" content=\"https:\/\/blocho.se\/en\/about-us\/\" \/>\n<meta property=\"og:site_name\" content=\"Blocho\" \/>\n<meta property=\"article:modified_time\" content=\"2024-05-24T13:22:55+00:00\" \/>\n<meta name=\"twitter:card\" content=\"summary_large_image\" \/>\n<script type=\"application\/ld+json\" class=\"yoast-schema-graph\">{\"@context\":\"https:\/\/schema.org\",\"@graph\":[{\"@type\":\"WebSite\",\"@id\":\"https:\/\/blocho.se\/en\/#website\",\"url\":\"https:\/\/blocho.se\/en\/\",\"name\":\"Blocho\",\"description\":\"\",\"potentialAction\":[{\"@type\":\"SearchAction\",\"target\":\"https:\/\/blocho.se\/en\/?s={search_term_string}\",\"query-input\":\"required name=search_term_string\"}],\"inLanguage\":\"en-GB\"},{\"@type\":\"WebPage\",\"@id\":\"https:\/\/blocho.se\/en\/about-us\/#webpage\",\"url\":\"https:\/\/blocho.se\/en\/about-us\/\",\"name\":\"[:sv]Om oss[:en]About us[:] - Blocho\",\"isPartOf\":{\"@id\":\"https:\/\/blocho.se\/en\/#website\"},\"datePublished\":\"2020-07-07T06:50:29+00:00\",\"dateModified\":\"2024-05-24T13:22:55+00:00\",\"description\":\"Porslin till restauranger, caf\\u00e9er, hotell och stork\\u00f6k. Hos oss hittar du prisv\\u00e4rda produkter med h\\u00f6g kvalitet och snygg design. V\\u00e5rt porslin finns \\u00f6ver hela Sverige och kan handlas via v\\u00e5ra \\u00e5terf\\u00f6rs\\u00e4ljare.\",\"inLanguage\":\"en-GB\",\"potentialAction\":[{\"@type\":\"ReadAction\",\"target\":[\"https:\/\/blocho.se\/en\/about-us\/\"]}]}]}<\/script>\n<!-- \/ Yoast SEO plugin. -->","_links":{"self":[{"href":"https:\/\/blocho.se\/en\/wp-json\/wp\/v2\/pages\/353"}],"collection":[{"href":"https:\/\/blocho.se\/en\/wp-json\/wp\/v2\/pages"}],"about":[{"href":"https:\/\/blocho.se\/en\/wp-json\/wp\/v2\/types\/page"}],"author":[{"embeddable":true,"href":"https:\/\/blocho.se\/en\/wp-json\/wp\/v2\/users\/4"}],"replies":[{"embeddable":true,"href":"https:\/\/blocho.se\/en\/wp-json\/wp\/v2\/comments?post=353"}],"version-history":[{"count":9,"href":"https:\/\/blocho.se\/en\/wp-json\/wp\/v2\/pages\/353\/revisions"}],"predecessor-version":[{"id":3647,"href":"https:\/\/blocho.se\/en\/wp-json\/wp\/v2\/pages\/353\/revisions\/3647"}],"wp:attachment":[{"href":"https:\/\/blocho.se\/en\/wp-json\/wp\/v2\/media?parent=353"}],"curies":[{"name":"wp","href":"https:\/\/api.w.org\/{rel}","templated":true}]}}