{"id":316,"date":"2020-07-06T19:30:39","date_gmt":"2020-07-06T17:30:39","guid":{"rendered":"https:\/\/blocho.se\/?page_id=316"},"modified":"2021-01-06T15:11:45","modified_gmt":"2021-01-06T14:11:45","slug":"news","status":"publish","type":"page","link":"https:\/\/blocho.se\/en\/news\/","title":{"rendered":"News"},"content":{"rendered":"<p>[vc_row][vc_column][vc_basic_grid post_type=&#8221;post&#8221; max_items=&#8221;9&#8243; style=&#8221;load-more&#8221; items_per_page=&#8221;3&#8243; item=&#8221;539&#8243; btn_title=&#8221;More news&#8221; btn_style=&#8221;custom&#8221; btn_custom_background=&#8221;#1e1e1e&#8221; btn_custom_text=&#8221;#ffffff&#8221; btn_shape=&#8221;square&#8221; btn_align=&#8221;center&#8221; grid_id=&#8221;vc_gid:1596813025896-bf003123-b814-8&#8243;][\/vc_column][\/vc_row]<\/p>\n","protected":false},"excerpt":{"rendered":"<p>[vc_row][vc_column][vc_basic_grid post_type=&#8221;post&#8221; max_items=&#8221;9&#8243; style=&#8221;load-more&#8221; items_per_page=&#8221;3&#8243; item=&#8221;539&#8243; btn_title=&#8221;More news&#8221; btn_style=&#8221;custom&#8221; btn_custom_background=&#8221;#1e1e1e&#8221; btn_custom_text=&#8221;#ffffff&#8221; btn_shape=&#8221;square&#8221; btn_align=&#8221;center&#8221; grid_id=&#8221;vc_gid:1596813025896-bf003123-b814-8&#8243;][\/vc_column][\/vc_row]<\/p>\n","protected":false},"author":2,"featured_media":0,"parent":0,"menu_order":0,"comment_status":"closed","ping_status":"closed","template":"","meta":[],"yoast_head":"<!-- This site is optimized with the Yoast SEO plugin v14.7 - https:\/\/yoast.com\/wordpress\/plugins\/seo\/ -->\n<title>Porslin tallrikar muggar koppar. Nyheter Porslin. Prisv\u00e4rda produkter.<\/title>\n<meta name=\"description\" content=\"Nyheter fr\u00e5n Blocho. Hos oss hittar du prisv\u00e4rda produkter med h\u00f6g kvalitet och snygg design. Porslin. Tallrikar, muggar, koppar med fat.\" \/>\n<meta name=\"robots\" content=\"index, follow\" \/>\n<meta name=\"googlebot\" content=\"index, follow, max-snippet:-1, max-image-preview:large, max-video-preview:-1\" \/>\n<meta name=\"bingbot\" content=\"index, follow, max-snippet:-1, max-image-preview:large, max-video-preview:-1\" \/>\n<link rel=\"canonical\" href=\"https:\/\/blocho.se\/news\/\" \/>\n<meta property=\"og:locale\" content=\"en_GB\" \/>\n<meta property=\"og:type\" content=\"article\" \/>\n<meta property=\"og:title\" content=\"Porslin tallrikar muggar koppar. Nyheter Porslin. Prisv\u00e4rda produkter.\" \/>\n<meta property=\"og:description\" content=\"Nyheter fr\u00e5n Blocho. Hos oss hittar du prisv\u00e4rda produkter med h\u00f6g kvalitet och snygg design. Porslin. Tallrikar, muggar, koppar med fat.\" \/>\n<meta property=\"og:url\" content=\"https:\/\/blocho.se\/news\/\" \/>\n<meta property=\"og:site_name\" content=\"Blocho\" \/>\n<meta property=\"article:modified_time\" content=\"2021-01-06T14:11:45+00:00\" \/>\n<meta name=\"twitter:card\" content=\"summary_large_image\" \/>\n<script type=\"application\/ld+json\" class=\"yoast-schema-graph\">{\"@context\":\"https:\/\/schema.org\",\"@graph\":[{\"@type\":\"WebSite\",\"@id\":\"https:\/\/blocho.se\/en\/#website\",\"url\":\"https:\/\/blocho.se\/en\/\",\"name\":\"Blocho\",\"description\":\"\",\"potentialAction\":[{\"@type\":\"SearchAction\",\"target\":\"https:\/\/blocho.se\/en\/?s={search_term_string}\",\"query-input\":\"required name=search_term_string\"}],\"inLanguage\":\"en-GB\"},{\"@type\":\"WebPage\",\"@id\":\"https:\/\/blocho.se\/news\/#webpage\",\"url\":\"https:\/\/blocho.se\/news\/\",\"name\":\"Porslin tallrikar muggar koppar. Nyheter Porslin. Prisv\\u00e4rda produkter.\",\"isPartOf\":{\"@id\":\"https:\/\/blocho.se\/en\/#website\"},\"datePublished\":\"2020-07-06T17:30:39+00:00\",\"dateModified\":\"2021-01-06T14:11:45+00:00\",\"description\":\"Nyheter fr\\u00e5n Blocho. Hos oss hittar du prisv\\u00e4rda produkter med h\\u00f6g kvalitet och snygg design. Porslin. Tallrikar, muggar, koppar med fat.\",\"inLanguage\":\"en-GB\",\"potentialAction\":[{\"@type\":\"ReadAction\",\"target\":[\"https:\/\/blocho.se\/news\/\"]}]}]}<\/script>\n<!-- \/ Yoast SEO plugin. -->","_links":{"self":[{"href":"https:\/\/blocho.se\/en\/wp-json\/wp\/v2\/pages\/316"}],"collection":[{"href":"https:\/\/blocho.se\/en\/wp-json\/wp\/v2\/pages"}],"about":[{"href":"https:\/\/blocho.se\/en\/wp-json\/wp\/v2\/types\/page"}],"author":[{"embeddable":true,"href":"https:\/\/blocho.se\/en\/wp-json\/wp\/v2\/users\/2"}],"replies":[{"embeddable":true,"href":"https:\/\/blocho.se\/en\/wp-json\/wp\/v2\/comments?post=316"}],"version-history":[{"count":2,"href":"https:\/\/blocho.se\/en\/wp-json\/wp\/v2\/pages\/316\/revisions"}],"predecessor-version":[{"id":1868,"href":"https:\/\/blocho.se\/en\/wp-json\/wp\/v2\/pages\/316\/revisions\/1868"}],"wp:attachment":[{"href":"https:\/\/blocho.se\/en\/wp-json\/wp\/v2\/media?parent=316"}],"curies":[{"name":"wp","href":"https:\/\/api.w.org\/{rel}","templated":true}]}}