{"id":285,"date":"2020-07-06T14:30:25","date_gmt":"2020-07-06T12:30:25","guid":{"rendered":"https:\/\/blocho.se\/?page_id=285"},"modified":"2024-05-24T12:18:11","modified_gmt":"2024-05-24T10:18:11","slug":"contact","status":"publish","type":"page","link":"https:\/\/blocho.se\/en\/contact\/","title":{"rendered":"Contact"},"content":{"rendered":"<p>[vc_row][vc_column width=&#8221;3\/12&#8243;][vc_custom_heading text=&#8221;Warehouse:&#8221; use_theme_fonts=&#8221;yes&#8221; el_class=&#8221;light-font&#8221;][vc_column_text]Stockholms Frihamn<br \/>\nMagasin 6 (Warehouse 6)<br \/>\nFrihamnsgatan 58<br \/>\n115 56 Stockholm<\/p>\n<p><strong>At arrival please call +46 8 80 27 27<\/strong>[\/vc_column_text][vc_btn title=&#8221;Show map&#8221; style=&#8221;custom&#8221; custom_background=&#8221;#1e1e1e&#8221; custom_text=&#8221;#ffffff&#8221; shape=&#8221;square&#8221; link=&#8221;url:https%3A%2F%2Fwww.google.se%2Fmaps%2Fplace%2FFrihamnsgatan%2B58%2C%2B115%2B56%2BStockholm%2F%4059.3449177%2C18.1246043%2C17z%2Fdata%3D!3m1!4b1!4m5!3m4!1s0x465f82c9f0eb2551%3A0x4bf629eba4c96ae8!8m2!3d59.344915!4d18.126793|title:Opening%20Google%20maps|target:%20_blank|&#8221;][\/vc_column][vc_column width=&#8221;3\/12&#8243;][vc_custom_heading text=&#8221;Showroom:&#8221; use_theme_fonts=&#8221;yes&#8221; el_class=&#8221;light-font&#8221;][vc_column_text]Stockholms Frihamn<br \/>\nMagasin 6, Entr\u00e9 3<br \/>\nFrihamnsgatan 58<br \/>\n115 56 Stockholm[\/vc_column_text][vc_btn title=&#8221;Show map&#8221; style=&#8221;custom&#8221; custom_background=&#8221;#1e1e1e&#8221; custom_text=&#8221;#ffffff&#8221; shape=&#8221;square&#8221; link=&#8221;url:https%3A%2F%2Fwww.google.se%2Fmaps%2Fplace%2FFrihamnsgatan%2B58%2C%2B115%2B56%2BStockholm%2F%4059.3449177%2C18.1246043%2C17z%2Fdata%3D!3m1!4b1!4m5!3m4!1s0x465f82c9f0eb2551%3A0x4bf629eba4c96ae8!8m2!3d59.344915!4d18.126793|title:Opening%20Google%20maps|target:%20_blank|&#8221;][\/vc_column][vc_column width=&#8221;2\/12&#8243;][vc_custom_heading text=&#8221;Sales:&#8221; use_theme_fonts=&#8221;yes&#8221; el_class=&#8221;light-font&#8221;][vc_column_text]+46 8 80 27 27[\/vc_column_text][vc_custom_heading text=&#8221;Invoices:&#8221; use_theme_fonts=&#8221;yes&#8221; el_class=&#8221;light-font&#8221;][vc_column_text]invoice@frankhugo.se<\/p>\n<p>We change our email to frankhugo.se<br \/>\ninstead of blocho.se[\/vc_column_text][\/vc_column][vc_column width=&#8221;1\/3&#8243; el_id=&#8221;main-contact-container&#8221;][vc_custom_heading text=&#8221;Message:&#8221; use_theme_fonts=&#8221;yes&#8221; el_class=&#8221;light-font&#8221;]<div role=\"form\" class=\"wpcf7\" id=\"wpcf7-f292-o1\" lang=\"en-US\" dir=\"ltr\">\n<div class=\"screen-reader-response\" role=\"alert\" aria-live=\"polite\"><\/div>\n<form action=\"\/en\/wp-json\/wp\/v2\/pages\/285#wpcf7-f292-o1\" method=\"post\" class=\"wpcf7-form init\" novalidate=\"novalidate\">\n<div style=\"display: none;\">\n<input type=\"hidden\" name=\"_wpcf7\" value=\"292\" \/>\n<input type=\"hidden\" name=\"_wpcf7_version\" value=\"5.2.1\" \/>\n<input type=\"hidden\" name=\"_wpcf7_locale\" value=\"en_US\" \/>\n<input type=\"hidden\" name=\"_wpcf7_unit_tag\" value=\"wpcf7-f292-o1\" \/>\n<input type=\"hidden\" name=\"_wpcf7_container_post\" value=\"0\" \/>\n<input type=\"hidden\" name=\"_wpcf7_posted_data_hash\" value=\"\" \/>\n<input type=\"hidden\" name=\"lang\" value=\"en\" \/>\n<input type=\"hidden\" name=\"_wpcf7_recaptcha_response\" value=\"\" \/>\n<\/div>\n<p><label> Company name:<br \/>\n    <span class=\"wpcf7-form-control-wrap your-company\"><input type=\"text\" name=\"your-company\" value=\"\" size=\"40\" class=\"wpcf7-form-control wpcf7-text wpcf7-validates-as-required\" aria-required=\"true\" aria-invalid=\"false\" \/><\/span> <\/label><\/p>\n<p><label> Email address:<br \/>\n    <span class=\"wpcf7-form-control-wrap your-email\"><input type=\"email\" name=\"your-email\" value=\"\" size=\"40\" class=\"wpcf7-form-control wpcf7-text wpcf7-email wpcf7-validates-as-required wpcf7-validates-as-email\" aria-required=\"true\" aria-invalid=\"false\" \/><\/span> <\/label><\/p>\n<p><label> Phone number:<br \/>\n    <span class=\"wpcf7-form-control-wrap your-number\"><input type=\"tel\" name=\"your-number\" value=\"\" size=\"40\" class=\"wpcf7-form-control wpcf7-text wpcf7-tel wpcf7-validates-as-tel\" aria-invalid=\"false\" \/><\/span> <\/label><\/p>\n<p><label> Message:<br \/>\n    <span class=\"wpcf7-form-control-wrap your-message\"><textarea name=\"your-message\" cols=\"40\" rows=\"10\" class=\"wpcf7-form-control wpcf7-textarea\" aria-invalid=\"false\"><\/textarea><\/span> <\/label><\/p>\n<p><span class=\"wpcf7-form-control-wrap acceptance\"><span class=\"wpcf7-form-control wpcf7-acceptance\"><span class=\"wpcf7-list-item\"><label><input type=\"checkbox\" name=\"acceptance\" value=\"1\" aria-invalid=\"false\" \/><span class=\"wpcf7-list-item-label\">I accept the Privacy Policy.<\/span><\/label><\/span><\/span><\/span><\/p>\n<p><input type=\"submit\" value=\"Send message\" class=\"wpcf7-form-control wpcf7-submit\" \/><\/p>\n<div class=\"wpcf7-response-output\" role=\"alert\" aria-hidden=\"true\"><\/div><\/form><\/div>[\/vc_column][\/vc_row][vc_row][vc_column][vc_empty_space height=&#8221;50px&#8221;][\/vc_column][\/vc_row]<\/p>\n","protected":false},"excerpt":{"rendered":"<p>[vc_row][vc_column width=&#8221;3\/12&#8243;][vc_custom_heading text=&#8221;Warehouse:&#8221; use_theme_fonts=&#8221;yes&#8221; el_class=&#8221;light-font&#8221;][vc_column_text]Stockholms Frihamn Magasin 6 (Warehouse 6) Frihamnsgatan 58 115 56 Stockholm At arrival please call +46 8 80 27 27[\/vc_column_text][vc_btn title=&#8221;Show map&#8221; style=&#8221;custom&#8221; custom_background=&#8221;#1e1e1e&#8221; custom_text=&#8221;#ffffff&#8221; shape=&#8221;square&#8221; link=&#8221;url:https%3A%2F%2Fwww.google.se%2Fmaps%2Fplace%2FFrihamnsgatan%2B58%2C%2B115%2B56%2BStockholm%2F%4059.3449177%2C18.1246043%2C17z%2Fdata%3D!3m1!4b1!4m5!3m4!1s0x465f82c9f0eb2551%3A0x4bf629eba4c96ae8!8m2!3d59.344915!4d18.126793|title:Opening%20Google%20maps|target:%20_blank|&#8221;][\/vc_column][vc_column width=&#8221;3\/12&#8243;][vc_custom_heading text=&#8221;Showroom:&#8221; use_theme_fonts=&#8221;yes&#8221; el_class=&#8221;light-font&#8221;][vc_column_text]Stockholms Frihamn Magasin 6, Entr\u00e9 3 Frihamnsgatan 58 115 56 Stockholm[\/vc_column_text][vc_btn title=&#8221;Show map&#8221; style=&#8221;custom&#8221; custom_background=&#8221;#1e1e1e&#8221; custom_text=&#8221;#ffffff&#8221; shape=&#8221;square&#8221; link=&#8221;url:https%3A%2F%2Fwww.google.se%2Fmaps%2Fplace%2FFrihamnsgatan%2B58%2C%2B115%2B56%2BStockholm%2F%4059.3449177%2C18.1246043%2C17z%2Fdata%3D!3m1!4b1!4m5!3m4!1s0x465f82c9f0eb2551%3A0x4bf629eba4c96ae8!8m2!3d59.344915!4d18.126793|title:Opening%20Google%20maps|target:%20_blank|&#8221;][\/vc_column][vc_column width=&#8221;2\/12&#8243;][vc_custom_heading text=&#8221;Sales:&#8221; use_theme_fonts=&#8221;yes&#8221;<\/p>\n","protected":false},"author":2,"featured_media":0,"parent":0,"menu_order":0,"comment_status":"closed","ping_status":"closed","template":"","meta":[],"yoast_head":"<!-- This site is optimized with the Yoast SEO plugin v14.7 - https:\/\/yoast.com\/wordpress\/plugins\/seo\/ -->\n<title>Kontakta oss p\u00e5 Blocho. Vi hj\u00e4lper dig att hitta det porslin du beh\u00f6ver.<\/title>\n<meta name=\"description\" content=\"Kontakta oss p\u00e5 Blocho. Vi hj\u00e4lper dig att hitta det porslin du beh\u00f6ver. Vi erbjuder ett sortiment av porslin som ska passa s\u00e5 m\u00e5nga som m\u00f6jligt.\" \/>\n<meta name=\"robots\" content=\"index, follow\" \/>\n<meta name=\"googlebot\" content=\"index, follow, max-snippet:-1, max-image-preview:large, max-video-preview:-1\" \/>\n<meta name=\"bingbot\" content=\"index, follow, max-snippet:-1, max-image-preview:large, max-video-preview:-1\" \/>\n<link rel=\"canonical\" href=\"https:\/\/blocho.se\/contact\/\" \/>\n<meta property=\"og:locale\" content=\"en_GB\" \/>\n<meta property=\"og:type\" content=\"article\" \/>\n<meta property=\"og:title\" content=\"Kontakta oss p\u00e5 Blocho. Vi hj\u00e4lper dig att hitta det porslin du beh\u00f6ver.\" \/>\n<meta property=\"og:description\" content=\"Kontakta oss p\u00e5 Blocho. Vi hj\u00e4lper dig att hitta det porslin du beh\u00f6ver. Vi erbjuder ett sortiment av porslin som ska passa s\u00e5 m\u00e5nga som m\u00f6jligt.\" \/>\n<meta property=\"og:url\" content=\"https:\/\/blocho.se\/contact\/\" \/>\n<meta property=\"og:site_name\" content=\"Blocho\" \/>\n<meta property=\"article:modified_time\" content=\"2024-05-24T10:18:11+00:00\" \/>\n<meta name=\"twitter:card\" content=\"summary_large_image\" \/>\n<script type=\"application\/ld+json\" class=\"yoast-schema-graph\">{\"@context\":\"https:\/\/schema.org\",\"@graph\":[{\"@type\":\"WebSite\",\"@id\":\"https:\/\/blocho.se\/en\/#website\",\"url\":\"https:\/\/blocho.se\/en\/\",\"name\":\"Blocho\",\"description\":\"\",\"potentialAction\":[{\"@type\":\"SearchAction\",\"target\":\"https:\/\/blocho.se\/en\/?s={search_term_string}\",\"query-input\":\"required name=search_term_string\"}],\"inLanguage\":\"en-GB\"},{\"@type\":\"WebPage\",\"@id\":\"https:\/\/blocho.se\/contact\/#webpage\",\"url\":\"https:\/\/blocho.se\/contact\/\",\"name\":\"Kontakta oss p\\u00e5 Blocho. Vi hj\\u00e4lper dig att hitta det porslin du beh\\u00f6ver.\",\"isPartOf\":{\"@id\":\"https:\/\/blocho.se\/en\/#website\"},\"datePublished\":\"2020-07-06T12:30:25+00:00\",\"dateModified\":\"2024-05-24T10:18:11+00:00\",\"description\":\"Kontakta oss p\\u00e5 Blocho. Vi hj\\u00e4lper dig att hitta det porslin du beh\\u00f6ver. Vi erbjuder ett sortiment av porslin som ska passa s\\u00e5 m\\u00e5nga som m\\u00f6jligt.\",\"inLanguage\":\"en-GB\",\"potentialAction\":[{\"@type\":\"ReadAction\",\"target\":[\"https:\/\/blocho.se\/contact\/\"]}]}]}<\/script>\n<!-- \/ Yoast SEO plugin. -->","_links":{"self":[{"href":"https:\/\/blocho.se\/en\/wp-json\/wp\/v2\/pages\/285"}],"collection":[{"href":"https:\/\/blocho.se\/en\/wp-json\/wp\/v2\/pages"}],"about":[{"href":"https:\/\/blocho.se\/en\/wp-json\/wp\/v2\/types\/page"}],"author":[{"embeddable":true,"href":"https:\/\/blocho.se\/en\/wp-json\/wp\/v2\/users\/2"}],"replies":[{"embeddable":true,"href":"https:\/\/blocho.se\/en\/wp-json\/wp\/v2\/comments?post=285"}],"version-history":[{"count":9,"href":"https:\/\/blocho.se\/en\/wp-json\/wp\/v2\/pages\/285\/revisions"}],"predecessor-version":[{"id":3623,"href":"https:\/\/blocho.se\/en\/wp-json\/wp\/v2\/pages\/285\/revisions\/3623"}],"wp:attachment":[{"href":"https:\/\/blocho.se\/en\/wp-json\/wp\/v2\/media?parent=285"}],"curies":[{"name":"wp","href":"https:\/\/api.w.org\/{rel}","templated":true}]}}