{"id":28,"date":"2020-06-03T13:08:52","date_gmt":"2020-06-03T11:08:52","guid":{"rendered":"https:\/\/blocho.se\/?page_id=28"},"modified":"2025-09-26T15:36:28","modified_gmt":"2025-09-26T13:36:28","slug":"strona-glowna","status":"publish","type":"page","link":"https:\/\/blocho.se\/en\/","title":{"rendered":"Home"},"content":{"rendered":"<p>[vc_row full_width=&#8221;stretch_row_content_no_spaces&#8221; css=&#8221;.vc_custom_1747404690603{padding-top: 300px !important;padding-bottom: 200px !important;background-image: url(https:\/\/blocho.se\/wp-content\/uploads\/2025\/05\/blocho_daisy_porcelain_1920x1200.png?id=3952) !important;background-position: center !important;background-repeat: no-repeat !important;background-size: cover !important;}&#8221;][vc_column][vc_row_inner el_class=&#8221;bg-transporent&#8221;][vc_column_inner][vc_custom_heading text=&#8221;Welcome!&#8221; font_container=&#8221;tag:h1|font_size:70|text_align:center&#8221; google_fonts=&#8221;font_family:Roboto%3A100%2C100italic%2C300%2C300italic%2Cregular%2Citalic%2C500%2C500italic%2C700%2C700italic%2C900%2C900italic|font_style:400%20regular%3A400%3Anormal&#8221; el_class=&#8221;title-top&#8221; link=&#8221;|||&#8221;][vc_custom_heading text=&#8221;Porcelain for restaurants, caf\u00e9es and hotels.&#8221; font_container=&#8221;tag:h4|text_align:center&#8221; google_fonts=&#8221;font_family:Roboto%3A100%2C100italic%2C300%2C300italic%2Cregular%2Citalic%2C500%2C500italic%2C700%2C700italic%2C900%2C900italic|font_style:300%20light%20regular%3A300%3Anormal&#8221; link=&#8221;|||&#8221;][\/vc_column_inner][\/vc_row_inner][\/vc_column][\/vc_row][vc_row][vc_column][vc_empty_space height=&#8221;50px&#8221;][vc_column_text el_class=&#8221;page-title-block text-center&#8221;]<\/p>\n<p class=\"bigger-page-title\">Our offer<\/p>\n<p class=\"page-title-line\">|<\/p>\n<p class=\"smaller-page-title\">Porcelain for restaurant, caf\u00e9, hotel and catering<\/p>\n<p>[\/vc_column_text][\/vc_column][\/vc_row][vc_row equal_height=&#8221;yes&#8221; el_class=&#8221;main-page-row&#8221;][vc_column]<div class=\"woocommerce columns-3\"><ul class=\"products columns-3\">\n<li class=\"product-category product first\">\n\t<a href=\"https:\/\/blocho.se\/en\/product-category\/flat-plates\/\"><img src=\"https:\/\/blocho.se\/wp-content\/uploads\/2020\/12\/erbjudande_flata_tallrikar.png\" alt=\"Flat plates\" width=\"300\" height=\"300\" srcset=\"https:\/\/blocho.se\/wp-content\/uploads\/2020\/12\/erbjudande_flata_tallrikar.png 270w, https:\/\/blocho.se\/wp-content\/uploads\/2020\/12\/erbjudande_flata_tallrikar-150x150.png 150w, https:\/\/blocho.se\/wp-content\/uploads\/2020\/12\/erbjudande_flata_tallrikar-100x100.png 100w, https:\/\/blocho.se\/wp-content\/uploads\/2020\/12\/erbjudande_flata_tallrikar-64x64.png 64w\" sizes=\"(max-width: 270px) 100vw, 270px\" \/>\t\t<h2 class=\"woocommerce-loop-category__title\">\n\t\t\tFlat plates <mark class=\"count\">(85)<\/mark>\t\t<\/h2>\n\t\t<div class=\"containter-btn-prod-category\"><span class=\"btn btn-prod-category\">See products<\/span><\/div><\/a><\/li>\n<li class=\"product-category product\">\n\t<a href=\"https:\/\/blocho.se\/en\/product-category\/djupa-tallrikar\/\"><img src=\"https:\/\/blocho.se\/wp-content\/uploads\/2020\/08\/erbjudande_djupa_tallrikar.png\" alt=\"Deep plates\" width=\"300\" height=\"300\" srcset=\"https:\/\/blocho.se\/wp-content\/uploads\/2020\/08\/erbjudande_djupa_tallrikar.png 270w, https:\/\/blocho.se\/wp-content\/uploads\/2020\/08\/erbjudande_djupa_tallrikar-100x100.png 100w, https:\/\/blocho.se\/wp-content\/uploads\/2020\/08\/erbjudande_djupa_tallrikar-64x64.png 64w, https:\/\/blocho.se\/wp-content\/uploads\/2020\/08\/erbjudande_djupa_tallrikar-150x150.png 150w\" sizes=\"(max-width: 270px) 100vw, 270px\" \/>\t\t<h2 class=\"woocommerce-loop-category__title\">\n\t\t\tDeep plates <mark class=\"count\">(32)<\/mark>\t\t<\/h2>\n\t\t<div class=\"containter-btn-prod-category\"><span class=\"btn btn-prod-category\">See products<\/span><\/div><\/a><\/li>\n<li class=\"product-category product last\">\n\t<a href=\"https:\/\/blocho.se\/en\/product-category\/skalar\/\"><img src=\"https:\/\/blocho.se\/wp-content\/uploads\/2020\/08\/erbjudande_skalar.png\" alt=\"Bowls\" width=\"300\" height=\"300\" srcset=\"https:\/\/blocho.se\/wp-content\/uploads\/2020\/08\/erbjudande_skalar.png 270w, https:\/\/blocho.se\/wp-content\/uploads\/2020\/08\/erbjudande_skalar-100x100.png 100w, https:\/\/blocho.se\/wp-content\/uploads\/2020\/08\/erbjudande_skalar-64x64.png 64w, https:\/\/blocho.se\/wp-content\/uploads\/2020\/08\/erbjudande_skalar-150x150.png 150w\" sizes=\"(max-width: 270px) 100vw, 270px\" \/>\t\t<h2 class=\"woocommerce-loop-category__title\">\n\t\t\tBowls <mark class=\"count\">(37)<\/mark>\t\t<\/h2>\n\t\t<div class=\"containter-btn-prod-category\"><span class=\"btn btn-prod-category\">See products<\/span><\/div><\/a><\/li>\n<\/ul>\n<\/div>[\/vc_column][\/vc_row][vc_row el_class=&#8221;d-none d-md-block&#8221;][vc_column][vc_empty_space height=&#8221;50&#8243;][\/vc_column][\/vc_row][vc_row equal_height=&#8221;yes&#8221; el_class=&#8221;main-page-row mobile-reverse-row&#8221; css=&#8221;.vc_custom_1595584482482{margin-bottom: 100px !important;}&#8221;][vc_column width=&#8221;2\/3&#8243; css=&#8221;.vc_custom_1595585847932{background-position: center !important;background-repeat: no-repeat !important;background-size: cover !important;}&#8221; el_class=&#8221;banner-column text-white&#8221;][vc_row_inner css=&#8221;.vc_custom_1758893782766{background-image: url(https:\/\/blocho.se\/wp-content\/uploads\/2025\/09\/loggat_blocho.png?id=4016) !important;background-position: center !important;background-repeat: no-repeat !important;background-size: cover !important;}&#8221;][vc_column_inner el_class=&#8221;banner-desktop&#8221;][vc_custom_heading text=&#8221;Porcelain&#8221; use_theme_fonts=&#8221;yes&#8221; el_class=&#8221;light-font&#8221;][vc_custom_heading text=&#8221;with own design&#8221; use_theme_fonts=&#8221;yes&#8221; el_class=&#8221;extrabold-font&#8221;][vc_custom_heading text=&#8221;Order porcelain with your own logo&#8221; font_container=&#8221;tag:p|font_size:21|text_align:left&#8221; use_theme_fonts=&#8221;yes&#8221;][vc_btn title=&#8221;Read more&#8221; style=&#8221;custom&#8221; custom_background=&#8221;#ffffff&#8221; custom_text=&#8221;#0a0a0a&#8221; el_class=&#8221;standard-button&#8221; link=&#8221;url:https%3A%2F%2Fblocho.se%2Fen%2Fpersonalization%2F|||&#8221;][\/vc_column_inner][\/vc_row_inner][vc_row_inner el_class=&#8221;banner-mobile&#8221;][vc_column_inner][vc_custom_heading text=&#8221;Porcelain&#8221; font_container=&#8221;tag:h2|text_align:center&#8221; use_theme_fonts=&#8221;yes&#8221; el_class=&#8221;light-font&#8221;][vc_custom_heading text=&#8221;with branding&#8221; font_container=&#8221;tag:h2|text_align:center&#8221; use_theme_fonts=&#8221;yes&#8221; el_class=&#8221;extrabold-font&#8221;][vc_custom_heading text=&#8221;Order porcelain with your logo&#8221; font_container=&#8221;tag:p|font_size:21|text_align:center&#8221; use_theme_fonts=&#8221;yes&#8221;][vc_btn title=&#8221;Read more&#8221; style=&#8221;custom&#8221; custom_background=&#8221;#ffffff&#8221; custom_text=&#8221;#0a0a0a&#8221; align=&#8221;center&#8221; el_class=&#8221;standard-button&#8221; link=&#8221;url:https%3A%2F%2Fblocho.se%2Fen%2Fpersonalization%2F|||&#8221;][vc_empty_space height=&#8221;20px&#8221;][\/vc_column_inner][\/vc_row_inner][\/vc_column][vc_column width=&#8221;1\/3&#8243;]<div class=\"woocommerce columns-1\"><ul class=\"products columns-1\">\n<li class=\"product-category product first\">\n\t<a href=\"https:\/\/blocho.se\/en\/product-category\/mugs-and-cups\/\"><img src=\"https:\/\/blocho.se\/wp-content\/uploads\/2020\/08\/erbjudande_muggar_koppar.png\" alt=\"Mugs and Cups\" width=\"300\" height=\"300\" srcset=\"https:\/\/blocho.se\/wp-content\/uploads\/2020\/08\/erbjudande_muggar_koppar.png 270w, https:\/\/blocho.se\/wp-content\/uploads\/2020\/08\/erbjudande_muggar_koppar-100x100.png 100w, https:\/\/blocho.se\/wp-content\/uploads\/2020\/08\/erbjudande_muggar_koppar-64x64.png 64w, https:\/\/blocho.se\/wp-content\/uploads\/2020\/08\/erbjudande_muggar_koppar-150x150.png 150w\" sizes=\"(max-width: 270px) 100vw, 270px\" \/>\t\t<h2 class=\"woocommerce-loop-category__title\">\n\t\t\tMugs and Cups <mark class=\"count\">(37)<\/mark>\t\t<\/h2>\n\t\t<div class=\"containter-btn-prod-category\"><span class=\"btn btn-prod-category\">See products<\/span><\/div><\/a><\/li>\n<\/ul>\n<\/div>[\/vc_column][\/vc_row][vc_row disable_element=&#8221;yes&#8221; el_class=&#8221;main-page-row&#8221; css=&#8221;.vc_custom_1594296388437{margin-bottom: 100px !important;}&#8221;][vc_column]<div class=\"woocommerce columns-3\"><ul class=\"products columns-3\">\n<li class=\"product-category product first\">\n\t<a href=\"https:\/\/blocho.se\/en\/product-category\/flat-plates\/\"><img src=\"https:\/\/blocho.se\/wp-content\/uploads\/2020\/12\/erbjudande_flata_tallrikar.png\" alt=\"Flat plates\" width=\"300\" height=\"300\" srcset=\"https:\/\/blocho.se\/wp-content\/uploads\/2020\/12\/erbjudande_flata_tallrikar.png 270w, https:\/\/blocho.se\/wp-content\/uploads\/2020\/12\/erbjudande_flata_tallrikar-150x150.png 150w, https:\/\/blocho.se\/wp-content\/uploads\/2020\/12\/erbjudande_flata_tallrikar-100x100.png 100w, https:\/\/blocho.se\/wp-content\/uploads\/2020\/12\/erbjudande_flata_tallrikar-64x64.png 64w\" sizes=\"(max-width: 270px) 100vw, 270px\" \/>\t\t<h2 class=\"woocommerce-loop-category__title\">\n\t\t\tFlat plates <mark class=\"count\">(85)<\/mark>\t\t<\/h2>\n\t\t<div class=\"containter-btn-prod-category\"><span class=\"btn btn-prod-category\">See products<\/span><\/div><\/a><\/li>\n<li class=\"product-category product\">\n\t<a href=\"https:\/\/blocho.se\/en\/product-category\/djupa-tallrikar\/\"><img src=\"https:\/\/blocho.se\/wp-content\/uploads\/2020\/08\/erbjudande_djupa_tallrikar.png\" alt=\"Deep plates\" width=\"300\" height=\"300\" srcset=\"https:\/\/blocho.se\/wp-content\/uploads\/2020\/08\/erbjudande_djupa_tallrikar.png 270w, https:\/\/blocho.se\/wp-content\/uploads\/2020\/08\/erbjudande_djupa_tallrikar-100x100.png 100w, https:\/\/blocho.se\/wp-content\/uploads\/2020\/08\/erbjudande_djupa_tallrikar-64x64.png 64w, https:\/\/blocho.se\/wp-content\/uploads\/2020\/08\/erbjudande_djupa_tallrikar-150x150.png 150w\" sizes=\"(max-width: 270px) 100vw, 270px\" \/>\t\t<h2 class=\"woocommerce-loop-category__title\">\n\t\t\tDeep plates <mark class=\"count\">(32)<\/mark>\t\t<\/h2>\n\t\t<div class=\"containter-btn-prod-category\"><span class=\"btn btn-prod-category\">See products<\/span><\/div><\/a><\/li>\n<li class=\"product-category product last\">\n\t<a href=\"https:\/\/blocho.se\/en\/product-category\/skalar\/\"><img src=\"https:\/\/blocho.se\/wp-content\/uploads\/2020\/08\/erbjudande_skalar.png\" alt=\"Bowls\" width=\"300\" height=\"300\" srcset=\"https:\/\/blocho.se\/wp-content\/uploads\/2020\/08\/erbjudande_skalar.png 270w, https:\/\/blocho.se\/wp-content\/uploads\/2020\/08\/erbjudande_skalar-100x100.png 100w, https:\/\/blocho.se\/wp-content\/uploads\/2020\/08\/erbjudande_skalar-64x64.png 64w, https:\/\/blocho.se\/wp-content\/uploads\/2020\/08\/erbjudande_skalar-150x150.png 150w\" sizes=\"(max-width: 270px) 100vw, 270px\" \/>\t\t<h2 class=\"woocommerce-loop-category__title\">\n\t\t\tBowls <mark class=\"count\">(37)<\/mark>\t\t<\/h2>\n\t\t<div class=\"containter-btn-prod-category\"><span class=\"btn btn-prod-category\">See products<\/span><\/div><\/a><\/li>\n<li class=\"product-category product first\">\n\t<a href=\"https:\/\/blocho.se\/en\/product-category\/mugs-and-cups\/\"><img src=\"https:\/\/blocho.se\/wp-content\/uploads\/2020\/08\/erbjudande_muggar_koppar.png\" alt=\"Mugs and Cups\" width=\"300\" height=\"300\" srcset=\"https:\/\/blocho.se\/wp-content\/uploads\/2020\/08\/erbjudande_muggar_koppar.png 270w, https:\/\/blocho.se\/wp-content\/uploads\/2020\/08\/erbjudande_muggar_koppar-100x100.png 100w, https:\/\/blocho.se\/wp-content\/uploads\/2020\/08\/erbjudande_muggar_koppar-64x64.png 64w, https:\/\/blocho.se\/wp-content\/uploads\/2020\/08\/erbjudande_muggar_koppar-150x150.png 150w\" sizes=\"(max-width: 270px) 100vw, 270px\" \/>\t\t<h2 class=\"woocommerce-loop-category__title\">\n\t\t\tMugs and Cups <mark class=\"count\">(37)<\/mark>\t\t<\/h2>\n\t\t<div class=\"containter-btn-prod-category\"><span class=\"btn btn-prod-category\">See products<\/span><\/div><\/a><\/li>\n<li class=\"product-category product\">\n\t<a href=\"https:\/\/blocho.se\/en\/product-category\/digital-print\/\"><img src=\"https:\/\/blocho.se\/wp-content\/uploads\/2023\/04\/1133Leaf2106KJ-300x300.png\" alt=\"Digital print\" width=\"300\" height=\"300\" srcset=\"https:\/\/blocho.se\/wp-content\/uploads\/2023\/04\/1133Leaf2106KJ-300x300.png 300w, https:\/\/blocho.se\/wp-content\/uploads\/2023\/04\/1133Leaf2106KJ-150x150.png 150w, https:\/\/blocho.se\/wp-content\/uploads\/2023\/04\/1133Leaf2106KJ-768x768.png 768w, https:\/\/blocho.se\/wp-content\/uploads\/2023\/04\/1133Leaf2106KJ-600x600.png 600w, https:\/\/blocho.se\/wp-content\/uploads\/2023\/04\/1133Leaf2106KJ-100x100.png 100w, https:\/\/blocho.se\/wp-content\/uploads\/2023\/04\/1133Leaf2106KJ-64x64.png 64w, https:\/\/blocho.se\/wp-content\/uploads\/2023\/04\/1133Leaf2106KJ.png 800w\" sizes=\"(max-width: 300px) 100vw, 300px\" \/>\t\t<h2 class=\"woocommerce-loop-category__title\">\n\t\t\tDigital print <mark class=\"count\">(13)<\/mark>\t\t<\/h2>\n\t\t<div class=\"containter-btn-prod-category\"><span class=\"btn btn-prod-category\">See products<\/span><\/div><\/a><\/li>\n<li class=\"product-category product last\">\n\t<a href=\"https:\/\/blocho.se\/en\/product-category\/ovrigt\/\"><img src=\"https:\/\/blocho.se\/wp-content\/uploads\/2025\/10\/2204-300x300.png\" alt=\"Various products\" width=\"300\" height=\"300\" srcset=\"https:\/\/blocho.se\/wp-content\/uploads\/2025\/10\/2204-300x300.png 300w, https:\/\/blocho.se\/wp-content\/uploads\/2025\/10\/2204-150x150.png 150w, https:\/\/blocho.se\/wp-content\/uploads\/2025\/10\/2204-768x768.png 768w, https:\/\/blocho.se\/wp-content\/uploads\/2025\/10\/2204-600x600.png 600w, https:\/\/blocho.se\/wp-content\/uploads\/2025\/10\/2204-100x100.png 100w, https:\/\/blocho.se\/wp-content\/uploads\/2025\/10\/2204-64x64.png 64w, https:\/\/blocho.se\/wp-content\/uploads\/2025\/10\/2204.png 800w\" sizes=\"(max-width: 300px) 100vw, 300px\" \/>\t\t<h2 class=\"woocommerce-loop-category__title\">\n\t\t\tVarious products <mark class=\"count\">(5)<\/mark>\t\t<\/h2>\n\t\t<div class=\"containter-btn-prod-category\"><span class=\"btn btn-prod-category\">See products<\/span><\/div><\/a><\/li>\n<\/ul>\n<\/div>[\/vc_column][\/vc_row][vc_row full_width=&#8221;stretch_row&#8221; el_class=&#8221;line-before-section&#8221;][vc_column][vc_column_text el_class=&#8221;page-title-block text-center&#8221;]<\/p>\n<p class=\"bigger-page-title\">Concepts<\/p>\n<p class=\"page-title-line\">|<\/p>\n<p class=\"smaller-page-title\">Porcelain for different environments and occasions<\/p>\n<p>[\/vc_column_text][\/vc_column][\/vc_row][vc_row][vc_column][vc_basic_grid post_type=&#8221;concepts&#8221; max_items=&#8221;4&#8243; element_width=&#8221;3&#8243; item=&#8221;579&#8243; grid_id=&#8221;vc_gid:1758893759590-477cb927-7798-4&#8243; el_class=&#8221;custom-concepts-row&#8221;][vc_btn title=&#8221;Show all concepts&#8221; style=&#8221;outline-custom&#8221; outline_custom_color=&#8221;#0a0a0a&#8221; outline_custom_hover_background=&#8221;#0a0a0a&#8221; outline_custom_hover_text=&#8221;#ffffff&#8221; shape=&#8221;square&#8221; align=&#8221;center&#8221; link=&#8221;url:https%3A%2F%2Fblocho.se%2Fen%2Fconcepts%2F|title:Concepts||&#8221; el_class=&#8221;border-btn&#8221;][vc_empty_space height=&#8221;50px&#8221;][\/vc_column][\/vc_row][vc_row full_width=&#8221;stretch_row&#8221; content_placement=&#8221;middle&#8221; css=&#8221;.vc_custom_1595950398020{background-image: url(https:\/\/blocho.se\/wp-content\/uploads\/2020\/06\/Rectangle-13-1.png?id=77) !important;background-position: center !important;background-repeat: no-repeat !important;background-size: cover !important;}&#8221; el_class=&#8221;custom-reference-section&#8221;][vc_column el_class=&#8221;text-white&#8221;][vc_custom_heading text=&#8221;&#8221; font_container=&#8221;tag:h3|text_align:center&#8221; use_theme_fonts=&#8221;yes&#8221;][\/vc_column][\/vc_row]<\/p>\n","protected":false},"excerpt":{"rendered":"<p>[vc_row full_width=&#8221;stretch_row_content_no_spaces&#8221; css=&#8221;.vc_custom_1747404690603{padding-top: 300px !important;padding-bottom: 200px !important;background-image: url(https:\/\/blocho.se\/wp-content\/uploads\/2025\/05\/blocho_daisy_porcelain_1920x1200.png?id=3952) !important;background-position: center !important;background-repeat: no-repeat !important;background-size: cover !important;}&#8221;][vc_column][vc_row_inner el_class=&#8221;bg-transporent&#8221;][vc_column_inner][vc_custom_heading text=&#8221;Welcome!&#8221; font_container=&#8221;tag:h1|font_size:70|text_align:center&#8221; google_fonts=&#8221;font_family:Roboto%3A100%2C100italic%2C300%2C300italic%2Cregular%2Citalic%2C500%2C500italic%2C700%2C700italic%2C900%2C900italic|font_style:400%20regular%3A400%3Anormal&#8221; el_class=&#8221;title-top&#8221; link=&#8221;|||&#8221;][vc_custom_heading text=&#8221;Porcelain for restaurants, caf\u00e9es and hotels.&#8221; font_container=&#8221;tag:h4|text_align:center&#8221; google_fonts=&#8221;font_family:Roboto%3A100%2C100italic%2C300%2C300italic%2Cregular%2Citalic%2C500%2C500italic%2C700%2C700italic%2C900%2C900italic|font_style:300%20light%20regular%3A300%3Anormal&#8221; link=&#8221;|||&#8221;][\/vc_column_inner][\/vc_row_inner][\/vc_column][\/vc_row][vc_row][vc_column][vc_empty_space height=&#8221;50px&#8221;][vc_column_text el_class=&#8221;page-title-block text-center&#8221;] Our offer | Porcelain for restaurant, caf\u00e9, hotel and catering [\/vc_column_text][\/vc_column][\/vc_row][vc_row equal_height=&#8221;yes&#8221; el_class=&#8221;main-page-row&#8221;][vc_column][\/vc_column][\/vc_row][vc_row el_class=&#8221;d-none d-md-block&#8221;][vc_column][vc_empty_space height=&#8221;50&#8243;][\/vc_column][\/vc_row][vc_row equal_height=&#8221;yes&#8221; el_class=&#8221;main-page-row mobile-reverse-row&#8221; css=&#8221;.vc_custom_1595584482482{margin-bottom: 100px !important;}&#8221;][vc_column<\/p>\n","protected":false},"author":2,"featured_media":0,"parent":0,"menu_order":0,"comment_status":"closed","ping_status":"closed","template":"","meta":[],"yoast_head":"<!-- This site is optimized with the Yoast SEO plugin v14.7 - https:\/\/yoast.com\/wordpress\/plugins\/seo\/ -->\n<title>Porslin till restauranger, caf\u00e9er, hotell och stork\u00f6k. Prisv\u00e4rt porslin.<\/title>\n<meta name=\"description\" content=\"Porslin till restauranger, caf\u00e9er, hotell och stork\u00f6k. Vi erbjuder ett sortiment av porslin som ska passa s\u00e5 m\u00e5nga som m\u00f6jligt. Hos oss hittar du prisv\u00e4rda produkter med h\u00f6g kvalitet och snygg design.\" \/>\n<meta name=\"robots\" content=\"index, follow\" \/>\n<meta name=\"googlebot\" content=\"index, follow, max-snippet:-1, max-image-preview:large, max-video-preview:-1\" \/>\n<meta name=\"bingbot\" content=\"index, follow, max-snippet:-1, max-image-preview:large, max-video-preview:-1\" \/>\n<link rel=\"canonical\" href=\"https:\/\/blocho.se\/en\/\" \/>\n<meta property=\"og:locale\" content=\"en_GB\" \/>\n<meta property=\"og:type\" content=\"article\" \/>\n<meta property=\"og:title\" content=\"Porslin till restauranger, caf\u00e9er, hotell och stork\u00f6k. Prisv\u00e4rt porslin.\" \/>\n<meta property=\"og:description\" content=\"Porslin till restauranger, caf\u00e9er, hotell och stork\u00f6k. Vi erbjuder ett sortiment av porslin som ska passa s\u00e5 m\u00e5nga som m\u00f6jligt. Hos oss hittar du prisv\u00e4rda produkter med h\u00f6g kvalitet och snygg design.\" \/>\n<meta property=\"og:url\" content=\"https:\/\/blocho.se\/en\/\" \/>\n<meta property=\"og:site_name\" content=\"Blocho\" \/>\n<meta property=\"article:modified_time\" content=\"2025-09-26T13:36:28+00:00\" \/>\n<meta name=\"twitter:card\" content=\"summary_large_image\" \/>\n<script type=\"application\/ld+json\" class=\"yoast-schema-graph\">{\"@context\":\"https:\/\/schema.org\",\"@graph\":[{\"@type\":\"WebSite\",\"@id\":\"https:\/\/blocho.se\/en\/#website\",\"url\":\"https:\/\/blocho.se\/en\/\",\"name\":\"Blocho\",\"description\":\"\",\"potentialAction\":[{\"@type\":\"SearchAction\",\"target\":\"https:\/\/blocho.se\/en\/?s={search_term_string}\",\"query-input\":\"required name=search_term_string\"}],\"inLanguage\":\"en-GB\"},{\"@type\":\"WebPage\",\"@id\":\"https:\/\/blocho.se\/en\/#webpage\",\"url\":\"https:\/\/blocho.se\/en\/\",\"name\":\"Porslin till restauranger, caf\\u00e9er, hotell och stork\\u00f6k. Prisv\\u00e4rt porslin.\",\"isPartOf\":{\"@id\":\"https:\/\/blocho.se\/en\/#website\"},\"datePublished\":\"2020-06-03T11:08:52+00:00\",\"dateModified\":\"2025-09-26T13:36:28+00:00\",\"description\":\"Porslin till restauranger, caf\\u00e9er, hotell och stork\\u00f6k. Vi erbjuder ett sortiment av porslin som ska passa s\\u00e5 m\\u00e5nga som m\\u00f6jligt. Hos oss hittar du prisv\\u00e4rda produkter med h\\u00f6g kvalitet och snygg design.\",\"inLanguage\":\"en-GB\",\"potentialAction\":[{\"@type\":\"ReadAction\",\"target\":[\"https:\/\/blocho.se\/en\/\"]}]}]}<\/script>\n<!-- \/ Yoast SEO plugin. -->","_links":{"self":[{"href":"https:\/\/blocho.se\/en\/wp-json\/wp\/v2\/pages\/28"}],"collection":[{"href":"https:\/\/blocho.se\/en\/wp-json\/wp\/v2\/pages"}],"about":[{"href":"https:\/\/blocho.se\/en\/wp-json\/wp\/v2\/types\/page"}],"author":[{"embeddable":true,"href":"https:\/\/blocho.se\/en\/wp-json\/wp\/v2\/users\/2"}],"replies":[{"embeddable":true,"href":"https:\/\/blocho.se\/en\/wp-json\/wp\/v2\/comments?post=28"}],"version-history":[{"count":78,"href":"https:\/\/blocho.se\/en\/wp-json\/wp\/v2\/pages\/28\/revisions"}],"predecessor-version":[{"id":4018,"href":"https:\/\/blocho.se\/en\/wp-json\/wp\/v2\/pages\/28\/revisions\/4018"}],"wp:attachment":[{"href":"https:\/\/blocho.se\/en\/wp-json\/wp\/v2\/media?parent=28"}],"curies":[{"name":"wp","href":"https:\/\/api.w.org\/{rel}","templated":true}]}}