{"id":152,"date":"2020-06-25T16:56:22","date_gmt":"2020-06-25T14:56:22","guid":{"rendered":"https:\/\/blocho.se\/?page_id=152"},"modified":"2021-01-06T15:18:58","modified_gmt":"2021-01-06T14:18:58","slug":"concepts","status":"publish","type":"page","link":"https:\/\/blocho.se\/en\/concepts\/","title":{"rendered":"Concepts"},"content":{"rendered":"<p>[vc_section][vc_row][vc_column width=&#8221;1\/4&#8243;][\/vc_column][vc_column width=&#8221;1\/2&#8243;][vc_column_text]Here we have selected articles that we think are suitable for different environments and occasions. Suggestions that can make the choice easier for you. Of course you can mix as you like.[\/vc_column_text][\/vc_column][vc_column width=&#8221;1\/4&#8243;][\/vc_column][\/vc_row][\/vc_section][vc_row][vc_column][vc_basic_grid post_type=&#8221;concepts&#8221; max_items=&#8221;1000&#8243; element_width=&#8221;3&#8243; item=&#8221;579&#8243; grid_id=&#8221;vc_gid:1597851066986-2d0766f9-a1ca-5&#8243; el_class=&#8221;custom-concepts-row&#8221;][\/vc_column][\/vc_row]<\/p>\n","protected":false},"excerpt":{"rendered":"<p>[vc_section][vc_row][vc_column width=&#8221;1\/4&#8243;][\/vc_column][vc_column width=&#8221;1\/2&#8243;][vc_column_text]Here we have selected articles that we think are suitable for different environments and occasions. Suggestions that can make the choice easier for you. Of course you can mix as you like.[\/vc_column_text][\/vc_column][vc_column width=&#8221;1\/4&#8243;][\/vc_column][\/vc_row][\/vc_section][vc_row][vc_column][vc_basic_grid post_type=&#8221;concepts&#8221; max_items=&#8221;1000&#8243; element_width=&#8221;3&#8243; item=&#8221;579&#8243; grid_id=&#8221;vc_gid:1597851066986-2d0766f9-a1ca-5&#8243; el_class=&#8221;custom-concepts-row&#8221;][\/vc_column][\/vc_row]<\/p>\n","protected":false},"author":2,"featured_media":0,"parent":0,"menu_order":0,"comment_status":"closed","ping_status":"closed","template":"","meta":[],"yoast_head":"<!-- This site is optimized with the Yoast SEO plugin v14.7 - https:\/\/yoast.com\/wordpress\/plugins\/seo\/ -->\n<title>Koncept med utvalda artiklar. F\u00f6rslag som kan g\u00f6ra valet enklare f\u00f6r dig.<\/title>\n<meta name=\"description\" content=\"Koncept med utvalda artiklar. H\u00e4r har vi valt ut artiklar som vi tycker passar extra bra till olika milj\u00f6er och tillf\u00e4llen. F\u00f6rslag som kan g\u00f6ra valet enklare f\u00f6r dig. Sj\u00e4lvklart kan du mixa hur du sj\u00e4lv vill. Prisv\u00e4rt porslin av h\u00f6g kvalitet. Tallrikar, muggar, sk\u00e5lar, koppar med fat.\" \/>\n<meta name=\"robots\" content=\"index, follow\" \/>\n<meta name=\"googlebot\" content=\"index, follow, max-snippet:-1, max-image-preview:large, max-video-preview:-1\" \/>\n<meta name=\"bingbot\" content=\"index, follow, max-snippet:-1, max-image-preview:large, max-video-preview:-1\" \/>\n<link rel=\"canonical\" href=\"https:\/\/blocho.se\/concepts\/\" \/>\n<meta property=\"og:locale\" content=\"en_GB\" \/>\n<meta property=\"og:type\" content=\"article\" \/>\n<meta property=\"og:title\" content=\"Koncept med utvalda artiklar. F\u00f6rslag som kan g\u00f6ra valet enklare f\u00f6r dig.\" \/>\n<meta property=\"og:description\" content=\"Koncept med utvalda artiklar. H\u00e4r har vi valt ut artiklar som vi tycker passar extra bra till olika milj\u00f6er och tillf\u00e4llen. F\u00f6rslag som kan g\u00f6ra valet enklare f\u00f6r dig. Sj\u00e4lvklart kan du mixa hur du sj\u00e4lv vill. Prisv\u00e4rt porslin av h\u00f6g kvalitet. Tallrikar, muggar, sk\u00e5lar, koppar med fat.\" \/>\n<meta property=\"og:url\" content=\"https:\/\/blocho.se\/concepts\/\" \/>\n<meta property=\"og:site_name\" content=\"Blocho\" \/>\n<meta property=\"article:modified_time\" content=\"2021-01-06T14:18:58+00:00\" \/>\n<meta name=\"twitter:card\" content=\"summary_large_image\" \/>\n<script type=\"application\/ld+json\" class=\"yoast-schema-graph\">{\"@context\":\"https:\/\/schema.org\",\"@graph\":[{\"@type\":\"WebSite\",\"@id\":\"https:\/\/blocho.se\/en\/#website\",\"url\":\"https:\/\/blocho.se\/en\/\",\"name\":\"Blocho\",\"description\":\"\",\"potentialAction\":[{\"@type\":\"SearchAction\",\"target\":\"https:\/\/blocho.se\/en\/?s={search_term_string}\",\"query-input\":\"required name=search_term_string\"}],\"inLanguage\":\"en-GB\"},{\"@type\":\"WebPage\",\"@id\":\"https:\/\/blocho.se\/concepts\/#webpage\",\"url\":\"https:\/\/blocho.se\/concepts\/\",\"name\":\"Koncept med utvalda artiklar. F\\u00f6rslag som kan g\\u00f6ra valet enklare f\\u00f6r dig.\",\"isPartOf\":{\"@id\":\"https:\/\/blocho.se\/en\/#website\"},\"datePublished\":\"2020-06-25T14:56:22+00:00\",\"dateModified\":\"2021-01-06T14:18:58+00:00\",\"description\":\"Koncept med utvalda artiklar. H\\u00e4r har vi valt ut artiklar som vi tycker passar extra bra till olika milj\\u00f6er och tillf\\u00e4llen. F\\u00f6rslag som kan g\\u00f6ra valet enklare f\\u00f6r dig. Sj\\u00e4lvklart kan du mixa hur du sj\\u00e4lv vill. Prisv\\u00e4rt porslin av h\\u00f6g kvalitet. Tallrikar, muggar, sk\\u00e5lar, koppar med fat.\",\"inLanguage\":\"en-GB\",\"potentialAction\":[{\"@type\":\"ReadAction\",\"target\":[\"https:\/\/blocho.se\/concepts\/\"]}]}]}<\/script>\n<!-- \/ Yoast SEO plugin. -->","_links":{"self":[{"href":"https:\/\/blocho.se\/en\/wp-json\/wp\/v2\/pages\/152"}],"collection":[{"href":"https:\/\/blocho.se\/en\/wp-json\/wp\/v2\/pages"}],"about":[{"href":"https:\/\/blocho.se\/en\/wp-json\/wp\/v2\/types\/page"}],"author":[{"embeddable":true,"href":"https:\/\/blocho.se\/en\/wp-json\/wp\/v2\/users\/2"}],"replies":[{"embeddable":true,"href":"https:\/\/blocho.se\/en\/wp-json\/wp\/v2\/comments?post=152"}],"version-history":[{"count":1,"href":"https:\/\/blocho.se\/en\/wp-json\/wp\/v2\/pages\/152\/revisions"}],"predecessor-version":[{"id":1870,"href":"https:\/\/blocho.se\/en\/wp-json\/wp\/v2\/pages\/152\/revisions\/1870"}],"wp:attachment":[{"href":"https:\/\/blocho.se\/en\/wp-json\/wp\/v2\/media?parent=152"}],"curies":[{"name":"wp","href":"https:\/\/api.w.org\/{rel}","templated":true}]}}